{"id":1901,"date":"2018-09-26T11:05:18","date_gmt":"2018-09-26T11:05:18","guid":{"rendered":"https:\/\/josedemora.com\/producto\/vernazza\/"},"modified":"2025-06-04T11:22:30","modified_gmt":"2025-06-04T11:22:30","slug":"vernazza","status":"publish","type":"product","link":"https:\/\/josedemora.com\/fr\/magasin\/chaussures-pour-hommes\/chaussures-de-luxe-pour-hommes\/chaussures-blucher-faites-a-la-main\/vernazza\/","title":{"rendered":"VERNAZZA"},"content":{"rendered":"<p>Chaussure en cuir gaufr\u00e9 vert fonc\u00e9, enti\u00e8rement doubl\u00e9e en cuir de vachette, avec une semelle en cuir et fabriqu\u00e9e selon le proc\u00e9d\u00e9 de couture GoodYear. Forme confortable avec une apparence allong\u00e9e.<\/p>","protected":false},"excerpt":{"rendered":"<p>Chaussure en cuir gaufr\u00e9 vert fonc\u00e9, enti\u00e8rement doubl\u00e9e de cuir de vachette, avec semelle en cuir et fabriqu\u00e9e selon une [\u2026]<\/p>","protected":false},"featured_media":1898,"comment_status":"open","ping_status":"closed","template":"","meta":{"_acf_changed":false,"site-sidebar-layout":"default","site-content-layout":"","ast-site-content-layout":"default","site-content-style":"default","site-sidebar-style":"default","ast-global-header-display":"","ast-banner-title-visibility":"","ast-main-header-display":"","ast-hfb-above-header-display":"","ast-hfb-below-header-display":"","ast-hfb-mobile-header-display":"","site-post-title":"","ast-breadcrumbs-content":"","ast-featured-img":"","footer-sml-layout":"","theme-transparent-header-meta":"default","adv-header-id-meta":"","stick-header-meta":"","header-above-stick-meta":"","header-main-stick-meta":"","header-below-stick-meta":"","astra-migrate-meta-layouts":"set","ast-page-background-enabled":"default","ast-page-background-meta":{"desktop":{"background-color":"var(--ast-global-color-5)","background-image":"","background-repeat":"repeat","background-position":"center center","background-size":"auto","background-attachment":"scroll","background-type":"","background-media":"","overlay-type":"","overlay-color":"","overlay-opacity":"","overlay-gradient":""},"tablet":{"background-color":"","background-image":"","background-repeat":"repeat","background-position":"center center","background-size":"auto","background-attachment":"scroll","background-type":"","background-media":"","overlay-type":"","overlay-color":"","overlay-opacity":"","overlay-gradient":""},"mobile":{"background-color":"","background-image":"","background-repeat":"repeat","background-position":"center center","background-size":"auto","background-attachment":"scroll","background-type":"","background-media":"","overlay-type":"","overlay-color":"","overlay-opacity":"","overlay-gradient":""}},"ast-content-background-meta":{"desktop":{"background-color":"var(--ast-global-color-4)","background-image":"","background-repeat":"repeat","background-position":"center center","background-size":"auto","background-attachment":"scroll","background-type":"","background-media":"","overlay-type":"","overlay-color":"","overlay-opacity":"","overlay-gradient":""},"tablet":{"background-color":"var(--ast-global-color-4)","background-image":"","background-repeat":"repeat","background-position":"center center","background-size":"auto","background-attachment":"scroll","background-type":"","background-media":"","overlay-type":"","overlay-color":"","overlay-opacity":"","overlay-gradient":""},"mobile":{"background-color":"var(--ast-global-color-4)","background-image":"","background-repeat":"repeat","background-position":"center center","background-size":"auto","background-attachment":"scroll","background-type":"","background-media":"","overlay-type":"","overlay-color":"","overlay-opacity":"","overlay-gradient":""}}},"product_cat":[17,113,104],"product_tag":[],"class_list":{"0":"post-1901","1":"product","2":"type-product","3":"status-publish","4":"has-post-thumbnail","6":"product_cat-calzado-hombre","7":"product_cat-zapatos-artesanales-blucher","8":"product_cat-zapatos-de-lujo-hombre","9":"pa_tallahombre-82","10":"pa_tallahombre-83","11":"pa_tallahombre-84","12":"pa_tallahombre-85","13":"pa_tallahombre-86","14":"pa_tallahombre-87","15":"pa_tallahombre-88","16":"pa_tallahombre-89","17":"pa_tallahombre-90","18":"pa_tallahombre-91","19":"pa_tallahombre-92","20":"yith_product_brand-jose-de-mora","21":"desktop-align-left","22":"tablet-align-left","23":"mobile-align-left","25":"first","26":"instock","27":"taxable","28":"shipping-taxable","29":"purchasable","30":"product-type-variable"},"acf":[],"yoast_head":"<!-- This site is optimized with the Yoast SEO Premium plugin v23.5 (Yoast SEO v24.1) - https:\/\/yoast.com\/wordpress\/plugins\/seo\/ -->\n<title>VERNAZZA - Jos\u00e9 de Mora<\/title>\n<meta name=\"robots\" content=\"index, follow, max-snippet:-1, max-image-preview:large, max-video-preview:-1\" \/>\n<link rel=\"canonical\" href=\"https:\/\/josedemora.com\/fr\/magasin\/chaussures-pour-hommes\/chaussures-de-luxe-pour-hommes\/chaussures-blucher-faites-a-la-main\/vernazza\/\" \/>\n<meta property=\"og:locale\" content=\"fr_FR\" \/>\n<meta property=\"og:type\" content=\"article\" \/>\n<meta property=\"og:title\" content=\"VERNAZZA\" \/>\n<meta property=\"og:description\" content=\"Zapato realizado en piel grabada verde oscuro, forrado completo en piel vacuno, con suela de cuero y fabricado mediante proceso [&hellip;]\" \/>\n<meta property=\"og:url\" content=\"https:\/\/josedemora.com\/fr\/magasin\/chaussures-pour-hommes\/chaussures-de-luxe-pour-hommes\/chaussures-blucher-faites-a-la-main\/vernazza\/\" \/>\n<meta property=\"og:site_name\" content=\"Jos\u00e9 de Mora\" \/>\n<meta property=\"article:modified_time\" content=\"2025-06-04T11:22:30+00:00\" \/>\n<meta property=\"og:image\" content=\"https:\/\/josedemora.com\/wp-content\/uploads\/2018\/09\/DSC_0418-scaled.jpg\" \/>\n\t<meta property=\"og:image:width\" content=\"2560\" \/>\n\t<meta property=\"og:image:height\" content=\"1702\" \/>\n\t<meta property=\"og:image:type\" content=\"image\/jpeg\" \/>\n<meta name=\"twitter:card\" content=\"summary_large_image\" \/>\n<meta name=\"twitter:label1\" content=\"Dur\u00e9e de lecture estim\u00e9e\" \/>\n\t<meta name=\"twitter:data1\" content=\"1 minute\" \/>\n<script type=\"application\/ld+json\" class=\"yoast-schema-graph\">{\"@context\":\"https:\/\/schema.org\",\"@graph\":[{\"@type\":\"WebPage\",\"@id\":\"https:\/\/josedemora.com\/tienda\/calzado-hombre\/zapatos-de-lujo-hombre\/zapatos-artesanales-blucher\/vernazza\/\",\"url\":\"https:\/\/josedemora.com\/tienda\/calzado-hombre\/zapatos-de-lujo-hombre\/zapatos-artesanales-blucher\/vernazza\/\",\"name\":\"VERNAZZA - Jos\u00e9 de Mora\",\"isPartOf\":{\"@id\":\"https:\/\/josedemora.com\/#website\"},\"primaryImageOfPage\":{\"@id\":\"https:\/\/josedemora.com\/tienda\/calzado-hombre\/zapatos-de-lujo-hombre\/zapatos-artesanales-blucher\/vernazza\/#primaryimage\"},\"image\":{\"@id\":\"https:\/\/josedemora.com\/tienda\/calzado-hombre\/zapatos-de-lujo-hombre\/zapatos-artesanales-blucher\/vernazza\/#primaryimage\"},\"thumbnailUrl\":\"https:\/\/josedemora.com\/wp-content\/uploads\/2018\/09\/DSC_0418-scaled.jpg\",\"datePublished\":\"2018-09-26T11:05:18+00:00\",\"dateModified\":\"2025-06-04T11:22:30+00:00\",\"breadcrumb\":{\"@id\":\"https:\/\/josedemora.com\/tienda\/calzado-hombre\/zapatos-de-lujo-hombre\/zapatos-artesanales-blucher\/vernazza\/#breadcrumb\"},\"inLanguage\":\"fr-FR\",\"potentialAction\":[{\"@type\":\"ReadAction\",\"target\":[\"https:\/\/josedemora.com\/tienda\/calzado-hombre\/zapatos-de-lujo-hombre\/zapatos-artesanales-blucher\/vernazza\/\"]}]},{\"@type\":\"ImageObject\",\"inLanguage\":\"fr-FR\",\"@id\":\"https:\/\/josedemora.com\/tienda\/calzado-hombre\/zapatos-de-lujo-hombre\/zapatos-artesanales-blucher\/vernazza\/#primaryimage\",\"url\":\"https:\/\/josedemora.com\/wp-content\/uploads\/2018\/09\/DSC_0418-scaled.jpg\",\"contentUrl\":\"https:\/\/josedemora.com\/wp-content\/uploads\/2018\/09\/DSC_0418-scaled.jpg\",\"width\":2560,\"height\":1702},{\"@type\":\"BreadcrumbList\",\"@id\":\"https:\/\/josedemora.com\/tienda\/calzado-hombre\/zapatos-de-lujo-hombre\/zapatos-artesanales-blucher\/vernazza\/#breadcrumb\",\"itemListElement\":[{\"@type\":\"ListItem\",\"position\":1,\"name\":\"Portada\",\"item\":\"https:\/\/josedemora.com\/\"},{\"@type\":\"ListItem\",\"position\":2,\"name\":\"Tienda\",\"item\":\"https:\/\/josedemora.com\/es\/tienda\/\"},{\"@type\":\"ListItem\",\"position\":3,\"name\":\"VERNAZZA\"}]},{\"@type\":\"WebSite\",\"@id\":\"https:\/\/josedemora.com\/#website\",\"url\":\"https:\/\/josedemora.com\/\",\"name\":\"Jos\u00e9 de Mora\",\"description\":\"\",\"potentialAction\":[{\"@type\":\"SearchAction\",\"target\":{\"@type\":\"EntryPoint\",\"urlTemplate\":\"https:\/\/josedemora.com\/?s={search_term_string}\"},\"query-input\":{\"@type\":\"PropertyValueSpecification\",\"valueRequired\":true,\"valueName\":\"search_term_string\"}}],\"inLanguage\":\"fr-FR\"}]}<\/script>\n<!-- \/ Yoast SEO Premium plugin. -->","yoast_head_json":{"title":"VERNAZZA - Jos\u00e9 de Mora","robots":{"index":"index","follow":"follow","max-snippet":"max-snippet:-1","max-image-preview":"max-image-preview:large","max-video-preview":"max-video-preview:-1"},"canonical":"https:\/\/josedemora.com\/fr\/magasin\/chaussures-pour-hommes\/chaussures-de-luxe-pour-hommes\/chaussures-blucher-faites-a-la-main\/vernazza\/","og_locale":"fr_FR","og_type":"article","og_title":"VERNAZZA","og_description":"Zapato realizado en piel grabada verde oscuro, forrado completo en piel vacuno, con suela de cuero y fabricado mediante proceso [&hellip;]","og_url":"https:\/\/josedemora.com\/fr\/magasin\/chaussures-pour-hommes\/chaussures-de-luxe-pour-hommes\/chaussures-blucher-faites-a-la-main\/vernazza\/","og_site_name":"Jos\u00e9 de Mora","article_modified_time":"2025-06-04T11:22:30+00:00","og_image":[{"width":2560,"height":1702,"url":"https:\/\/josedemora.com\/wp-content\/uploads\/2018\/09\/DSC_0418-scaled.jpg","type":"image\/jpeg"}],"twitter_card":"summary_large_image","twitter_misc":{"Dur\u00e9e de lecture estim\u00e9e":"1 minute"},"schema":{"@context":"https:\/\/schema.org","@graph":[{"@type":"WebPage","@id":"https:\/\/josedemora.com\/tienda\/calzado-hombre\/zapatos-de-lujo-hombre\/zapatos-artesanales-blucher\/vernazza\/","url":"https:\/\/josedemora.com\/tienda\/calzado-hombre\/zapatos-de-lujo-hombre\/zapatos-artesanales-blucher\/vernazza\/","name":"VERNAZZA - Jos\u00e9 de Mora","isPartOf":{"@id":"https:\/\/josedemora.com\/#website"},"primaryImageOfPage":{"@id":"https:\/\/josedemora.com\/tienda\/calzado-hombre\/zapatos-de-lujo-hombre\/zapatos-artesanales-blucher\/vernazza\/#primaryimage"},"image":{"@id":"https:\/\/josedemora.com\/tienda\/calzado-hombre\/zapatos-de-lujo-hombre\/zapatos-artesanales-blucher\/vernazza\/#primaryimage"},"thumbnailUrl":"https:\/\/josedemora.com\/wp-content\/uploads\/2018\/09\/DSC_0418-scaled.jpg","datePublished":"2018-09-26T11:05:18+00:00","dateModified":"2025-06-04T11:22:30+00:00","breadcrumb":{"@id":"https:\/\/josedemora.com\/tienda\/calzado-hombre\/zapatos-de-lujo-hombre\/zapatos-artesanales-blucher\/vernazza\/#breadcrumb"},"inLanguage":"fr-FR","potentialAction":[{"@type":"ReadAction","target":["https:\/\/josedemora.com\/tienda\/calzado-hombre\/zapatos-de-lujo-hombre\/zapatos-artesanales-blucher\/vernazza\/"]}]},{"@type":"ImageObject","inLanguage":"fr-FR","@id":"https:\/\/josedemora.com\/tienda\/calzado-hombre\/zapatos-de-lujo-hombre\/zapatos-artesanales-blucher\/vernazza\/#primaryimage","url":"https:\/\/josedemora.com\/wp-content\/uploads\/2018\/09\/DSC_0418-scaled.jpg","contentUrl":"https:\/\/josedemora.com\/wp-content\/uploads\/2018\/09\/DSC_0418-scaled.jpg","width":2560,"height":1702},{"@type":"BreadcrumbList","@id":"https:\/\/josedemora.com\/tienda\/calzado-hombre\/zapatos-de-lujo-hombre\/zapatos-artesanales-blucher\/vernazza\/#breadcrumb","itemListElement":[{"@type":"ListItem","position":1,"name":"Portada","item":"https:\/\/josedemora.com\/"},{"@type":"ListItem","position":2,"name":"Tienda","item":"https:\/\/josedemora.com\/es\/tienda\/"},{"@type":"ListItem","position":3,"name":"VERNAZZA"}]},{"@type":"WebSite","@id":"https:\/\/josedemora.com\/#website","url":"https:\/\/josedemora.com\/","name":"Jos\u00e9 de Mora","description":"","potentialAction":[{"@type":"SearchAction","target":{"@type":"EntryPoint","urlTemplate":"https:\/\/josedemora.com\/?s={search_term_string}"},"query-input":{"@type":"PropertyValueSpecification","valueRequired":true,"valueName":"search_term_string"}}],"inLanguage":"fr-FR"}]}},"_links":{"self":[{"href":"https:\/\/josedemora.com\/fr\/wp-json\/wp\/v2\/product\/1901","targetHints":{"allow":["GET"]}}],"collection":[{"href":"https:\/\/josedemora.com\/fr\/wp-json\/wp\/v2\/product"}],"about":[{"href":"https:\/\/josedemora.com\/fr\/wp-json\/wp\/v2\/types\/product"}],"replies":[{"embeddable":true,"href":"https:\/\/josedemora.com\/fr\/wp-json\/wp\/v2\/comments?post=1901"}],"wp:featuredmedia":[{"embeddable":true,"href":"https:\/\/josedemora.com\/fr\/wp-json\/wp\/v2\/media\/1898"}],"wp:attachment":[{"href":"https:\/\/josedemora.com\/fr\/wp-json\/wp\/v2\/media?parent=1901"}],"wp:term":[{"taxonomy":"product_cat","embeddable":true,"href":"https:\/\/josedemora.com\/fr\/wp-json\/wp\/v2\/product_cat?post=1901"},{"taxonomy":"product_tag","embeddable":true,"href":"https:\/\/josedemora.com\/fr\/wp-json\/wp\/v2\/product_tag?post=1901"}],"curies":[{"name":"wp","href":"https:\/\/api.w.org\/{rel}","templated":true}]}}