{"id":1868,"date":"2018-09-23T10:25:16","date_gmt":"2018-09-23T10:25:16","guid":{"rendered":"https:\/\/josedemora.com\/producto\/martina\/"},"modified":"2025-06-04T11:41:42","modified_gmt":"2025-06-04T11:41:42","slug":"martina","status":"publish","type":"product","link":"https:\/\/josedemora.com\/fr\/magasin\/non-classe\/martine\/","title":{"rendered":"MARTINE"},"content":{"rendered":"<ul>\n<li>Cuir : Daim et veau.<\/li>\n<li>Couleur : Camel et marron.<\/li>\n<li>\u00c9tage : SG.<\/li>\n<li>Doublure : Cuir.<\/li>\n<li>Fabrication : \u00c9piss\u00e9e (GoodYear).<\/li>\n<li>Autres caract\u00e9ristiques : Fermeture \u00e9clair au dos.<\/li>\n<\/ul>","protected":false},"excerpt":{"rendered":"<p>Cuir : Daim et veau.<br \/>\nCouleur : Camel et marron.<br \/>\n\u00c9tage : SG.<br \/>\nDoublure : Cuir.<br \/>\nFabrication : \u00c9piss\u00e9e (GoodYear).<br \/>\nAutres caract\u00e9ristiques : Fermeture \u00e9clair au dos.<\/p>","protected":false},"featured_media":1864,"comment_status":"open","ping_status":"closed","template":"","meta":{"_acf_changed":false,"site-sidebar-layout":"default","site-content-layout":"","ast-site-content-layout":"","site-content-style":"default","site-sidebar-style":"default","ast-global-header-display":"","ast-banner-title-visibility":"","ast-main-header-display":"","ast-hfb-above-header-display":"","ast-hfb-below-header-display":"","ast-hfb-mobile-header-display":"","site-post-title":"","ast-breadcrumbs-content":"","ast-featured-img":"","footer-sml-layout":"","theme-transparent-header-meta":"","adv-header-id-meta":"","stick-header-meta":"","header-above-stick-meta":"","header-main-stick-meta":"","header-below-stick-meta":"","astra-migrate-meta-layouts":"default","ast-page-background-enabled":"default","ast-page-background-meta":{"desktop":{"background-color":"var(--ast-global-color-5)","background-image":"","background-repeat":"repeat","background-position":"center center","background-size":"auto","background-attachment":"scroll","background-type":"","background-media":"","overlay-type":"","overlay-color":"","overlay-opacity":"","overlay-gradient":""},"tablet":{"background-color":"","background-image":"","background-repeat":"repeat","background-position":"center center","background-size":"auto","background-attachment":"scroll","background-type":"","background-media":"","overlay-type":"","overlay-color":"","overlay-opacity":"","overlay-gradient":""},"mobile":{"background-color":"","background-image":"","background-repeat":"repeat","background-position":"center center","background-size":"auto","background-attachment":"scroll","background-type":"","background-media":"","overlay-type":"","overlay-color":"","overlay-opacity":"","overlay-gradient":""}},"ast-content-background-meta":{"desktop":{"background-color":"var(--ast-global-color-4)","background-image":"","background-repeat":"repeat","background-position":"center center","background-size":"auto","background-attachment":"scroll","background-type":"","background-media":"","overlay-type":"","overlay-color":"","overlay-opacity":"","overlay-gradient":""},"tablet":{"background-color":"var(--ast-global-color-4)","background-image":"","background-repeat":"repeat","background-position":"center center","background-size":"auto","background-attachment":"scroll","background-type":"","background-media":"","overlay-type":"","overlay-color":"","overlay-opacity":"","overlay-gradient":""},"mobile":{"background-color":"var(--ast-global-color-4)","background-image":"","background-repeat":"repeat","background-position":"center center","background-size":"auto","background-attachment":"scroll","background-type":"","background-media":"","overlay-type":"","overlay-color":"","overlay-opacity":"","overlay-gradient":""}}},"product_cat":[15],"product_tag":[],"class_list":{"0":"post-1868","1":"product","2":"type-product","3":"status-publish","4":"has-post-thumbnail","6":"product_cat-sin-categorizar","7":"pa_tallamujer-93","8":"pa_tallamujer-94","9":"pa_tallamujer-95","10":"pa_tallamujer-96","11":"pa_tallamujer-97","12":"pa_tallamujer-98","13":"pa_tallamujer-99","14":"yith_product_brand-jose-de-mora","15":"desktop-align-left","16":"tablet-align-left","17":"mobile-align-left","19":"first","20":"instock","21":"taxable","22":"shipping-taxable","23":"purchasable","24":"product-type-variable"},"acf":[],"yoast_head":"<!-- This site is optimized with the Yoast SEO Premium plugin v23.5 (Yoast SEO v24.1) - https:\/\/yoast.com\/wordpress\/plugins\/seo\/ -->\n<title>MARTINA - Jos\u00e9 de Mora<\/title>\n<meta name=\"robots\" content=\"index, follow, max-snippet:-1, max-image-preview:large, max-video-preview:-1\" \/>\n<link rel=\"canonical\" href=\"https:\/\/josedemora.com\/fr\/magasin\/non-classe\/martine\/\" \/>\n<meta property=\"og:locale\" content=\"fr_FR\" \/>\n<meta property=\"og:type\" content=\"article\" \/>\n<meta property=\"og:title\" content=\"MARTINA\" \/>\n<meta property=\"og:description\" content=\"Piel: Ante y novillo. Color: Camel y marr\u00f3n. Piso: SG. Forro: Piel. Fabricaci\u00f3n: Empalmillado (GoodYear). Otras caracter\u00edsticas: Cremallera trasera.\" \/>\n<meta property=\"og:url\" content=\"https:\/\/josedemora.com\/fr\/magasin\/non-classe\/martine\/\" \/>\n<meta property=\"og:site_name\" content=\"Jos\u00e9 de Mora\" \/>\n<meta property=\"article:modified_time\" content=\"2025-06-04T11:41:42+00:00\" \/>\n<meta property=\"og:image\" content=\"https:\/\/josedemora.com\/wp-content\/uploads\/2018\/09\/DSC_0448-scaled.jpg\" \/>\n\t<meta property=\"og:image:width\" content=\"2560\" \/>\n\t<meta property=\"og:image:height\" content=\"1702\" \/>\n\t<meta property=\"og:image:type\" content=\"image\/jpeg\" \/>\n<meta name=\"twitter:card\" content=\"summary_large_image\" \/>\n<script type=\"application\/ld+json\" class=\"yoast-schema-graph\">{\"@context\":\"https:\/\/schema.org\",\"@graph\":[{\"@type\":\"WebPage\",\"@id\":\"https:\/\/josedemora.com\/tienda\/sin-categorizar\/martina\/\",\"url\":\"https:\/\/josedemora.com\/tienda\/sin-categorizar\/martina\/\",\"name\":\"MARTINA - Jos\u00e9 de Mora\",\"isPartOf\":{\"@id\":\"https:\/\/josedemora.com\/#website\"},\"primaryImageOfPage\":{\"@id\":\"https:\/\/josedemora.com\/tienda\/sin-categorizar\/martina\/#primaryimage\"},\"image\":{\"@id\":\"https:\/\/josedemora.com\/tienda\/sin-categorizar\/martina\/#primaryimage\"},\"thumbnailUrl\":\"https:\/\/josedemora.com\/wp-content\/uploads\/2018\/09\/DSC_0448-scaled.jpg\",\"datePublished\":\"2018-09-23T10:25:16+00:00\",\"dateModified\":\"2025-06-04T11:41:42+00:00\",\"breadcrumb\":{\"@id\":\"https:\/\/josedemora.com\/tienda\/sin-categorizar\/martina\/#breadcrumb\"},\"inLanguage\":\"fr-FR\",\"potentialAction\":[{\"@type\":\"ReadAction\",\"target\":[\"https:\/\/josedemora.com\/tienda\/sin-categorizar\/martina\/\"]}]},{\"@type\":\"ImageObject\",\"inLanguage\":\"fr-FR\",\"@id\":\"https:\/\/josedemora.com\/tienda\/sin-categorizar\/martina\/#primaryimage\",\"url\":\"https:\/\/josedemora.com\/wp-content\/uploads\/2018\/09\/DSC_0448-scaled.jpg\",\"contentUrl\":\"https:\/\/josedemora.com\/wp-content\/uploads\/2018\/09\/DSC_0448-scaled.jpg\",\"width\":2560,\"height\":1702},{\"@type\":\"BreadcrumbList\",\"@id\":\"https:\/\/josedemora.com\/tienda\/sin-categorizar\/martina\/#breadcrumb\",\"itemListElement\":[{\"@type\":\"ListItem\",\"position\":1,\"name\":\"Portada\",\"item\":\"https:\/\/josedemora.com\/\"},{\"@type\":\"ListItem\",\"position\":2,\"name\":\"Tienda\",\"item\":\"https:\/\/josedemora.com\/es\/tienda\/\"},{\"@type\":\"ListItem\",\"position\":3,\"name\":\"MARTINA\"}]},{\"@type\":\"WebSite\",\"@id\":\"https:\/\/josedemora.com\/#website\",\"url\":\"https:\/\/josedemora.com\/\",\"name\":\"Jos\u00e9 de Mora\",\"description\":\"\",\"potentialAction\":[{\"@type\":\"SearchAction\",\"target\":{\"@type\":\"EntryPoint\",\"urlTemplate\":\"https:\/\/josedemora.com\/?s={search_term_string}\"},\"query-input\":{\"@type\":\"PropertyValueSpecification\",\"valueRequired\":true,\"valueName\":\"search_term_string\"}}],\"inLanguage\":\"fr-FR\"}]}<\/script>\n<!-- \/ Yoast SEO Premium plugin. -->","yoast_head_json":{"title":"MARTINA - Jos\u00e9 de Mora","robots":{"index":"index","follow":"follow","max-snippet":"max-snippet:-1","max-image-preview":"max-image-preview:large","max-video-preview":"max-video-preview:-1"},"canonical":"https:\/\/josedemora.com\/fr\/magasin\/non-classe\/martine\/","og_locale":"fr_FR","og_type":"article","og_title":"MARTINA","og_description":"Piel: Ante y novillo. Color: Camel y marr\u00f3n. Piso: SG. Forro: Piel. Fabricaci\u00f3n: Empalmillado (GoodYear). Otras caracter\u00edsticas: Cremallera trasera.","og_url":"https:\/\/josedemora.com\/fr\/magasin\/non-classe\/martine\/","og_site_name":"Jos\u00e9 de Mora","article_modified_time":"2025-06-04T11:41:42+00:00","og_image":[{"width":2560,"height":1702,"url":"https:\/\/josedemora.com\/wp-content\/uploads\/2018\/09\/DSC_0448-scaled.jpg","type":"image\/jpeg"}],"twitter_card":"summary_large_image","schema":{"@context":"https:\/\/schema.org","@graph":[{"@type":"WebPage","@id":"https:\/\/josedemora.com\/tienda\/sin-categorizar\/martina\/","url":"https:\/\/josedemora.com\/tienda\/sin-categorizar\/martina\/","name":"MARTINA - Jos\u00e9 de Mora","isPartOf":{"@id":"https:\/\/josedemora.com\/#website"},"primaryImageOfPage":{"@id":"https:\/\/josedemora.com\/tienda\/sin-categorizar\/martina\/#primaryimage"},"image":{"@id":"https:\/\/josedemora.com\/tienda\/sin-categorizar\/martina\/#primaryimage"},"thumbnailUrl":"https:\/\/josedemora.com\/wp-content\/uploads\/2018\/09\/DSC_0448-scaled.jpg","datePublished":"2018-09-23T10:25:16+00:00","dateModified":"2025-06-04T11:41:42+00:00","breadcrumb":{"@id":"https:\/\/josedemora.com\/tienda\/sin-categorizar\/martina\/#breadcrumb"},"inLanguage":"fr-FR","potentialAction":[{"@type":"ReadAction","target":["https:\/\/josedemora.com\/tienda\/sin-categorizar\/martina\/"]}]},{"@type":"ImageObject","inLanguage":"fr-FR","@id":"https:\/\/josedemora.com\/tienda\/sin-categorizar\/martina\/#primaryimage","url":"https:\/\/josedemora.com\/wp-content\/uploads\/2018\/09\/DSC_0448-scaled.jpg","contentUrl":"https:\/\/josedemora.com\/wp-content\/uploads\/2018\/09\/DSC_0448-scaled.jpg","width":2560,"height":1702},{"@type":"BreadcrumbList","@id":"https:\/\/josedemora.com\/tienda\/sin-categorizar\/martina\/#breadcrumb","itemListElement":[{"@type":"ListItem","position":1,"name":"Portada","item":"https:\/\/josedemora.com\/"},{"@type":"ListItem","position":2,"name":"Tienda","item":"https:\/\/josedemora.com\/es\/tienda\/"},{"@type":"ListItem","position":3,"name":"MARTINA"}]},{"@type":"WebSite","@id":"https:\/\/josedemora.com\/#website","url":"https:\/\/josedemora.com\/","name":"Jos\u00e9 de Mora","description":"","potentialAction":[{"@type":"SearchAction","target":{"@type":"EntryPoint","urlTemplate":"https:\/\/josedemora.com\/?s={search_term_string}"},"query-input":{"@type":"PropertyValueSpecification","valueRequired":true,"valueName":"search_term_string"}}],"inLanguage":"fr-FR"}]}},"_links":{"self":[{"href":"https:\/\/josedemora.com\/fr\/wp-json\/wp\/v2\/product\/1868","targetHints":{"allow":["GET"]}}],"collection":[{"href":"https:\/\/josedemora.com\/fr\/wp-json\/wp\/v2\/product"}],"about":[{"href":"https:\/\/josedemora.com\/fr\/wp-json\/wp\/v2\/types\/product"}],"replies":[{"embeddable":true,"href":"https:\/\/josedemora.com\/fr\/wp-json\/wp\/v2\/comments?post=1868"}],"wp:featuredmedia":[{"embeddable":true,"href":"https:\/\/josedemora.com\/fr\/wp-json\/wp\/v2\/media\/1864"}],"wp:attachment":[{"href":"https:\/\/josedemora.com\/fr\/wp-json\/wp\/v2\/media?parent=1868"}],"wp:term":[{"taxonomy":"product_cat","embeddable":true,"href":"https:\/\/josedemora.com\/fr\/wp-json\/wp\/v2\/product_cat?post=1868"},{"taxonomy":"product_tag","embeddable":true,"href":"https:\/\/josedemora.com\/fr\/wp-json\/wp\/v2\/product_tag?post=1868"}],"curies":[{"name":"wp","href":"https:\/\/api.w.org\/{rel}","templated":true}]}}