{"id":1856,"date":"2018-09-23T10:10:32","date_gmt":"2018-09-23T10:10:32","guid":{"rendered":"https:\/\/josedemora.com\/producto\/chelsea-azul-67\/"},"modified":"2025-06-04T11:38:29","modified_gmt":"2025-06-04T11:38:29","slug":"chelsea-azul-67","status":"publish","type":"product","link":"https:\/\/josedemora.com\/fr\/magasin\/chaussures-pour-femmes\/bottines-artisanales-pour-femmes\/chelsea-bleu-67\/","title":{"rendered":"CHELSEA CAMEL"},"content":{"rendered":"<p>Moul\u00e9 avec des \u00e9lastiques, un classique, en daim camel avec doublure en cuir satin\u00e9 et semelle en cuir.<\/p>\n<p>GoodYear Manufacturing (\u00e9piss\u00e9).<\/p>","protected":false},"excerpt":{"rendered":"<p>Moul\u00e9 avec des \u00e9lastiques, un classique, en daim camel avec doublure en cuir satin\u00e9 et semelle en cuir. GoodYear Fabrication [\u2026]<\/p>","protected":false},"featured_media":1852,"comment_status":"open","ping_status":"closed","template":"","meta":{"_acf_changed":false,"site-sidebar-layout":"default","site-content-layout":"","ast-site-content-layout":"default","site-content-style":"default","site-sidebar-style":"default","ast-global-header-display":"","ast-banner-title-visibility":"","ast-main-header-display":"","ast-hfb-above-header-display":"","ast-hfb-below-header-display":"","ast-hfb-mobile-header-display":"","site-post-title":"","ast-breadcrumbs-content":"","ast-featured-img":"","footer-sml-layout":"","theme-transparent-header-meta":"default","adv-header-id-meta":"","stick-header-meta":"","header-above-stick-meta":"","header-main-stick-meta":"","header-below-stick-meta":"","astra-migrate-meta-layouts":"set","ast-page-background-enabled":"default","ast-page-background-meta":{"desktop":{"background-color":"var(--ast-global-color-5)","background-image":"","background-repeat":"repeat","background-position":"center center","background-size":"auto","background-attachment":"scroll","background-type":"","background-media":"","overlay-type":"","overlay-color":"","overlay-opacity":"","overlay-gradient":""},"tablet":{"background-color":"","background-image":"","background-repeat":"repeat","background-position":"center center","background-size":"auto","background-attachment":"scroll","background-type":"","background-media":"","overlay-type":"","overlay-color":"","overlay-opacity":"","overlay-gradient":""},"mobile":{"background-color":"","background-image":"","background-repeat":"repeat","background-position":"center center","background-size":"auto","background-attachment":"scroll","background-type":"","background-media":"","overlay-type":"","overlay-color":"","overlay-opacity":"","overlay-gradient":""}},"ast-content-background-meta":{"desktop":{"background-color":"var(--ast-global-color-4)","background-image":"","background-repeat":"repeat","background-position":"center center","background-size":"auto","background-attachment":"scroll","background-type":"","background-media":"","overlay-type":"","overlay-color":"","overlay-opacity":"","overlay-gradient":""},"tablet":{"background-color":"var(--ast-global-color-4)","background-image":"","background-repeat":"repeat","background-position":"center center","background-size":"auto","background-attachment":"scroll","background-type":"","background-media":"","overlay-type":"","overlay-color":"","overlay-opacity":"","overlay-gradient":""},"mobile":{"background-color":"var(--ast-global-color-4)","background-image":"","background-repeat":"repeat","background-position":"center center","background-size":"auto","background-attachment":"scroll","background-type":"","background-media":"","overlay-type":"","overlay-color":"","overlay-opacity":"","overlay-gradient":""}}},"product_cat":[25,106],"product_tag":[],"class_list":{"0":"post-1856","1":"product","2":"type-product","3":"status-publish","4":"has-post-thumbnail","6":"product_cat-calzado-mujer","7":"product_cat-botines-artesanos-mujer","8":"pa_tallamujer-93","9":"pa_tallamujer-94","10":"pa_tallamujer-95","11":"pa_tallamujer-96","12":"pa_tallamujer-97","13":"pa_tallamujer-98","14":"pa_tallamujer-99","15":"yith_product_brand-jose-de-mora","16":"desktop-align-left","17":"tablet-align-left","18":"mobile-align-left","20":"first","21":"instock","22":"taxable","23":"shipping-taxable","24":"purchasable","25":"product-type-variable"},"acf":[],"yoast_head":"<!-- This site is optimized with the Yoast SEO Premium plugin v23.5 (Yoast SEO v24.1) - https:\/\/yoast.com\/wordpress\/plugins\/seo\/ -->\n<title>CHELSEA CAMEL - Jos\u00e9 de Mora<\/title>\n<meta name=\"robots\" content=\"index, follow, max-snippet:-1, max-image-preview:large, max-video-preview:-1\" \/>\n<link rel=\"canonical\" href=\"https:\/\/josedemora.com\/fr\/magasin\/chaussures-pour-femmes\/bottines-artisanales-pour-femmes\/chelsea-bleu-67\/\" \/>\n<meta property=\"og:locale\" content=\"fr_FR\" \/>\n<meta property=\"og:type\" content=\"article\" \/>\n<meta property=\"og:title\" content=\"CHELSEA CAMEL\" \/>\n<meta property=\"og:description\" content=\"Moldeada con el\u00e1sticos, un cl\u00e1sico, fabricada en ante camel con forro de piel satinado y suela de cuero. Fabricaci\u00f3n GoodYear [&hellip;]\" \/>\n<meta property=\"og:url\" content=\"https:\/\/josedemora.com\/fr\/magasin\/chaussures-pour-femmes\/bottines-artisanales-pour-femmes\/chelsea-bleu-67\/\" \/>\n<meta property=\"og:site_name\" content=\"Jos\u00e9 de Mora\" \/>\n<meta property=\"article:modified_time\" content=\"2025-06-04T11:38:29+00:00\" \/>\n<meta property=\"og:image\" content=\"https:\/\/josedemora.com\/wp-content\/uploads\/2018\/09\/5V-chelsea-camel-web8.jpg\" \/>\n\t<meta property=\"og:image:width\" content=\"834\" \/>\n\t<meta property=\"og:image:height\" content=\"555\" \/>\n\t<meta property=\"og:image:type\" content=\"image\/jpeg\" \/>\n<meta name=\"twitter:card\" content=\"summary_large_image\" \/>\n<meta name=\"twitter:label1\" content=\"Dur\u00e9e de lecture estim\u00e9e\" \/>\n\t<meta name=\"twitter:data1\" content=\"1 minute\" \/>\n<script type=\"application\/ld+json\" class=\"yoast-schema-graph\">{\"@context\":\"https:\/\/schema.org\",\"@graph\":[{\"@type\":\"WebPage\",\"@id\":\"https:\/\/josedemora.com\/tienda\/calzado-mujer\/botines-artesanos-mujer\/chelsea-azul-67\/\",\"url\":\"https:\/\/josedemora.com\/tienda\/calzado-mujer\/botines-artesanos-mujer\/chelsea-azul-67\/\",\"name\":\"CHELSEA CAMEL - Jos\u00e9 de Mora\",\"isPartOf\":{\"@id\":\"https:\/\/josedemora.com\/#website\"},\"primaryImageOfPage\":{\"@id\":\"https:\/\/josedemora.com\/tienda\/calzado-mujer\/botines-artesanos-mujer\/chelsea-azul-67\/#primaryimage\"},\"image\":{\"@id\":\"https:\/\/josedemora.com\/tienda\/calzado-mujer\/botines-artesanos-mujer\/chelsea-azul-67\/#primaryimage\"},\"thumbnailUrl\":\"https:\/\/josedemora.com\/wp-content\/uploads\/2018\/09\/5V-chelsea-camel-web8.jpg\",\"datePublished\":\"2018-09-23T10:10:32+00:00\",\"dateModified\":\"2025-06-04T11:38:29+00:00\",\"breadcrumb\":{\"@id\":\"https:\/\/josedemora.com\/tienda\/calzado-mujer\/botines-artesanos-mujer\/chelsea-azul-67\/#breadcrumb\"},\"inLanguage\":\"fr-FR\",\"potentialAction\":[{\"@type\":\"ReadAction\",\"target\":[\"https:\/\/josedemora.com\/tienda\/calzado-mujer\/botines-artesanos-mujer\/chelsea-azul-67\/\"]}]},{\"@type\":\"ImageObject\",\"inLanguage\":\"fr-FR\",\"@id\":\"https:\/\/josedemora.com\/tienda\/calzado-mujer\/botines-artesanos-mujer\/chelsea-azul-67\/#primaryimage\",\"url\":\"https:\/\/josedemora.com\/wp-content\/uploads\/2018\/09\/5V-chelsea-camel-web8.jpg\",\"contentUrl\":\"https:\/\/josedemora.com\/wp-content\/uploads\/2018\/09\/5V-chelsea-camel-web8.jpg\",\"width\":834,\"height\":555},{\"@type\":\"BreadcrumbList\",\"@id\":\"https:\/\/josedemora.com\/tienda\/calzado-mujer\/botines-artesanos-mujer\/chelsea-azul-67\/#breadcrumb\",\"itemListElement\":[{\"@type\":\"ListItem\",\"position\":1,\"name\":\"Portada\",\"item\":\"https:\/\/josedemora.com\/\"},{\"@type\":\"ListItem\",\"position\":2,\"name\":\"Tienda\",\"item\":\"https:\/\/josedemora.com\/es\/tienda\/\"},{\"@type\":\"ListItem\",\"position\":3,\"name\":\"CHELSEA CAMEL\"}]},{\"@type\":\"WebSite\",\"@id\":\"https:\/\/josedemora.com\/#website\",\"url\":\"https:\/\/josedemora.com\/\",\"name\":\"Jos\u00e9 de Mora\",\"description\":\"\",\"potentialAction\":[{\"@type\":\"SearchAction\",\"target\":{\"@type\":\"EntryPoint\",\"urlTemplate\":\"https:\/\/josedemora.com\/?s={search_term_string}\"},\"query-input\":{\"@type\":\"PropertyValueSpecification\",\"valueRequired\":true,\"valueName\":\"search_term_string\"}}],\"inLanguage\":\"fr-FR\"}]}<\/script>\n<!-- \/ Yoast SEO Premium plugin. -->","yoast_head_json":{"title":"CHELSEA CAMEL - Jos\u00e9 de Mora","robots":{"index":"index","follow":"follow","max-snippet":"max-snippet:-1","max-image-preview":"max-image-preview:large","max-video-preview":"max-video-preview:-1"},"canonical":"https:\/\/josedemora.com\/fr\/magasin\/chaussures-pour-femmes\/bottines-artisanales-pour-femmes\/chelsea-bleu-67\/","og_locale":"fr_FR","og_type":"article","og_title":"CHELSEA CAMEL","og_description":"Moldeada con el\u00e1sticos, un cl\u00e1sico, fabricada en ante camel con forro de piel satinado y suela de cuero. Fabricaci\u00f3n GoodYear [&hellip;]","og_url":"https:\/\/josedemora.com\/fr\/magasin\/chaussures-pour-femmes\/bottines-artisanales-pour-femmes\/chelsea-bleu-67\/","og_site_name":"Jos\u00e9 de Mora","article_modified_time":"2025-06-04T11:38:29+00:00","og_image":[{"width":834,"height":555,"url":"https:\/\/josedemora.com\/wp-content\/uploads\/2018\/09\/5V-chelsea-camel-web8.jpg","type":"image\/jpeg"}],"twitter_card":"summary_large_image","twitter_misc":{"Dur\u00e9e de lecture estim\u00e9e":"1 minute"},"schema":{"@context":"https:\/\/schema.org","@graph":[{"@type":"WebPage","@id":"https:\/\/josedemora.com\/tienda\/calzado-mujer\/botines-artesanos-mujer\/chelsea-azul-67\/","url":"https:\/\/josedemora.com\/tienda\/calzado-mujer\/botines-artesanos-mujer\/chelsea-azul-67\/","name":"CHELSEA CAMEL - Jos\u00e9 de Mora","isPartOf":{"@id":"https:\/\/josedemora.com\/#website"},"primaryImageOfPage":{"@id":"https:\/\/josedemora.com\/tienda\/calzado-mujer\/botines-artesanos-mujer\/chelsea-azul-67\/#primaryimage"},"image":{"@id":"https:\/\/josedemora.com\/tienda\/calzado-mujer\/botines-artesanos-mujer\/chelsea-azul-67\/#primaryimage"},"thumbnailUrl":"https:\/\/josedemora.com\/wp-content\/uploads\/2018\/09\/5V-chelsea-camel-web8.jpg","datePublished":"2018-09-23T10:10:32+00:00","dateModified":"2025-06-04T11:38:29+00:00","breadcrumb":{"@id":"https:\/\/josedemora.com\/tienda\/calzado-mujer\/botines-artesanos-mujer\/chelsea-azul-67\/#breadcrumb"},"inLanguage":"fr-FR","potentialAction":[{"@type":"ReadAction","target":["https:\/\/josedemora.com\/tienda\/calzado-mujer\/botines-artesanos-mujer\/chelsea-azul-67\/"]}]},{"@type":"ImageObject","inLanguage":"fr-FR","@id":"https:\/\/josedemora.com\/tienda\/calzado-mujer\/botines-artesanos-mujer\/chelsea-azul-67\/#primaryimage","url":"https:\/\/josedemora.com\/wp-content\/uploads\/2018\/09\/5V-chelsea-camel-web8.jpg","contentUrl":"https:\/\/josedemora.com\/wp-content\/uploads\/2018\/09\/5V-chelsea-camel-web8.jpg","width":834,"height":555},{"@type":"BreadcrumbList","@id":"https:\/\/josedemora.com\/tienda\/calzado-mujer\/botines-artesanos-mujer\/chelsea-azul-67\/#breadcrumb","itemListElement":[{"@type":"ListItem","position":1,"name":"Portada","item":"https:\/\/josedemora.com\/"},{"@type":"ListItem","position":2,"name":"Tienda","item":"https:\/\/josedemora.com\/es\/tienda\/"},{"@type":"ListItem","position":3,"name":"CHELSEA CAMEL"}]},{"@type":"WebSite","@id":"https:\/\/josedemora.com\/#website","url":"https:\/\/josedemora.com\/","name":"Jos\u00e9 de Mora","description":"","potentialAction":[{"@type":"SearchAction","target":{"@type":"EntryPoint","urlTemplate":"https:\/\/josedemora.com\/?s={search_term_string}"},"query-input":{"@type":"PropertyValueSpecification","valueRequired":true,"valueName":"search_term_string"}}],"inLanguage":"fr-FR"}]}},"_links":{"self":[{"href":"https:\/\/josedemora.com\/fr\/wp-json\/wp\/v2\/product\/1856","targetHints":{"allow":["GET"]}}],"collection":[{"href":"https:\/\/josedemora.com\/fr\/wp-json\/wp\/v2\/product"}],"about":[{"href":"https:\/\/josedemora.com\/fr\/wp-json\/wp\/v2\/types\/product"}],"replies":[{"embeddable":true,"href":"https:\/\/josedemora.com\/fr\/wp-json\/wp\/v2\/comments?post=1856"}],"wp:featuredmedia":[{"embeddable":true,"href":"https:\/\/josedemora.com\/fr\/wp-json\/wp\/v2\/media\/1852"}],"wp:attachment":[{"href":"https:\/\/josedemora.com\/fr\/wp-json\/wp\/v2\/media?parent=1856"}],"wp:term":[{"taxonomy":"product_cat","embeddable":true,"href":"https:\/\/josedemora.com\/fr\/wp-json\/wp\/v2\/product_cat?post=1856"},{"taxonomy":"product_tag","embeddable":true,"href":"https:\/\/josedemora.com\/fr\/wp-json\/wp\/v2\/product_tag?post=1856"}],"curies":[{"name":"wp","href":"https:\/\/api.w.org\/{rel}","templated":true}]}}