{"id":1830,"date":"2018-09-09T18:38:36","date_gmt":"2018-09-09T18:38:36","guid":{"rendered":"https:\/\/josedemora.com\/producto\/houston\/"},"modified":"2025-06-04T11:54:38","modified_gmt":"2025-06-04T11:54:38","slug":"houston","status":"publish","type":"product","link":"https:\/\/josedemora.com\/fr\/magasin\/chaussures-pour-hommes\/chaussures-de-luxe-pour-hommes\/chaussures-oxford-faites-a-la-main\/houston\/","title":{"rendered":"HOUSTON"},"content":{"rendered":"","protected":false},"excerpt":{"rendered":"<p>Chaussure en cuir de vachette naturel gaufr\u00e9 couleur noisette, enti\u00e8rement doubl\u00e9e en cuir de vachette et semelle en cuir. Fabriqu\u00e9 selon le proc\u00e9d\u00e9 de fabrication Goodyear. Coupe confortable et bout allong\u00e9.<\/p>","protected":false},"featured_media":1827,"comment_status":"open","ping_status":"closed","template":"","meta":{"_acf_changed":false,"site-sidebar-layout":"default","site-content-layout":"","ast-site-content-layout":"default","site-content-style":"default","site-sidebar-style":"default","ast-global-header-display":"","ast-banner-title-visibility":"","ast-main-header-display":"","ast-hfb-above-header-display":"","ast-hfb-below-header-display":"","ast-hfb-mobile-header-display":"","site-post-title":"","ast-breadcrumbs-content":"","ast-featured-img":"","footer-sml-layout":"","theme-transparent-header-meta":"default","adv-header-id-meta":"","stick-header-meta":"","header-above-stick-meta":"","header-main-stick-meta":"","header-below-stick-meta":"","astra-migrate-meta-layouts":"set","ast-page-background-enabled":"default","ast-page-background-meta":{"desktop":{"background-color":"var(--ast-global-color-5)","background-image":"","background-repeat":"repeat","background-position":"center center","background-size":"auto","background-attachment":"scroll","background-type":"","background-media":"","overlay-type":"","overlay-color":"","overlay-opacity":"","overlay-gradient":""},"tablet":{"background-color":"","background-image":"","background-repeat":"repeat","background-position":"center center","background-size":"auto","background-attachment":"scroll","background-type":"","background-media":"","overlay-type":"","overlay-color":"","overlay-opacity":"","overlay-gradient":""},"mobile":{"background-color":"","background-image":"","background-repeat":"repeat","background-position":"center center","background-size":"auto","background-attachment":"scroll","background-type":"","background-media":"","overlay-type":"","overlay-color":"","overlay-opacity":"","overlay-gradient":""}},"ast-content-background-meta":{"desktop":{"background-color":"var(--ast-global-color-4)","background-image":"","background-repeat":"repeat","background-position":"center center","background-size":"auto","background-attachment":"scroll","background-type":"","background-media":"","overlay-type":"","overlay-color":"","overlay-opacity":"","overlay-gradient":""},"tablet":{"background-color":"var(--ast-global-color-4)","background-image":"","background-repeat":"repeat","background-position":"center center","background-size":"auto","background-attachment":"scroll","background-type":"","background-media":"","overlay-type":"","overlay-color":"","overlay-opacity":"","overlay-gradient":""},"mobile":{"background-color":"var(--ast-global-color-4)","background-image":"","background-repeat":"repeat","background-position":"center center","background-size":"auto","background-attachment":"scroll","background-type":"","background-media":"","overlay-type":"","overlay-color":"","overlay-opacity":"","overlay-gradient":""}}},"product_cat":[17,109,104],"product_tag":[],"class_list":{"0":"post-1830","1":"product","2":"type-product","3":"status-publish","4":"has-post-thumbnail","6":"product_cat-calzado-hombre","7":"product_cat-zapatos-artesanales-oxfords","8":"product_cat-zapatos-de-lujo-hombre","9":"pa_tallasize-71","10":"pa_tallasize-73","11":"pa_tallasize-74","12":"pa_tallasize-75","13":"pa_tallasize-76","14":"pa_tallasize-77","15":"pa_tallasize-78","16":"pa_tallasize-79","17":"pa_tallasize-80","18":"yith_product_brand-jose-de-mora","19":"desktop-align-left","20":"tablet-align-left","21":"mobile-align-left","23":"first","24":"instock","25":"taxable","26":"shipping-taxable","27":"purchasable","28":"product-type-variable"},"acf":[],"yoast_head":"<!-- This site is optimized with the Yoast SEO Premium plugin v23.5 (Yoast SEO v24.1) - https:\/\/yoast.com\/wordpress\/plugins\/seo\/ -->\n<title>HOUSTON - Jos\u00e9 de Mora<\/title>\n<meta name=\"robots\" content=\"index, follow, max-snippet:-1, max-image-preview:large, max-video-preview:-1\" \/>\n<link rel=\"canonical\" href=\"https:\/\/josedemora.com\/fr\/magasin\/chaussures-pour-hommes\/chaussures-de-luxe-pour-hommes\/chaussures-oxford-faites-a-la-main\/houston\/\" \/>\n<meta property=\"og:locale\" content=\"fr_FR\" \/>\n<meta property=\"og:type\" content=\"article\" \/>\n<meta property=\"og:title\" content=\"HOUSTON\" \/>\n<meta property=\"og:description\" content=\"Zapato fabricado en piel vacuno grabada color avellana natural, forrado completo en piel vacuno y suela de cuero. Realizado mediante proceso de fabricaci\u00f3n Goodyear. Calce confortable y puntera de apariencia alargada.\" \/>\n<meta property=\"og:url\" content=\"https:\/\/josedemora.com\/fr\/magasin\/chaussures-pour-hommes\/chaussures-de-luxe-pour-hommes\/chaussures-oxford-faites-a-la-main\/houston\/\" \/>\n<meta property=\"og:site_name\" content=\"Jos\u00e9 de Mora\" \/>\n<meta property=\"article:modified_time\" content=\"2025-06-04T11:54:38+00:00\" \/>\n<meta property=\"og:image\" content=\"https:\/\/josedemora.com\/wp-content\/uploads\/2018\/09\/DSC_0706-scaled.jpg\" \/>\n\t<meta property=\"og:image:width\" content=\"2560\" \/>\n\t<meta property=\"og:image:height\" content=\"1702\" \/>\n\t<meta property=\"og:image:type\" content=\"image\/jpeg\" \/>\n<meta name=\"twitter:card\" content=\"summary_large_image\" \/>\n<meta name=\"twitter:label1\" content=\"Dur\u00e9e de lecture estim\u00e9e\" \/>\n\t<meta name=\"twitter:data1\" content=\"1 minute\" \/>\n<script type=\"application\/ld+json\" class=\"yoast-schema-graph\">{\"@context\":\"https:\/\/schema.org\",\"@graph\":[{\"@type\":\"WebPage\",\"@id\":\"https:\/\/josedemora.com\/tienda\/calzado-hombre\/zapatos-de-lujo-hombre\/zapatos-artesanales-oxfords\/houston\/\",\"url\":\"https:\/\/josedemora.com\/tienda\/calzado-hombre\/zapatos-de-lujo-hombre\/zapatos-artesanales-oxfords\/houston\/\",\"name\":\"HOUSTON - Jos\u00e9 de Mora\",\"isPartOf\":{\"@id\":\"https:\/\/josedemora.com\/#website\"},\"primaryImageOfPage\":{\"@id\":\"https:\/\/josedemora.com\/tienda\/calzado-hombre\/zapatos-de-lujo-hombre\/zapatos-artesanales-oxfords\/houston\/#primaryimage\"},\"image\":{\"@id\":\"https:\/\/josedemora.com\/tienda\/calzado-hombre\/zapatos-de-lujo-hombre\/zapatos-artesanales-oxfords\/houston\/#primaryimage\"},\"thumbnailUrl\":\"https:\/\/josedemora.com\/wp-content\/uploads\/2018\/09\/DSC_0706-scaled.jpg\",\"datePublished\":\"2018-09-09T18:38:36+00:00\",\"dateModified\":\"2025-06-04T11:54:38+00:00\",\"breadcrumb\":{\"@id\":\"https:\/\/josedemora.com\/tienda\/calzado-hombre\/zapatos-de-lujo-hombre\/zapatos-artesanales-oxfords\/houston\/#breadcrumb\"},\"inLanguage\":\"fr-FR\",\"potentialAction\":[{\"@type\":\"ReadAction\",\"target\":[\"https:\/\/josedemora.com\/tienda\/calzado-hombre\/zapatos-de-lujo-hombre\/zapatos-artesanales-oxfords\/houston\/\"]}]},{\"@type\":\"ImageObject\",\"inLanguage\":\"fr-FR\",\"@id\":\"https:\/\/josedemora.com\/tienda\/calzado-hombre\/zapatos-de-lujo-hombre\/zapatos-artesanales-oxfords\/houston\/#primaryimage\",\"url\":\"https:\/\/josedemora.com\/wp-content\/uploads\/2018\/09\/DSC_0706-scaled.jpg\",\"contentUrl\":\"https:\/\/josedemora.com\/wp-content\/uploads\/2018\/09\/DSC_0706-scaled.jpg\",\"width\":2560,\"height\":1702},{\"@type\":\"BreadcrumbList\",\"@id\":\"https:\/\/josedemora.com\/tienda\/calzado-hombre\/zapatos-de-lujo-hombre\/zapatos-artesanales-oxfords\/houston\/#breadcrumb\",\"itemListElement\":[{\"@type\":\"ListItem\",\"position\":1,\"name\":\"Portada\",\"item\":\"https:\/\/josedemora.com\/\"},{\"@type\":\"ListItem\",\"position\":2,\"name\":\"Tienda\",\"item\":\"https:\/\/josedemora.com\/es\/tienda\/\"},{\"@type\":\"ListItem\",\"position\":3,\"name\":\"HOUSTON\"}]},{\"@type\":\"WebSite\",\"@id\":\"https:\/\/josedemora.com\/#website\",\"url\":\"https:\/\/josedemora.com\/\",\"name\":\"Jos\u00e9 de Mora\",\"description\":\"\",\"potentialAction\":[{\"@type\":\"SearchAction\",\"target\":{\"@type\":\"EntryPoint\",\"urlTemplate\":\"https:\/\/josedemora.com\/?s={search_term_string}\"},\"query-input\":{\"@type\":\"PropertyValueSpecification\",\"valueRequired\":true,\"valueName\":\"search_term_string\"}}],\"inLanguage\":\"fr-FR\"}]}<\/script>\n<!-- \/ Yoast SEO Premium plugin. -->","yoast_head_json":{"title":"HOUSTON - Jos\u00e9 de Mora","robots":{"index":"index","follow":"follow","max-snippet":"max-snippet:-1","max-image-preview":"max-image-preview:large","max-video-preview":"max-video-preview:-1"},"canonical":"https:\/\/josedemora.com\/fr\/magasin\/chaussures-pour-hommes\/chaussures-de-luxe-pour-hommes\/chaussures-oxford-faites-a-la-main\/houston\/","og_locale":"fr_FR","og_type":"article","og_title":"HOUSTON","og_description":"Zapato fabricado en piel vacuno grabada color avellana natural, forrado completo en piel vacuno y suela de cuero. Realizado mediante proceso de fabricaci\u00f3n Goodyear. Calce confortable y puntera de apariencia alargada.","og_url":"https:\/\/josedemora.com\/fr\/magasin\/chaussures-pour-hommes\/chaussures-de-luxe-pour-hommes\/chaussures-oxford-faites-a-la-main\/houston\/","og_site_name":"Jos\u00e9 de Mora","article_modified_time":"2025-06-04T11:54:38+00:00","og_image":[{"width":2560,"height":1702,"url":"https:\/\/josedemora.com\/wp-content\/uploads\/2018\/09\/DSC_0706-scaled.jpg","type":"image\/jpeg"}],"twitter_card":"summary_large_image","twitter_misc":{"Dur\u00e9e de lecture estim\u00e9e":"1 minute"},"schema":{"@context":"https:\/\/schema.org","@graph":[{"@type":"WebPage","@id":"https:\/\/josedemora.com\/tienda\/calzado-hombre\/zapatos-de-lujo-hombre\/zapatos-artesanales-oxfords\/houston\/","url":"https:\/\/josedemora.com\/tienda\/calzado-hombre\/zapatos-de-lujo-hombre\/zapatos-artesanales-oxfords\/houston\/","name":"HOUSTON - Jos\u00e9 de Mora","isPartOf":{"@id":"https:\/\/josedemora.com\/#website"},"primaryImageOfPage":{"@id":"https:\/\/josedemora.com\/tienda\/calzado-hombre\/zapatos-de-lujo-hombre\/zapatos-artesanales-oxfords\/houston\/#primaryimage"},"image":{"@id":"https:\/\/josedemora.com\/tienda\/calzado-hombre\/zapatos-de-lujo-hombre\/zapatos-artesanales-oxfords\/houston\/#primaryimage"},"thumbnailUrl":"https:\/\/josedemora.com\/wp-content\/uploads\/2018\/09\/DSC_0706-scaled.jpg","datePublished":"2018-09-09T18:38:36+00:00","dateModified":"2025-06-04T11:54:38+00:00","breadcrumb":{"@id":"https:\/\/josedemora.com\/tienda\/calzado-hombre\/zapatos-de-lujo-hombre\/zapatos-artesanales-oxfords\/houston\/#breadcrumb"},"inLanguage":"fr-FR","potentialAction":[{"@type":"ReadAction","target":["https:\/\/josedemora.com\/tienda\/calzado-hombre\/zapatos-de-lujo-hombre\/zapatos-artesanales-oxfords\/houston\/"]}]},{"@type":"ImageObject","inLanguage":"fr-FR","@id":"https:\/\/josedemora.com\/tienda\/calzado-hombre\/zapatos-de-lujo-hombre\/zapatos-artesanales-oxfords\/houston\/#primaryimage","url":"https:\/\/josedemora.com\/wp-content\/uploads\/2018\/09\/DSC_0706-scaled.jpg","contentUrl":"https:\/\/josedemora.com\/wp-content\/uploads\/2018\/09\/DSC_0706-scaled.jpg","width":2560,"height":1702},{"@type":"BreadcrumbList","@id":"https:\/\/josedemora.com\/tienda\/calzado-hombre\/zapatos-de-lujo-hombre\/zapatos-artesanales-oxfords\/houston\/#breadcrumb","itemListElement":[{"@type":"ListItem","position":1,"name":"Portada","item":"https:\/\/josedemora.com\/"},{"@type":"ListItem","position":2,"name":"Tienda","item":"https:\/\/josedemora.com\/es\/tienda\/"},{"@type":"ListItem","position":3,"name":"HOUSTON"}]},{"@type":"WebSite","@id":"https:\/\/josedemora.com\/#website","url":"https:\/\/josedemora.com\/","name":"Jos\u00e9 de Mora","description":"","potentialAction":[{"@type":"SearchAction","target":{"@type":"EntryPoint","urlTemplate":"https:\/\/josedemora.com\/?s={search_term_string}"},"query-input":{"@type":"PropertyValueSpecification","valueRequired":true,"valueName":"search_term_string"}}],"inLanguage":"fr-FR"}]}},"_links":{"self":[{"href":"https:\/\/josedemora.com\/fr\/wp-json\/wp\/v2\/product\/1830","targetHints":{"allow":["GET"]}}],"collection":[{"href":"https:\/\/josedemora.com\/fr\/wp-json\/wp\/v2\/product"}],"about":[{"href":"https:\/\/josedemora.com\/fr\/wp-json\/wp\/v2\/types\/product"}],"replies":[{"embeddable":true,"href":"https:\/\/josedemora.com\/fr\/wp-json\/wp\/v2\/comments?post=1830"}],"wp:featuredmedia":[{"embeddable":true,"href":"https:\/\/josedemora.com\/fr\/wp-json\/wp\/v2\/media\/1827"}],"wp:attachment":[{"href":"https:\/\/josedemora.com\/fr\/wp-json\/wp\/v2\/media?parent=1830"}],"wp:term":[{"taxonomy":"product_cat","embeddable":true,"href":"https:\/\/josedemora.com\/fr\/wp-json\/wp\/v2\/product_cat?post=1830"},{"taxonomy":"product_tag","embeddable":true,"href":"https:\/\/josedemora.com\/fr\/wp-json\/wp\/v2\/product_tag?post=1830"}],"curies":[{"name":"wp","href":"https:\/\/api.w.org\/{rel}","templated":true}]}}