{"id":1706,"date":"2018-08-02T17:03:22","date_gmt":"2018-08-02T17:03:22","guid":{"rendered":"https:\/\/josedemora.com\/producto\/castellano-casanna\/"},"modified":"2025-06-04T13:50:44","modified_gmt":"2025-06-04T13:50:44","slug":"castellano-casanna","status":"publish","type":"product","link":"https:\/\/josedemora.com\/fr\/magasin\/chaussures-pour-hommes\/chaussures-de-luxe-pour-hommes\/mocassins-de-luxe-pour-hommes\/casanna-castillane\/","title":{"rendered":"CASANNA ESPAGNOL"},"content":{"rendered":"","protected":false},"excerpt":{"rendered":"<p>Chaussure en cuir tann\u00e9 v\u00e9g\u00e9tal de couleur naturelle, doubl\u00e9e en cuir et avec une semelle en cuir.<\/p>","protected":false},"featured_media":1703,"comment_status":"open","ping_status":"closed","template":"","meta":{"_acf_changed":false,"site-sidebar-layout":"default","site-content-layout":"","ast-site-content-layout":"default","site-content-style":"default","site-sidebar-style":"default","ast-global-header-display":"","ast-banner-title-visibility":"","ast-main-header-display":"","ast-hfb-above-header-display":"","ast-hfb-below-header-display":"","ast-hfb-mobile-header-display":"","site-post-title":"","ast-breadcrumbs-content":"","ast-featured-img":"","footer-sml-layout":"","theme-transparent-header-meta":"default","adv-header-id-meta":"","stick-header-meta":"","header-above-stick-meta":"","header-main-stick-meta":"","header-below-stick-meta":"","astra-migrate-meta-layouts":"set","ast-page-background-enabled":"default","ast-page-background-meta":{"desktop":{"background-color":"var(--ast-global-color-5)","background-image":"","background-repeat":"repeat","background-position":"center center","background-size":"auto","background-attachment":"scroll","background-type":"","background-media":"","overlay-type":"","overlay-color":"","overlay-opacity":"","overlay-gradient":""},"tablet":{"background-color":"","background-image":"","background-repeat":"repeat","background-position":"center center","background-size":"auto","background-attachment":"scroll","background-type":"","background-media":"","overlay-type":"","overlay-color":"","overlay-opacity":"","overlay-gradient":""},"mobile":{"background-color":"","background-image":"","background-repeat":"repeat","background-position":"center center","background-size":"auto","background-attachment":"scroll","background-type":"","background-media":"","overlay-type":"","overlay-color":"","overlay-opacity":"","overlay-gradient":""}},"ast-content-background-meta":{"desktop":{"background-color":"var(--ast-global-color-4)","background-image":"","background-repeat":"repeat","background-position":"center center","background-size":"auto","background-attachment":"scroll","background-type":"","background-media":"","overlay-type":"","overlay-color":"","overlay-opacity":"","overlay-gradient":""},"tablet":{"background-color":"var(--ast-global-color-4)","background-image":"","background-repeat":"repeat","background-position":"center center","background-size":"auto","background-attachment":"scroll","background-type":"","background-media":"","overlay-type":"","overlay-color":"","overlay-opacity":"","overlay-gradient":""},"mobile":{"background-color":"var(--ast-global-color-4)","background-image":"","background-repeat":"repeat","background-position":"center center","background-size":"auto","background-attachment":"scroll","background-type":"","background-media":"","overlay-type":"","overlay-color":"","overlay-opacity":"","overlay-gradient":""}}},"product_cat":[17,104,112],"product_tag":[],"class_list":{"0":"post-1706","1":"product","2":"type-product","3":"status-publish","4":"has-post-thumbnail","6":"product_cat-calzado-hombre","7":"product_cat-zapatos-de-lujo-hombre","8":"product_cat-mocasines-de-lujo-hombre","9":"pa_tallasize-71","10":"pa_tallasize-73","11":"pa_tallasize-74","12":"pa_tallasize-75","13":"pa_tallasize-76","14":"pa_tallasize-77","15":"pa_tallasize-78","16":"pa_tallasize-79","17":"pa_tallasize-80","18":"yith_product_brand-jose-de-mora","19":"desktop-align-left","20":"tablet-align-left","21":"mobile-align-left","23":"first","24":"instock","25":"taxable","26":"shipping-taxable","27":"purchasable","28":"product-type-variable"},"acf":[],"yoast_head":"<!-- This site is optimized with the Yoast SEO Premium plugin v23.5 (Yoast SEO v24.1) - https:\/\/yoast.com\/wordpress\/plugins\/seo\/ -->\n<title>CASTELLANO CASANNA - Jos\u00e9 de Mora<\/title>\n<meta name=\"robots\" content=\"index, follow, max-snippet:-1, max-image-preview:large, max-video-preview:-1\" \/>\n<link rel=\"canonical\" href=\"https:\/\/josedemora.com\/fr\/magasin\/chaussures-pour-hommes\/chaussures-de-luxe-pour-hommes\/mocassins-de-luxe-pour-hommes\/casanna-castillane\/\" \/>\n<meta property=\"og:locale\" content=\"fr_FR\" \/>\n<meta property=\"og:type\" content=\"article\" \/>\n<meta property=\"og:title\" content=\"CASTELLANO CASANNA\" \/>\n<meta property=\"og:description\" content=\"Zapato realizado en piel vegetal color natural, forrado en piel y suela de cuero.\" \/>\n<meta property=\"og:url\" content=\"https:\/\/josedemora.com\/fr\/magasin\/chaussures-pour-hommes\/chaussures-de-luxe-pour-hommes\/mocassins-de-luxe-pour-hommes\/casanna-castillane\/\" \/>\n<meta property=\"og:site_name\" content=\"Jos\u00e9 de Mora\" \/>\n<meta property=\"article:modified_time\" content=\"2025-06-04T13:50:44+00:00\" \/>\n<meta property=\"og:image\" content=\"https:\/\/josedemora.com\/wp-content\/uploads\/2018\/08\/CASANNA5.jpg\" \/>\n\t<meta property=\"og:image:width\" content=\"834\" \/>\n\t<meta property=\"og:image:height\" content=\"555\" \/>\n\t<meta property=\"og:image:type\" content=\"image\/jpeg\" \/>\n<meta name=\"twitter:card\" content=\"summary_large_image\" \/>\n<meta name=\"twitter:label1\" content=\"Dur\u00e9e de lecture estim\u00e9e\" \/>\n\t<meta name=\"twitter:data1\" content=\"1 minute\" \/>\n<script type=\"application\/ld+json\" class=\"yoast-schema-graph\">{\"@context\":\"https:\/\/schema.org\",\"@graph\":[{\"@type\":\"WebPage\",\"@id\":\"https:\/\/josedemora.com\/tienda\/calzado-hombre\/zapatos-de-lujo-hombre\/mocasines-de-lujo-hombre\/castellano-casanna\/\",\"url\":\"https:\/\/josedemora.com\/tienda\/calzado-hombre\/zapatos-de-lujo-hombre\/mocasines-de-lujo-hombre\/castellano-casanna\/\",\"name\":\"CASTELLANO CASANNA - Jos\u00e9 de Mora\",\"isPartOf\":{\"@id\":\"https:\/\/josedemora.com\/#website\"},\"primaryImageOfPage\":{\"@id\":\"https:\/\/josedemora.com\/tienda\/calzado-hombre\/zapatos-de-lujo-hombre\/mocasines-de-lujo-hombre\/castellano-casanna\/#primaryimage\"},\"image\":{\"@id\":\"https:\/\/josedemora.com\/tienda\/calzado-hombre\/zapatos-de-lujo-hombre\/mocasines-de-lujo-hombre\/castellano-casanna\/#primaryimage\"},\"thumbnailUrl\":\"https:\/\/josedemora.com\/wp-content\/uploads\/2018\/08\/CASANNA5.jpg\",\"datePublished\":\"2018-08-02T17:03:22+00:00\",\"dateModified\":\"2025-06-04T13:50:44+00:00\",\"breadcrumb\":{\"@id\":\"https:\/\/josedemora.com\/tienda\/calzado-hombre\/zapatos-de-lujo-hombre\/mocasines-de-lujo-hombre\/castellano-casanna\/#breadcrumb\"},\"inLanguage\":\"fr-FR\",\"potentialAction\":[{\"@type\":\"ReadAction\",\"target\":[\"https:\/\/josedemora.com\/tienda\/calzado-hombre\/zapatos-de-lujo-hombre\/mocasines-de-lujo-hombre\/castellano-casanna\/\"]}]},{\"@type\":\"ImageObject\",\"inLanguage\":\"fr-FR\",\"@id\":\"https:\/\/josedemora.com\/tienda\/calzado-hombre\/zapatos-de-lujo-hombre\/mocasines-de-lujo-hombre\/castellano-casanna\/#primaryimage\",\"url\":\"https:\/\/josedemora.com\/wp-content\/uploads\/2018\/08\/CASANNA5.jpg\",\"contentUrl\":\"https:\/\/josedemora.com\/wp-content\/uploads\/2018\/08\/CASANNA5.jpg\",\"width\":834,\"height\":555},{\"@type\":\"BreadcrumbList\",\"@id\":\"https:\/\/josedemora.com\/tienda\/calzado-hombre\/zapatos-de-lujo-hombre\/mocasines-de-lujo-hombre\/castellano-casanna\/#breadcrumb\",\"itemListElement\":[{\"@type\":\"ListItem\",\"position\":1,\"name\":\"Portada\",\"item\":\"https:\/\/josedemora.com\/\"},{\"@type\":\"ListItem\",\"position\":2,\"name\":\"Tienda\",\"item\":\"https:\/\/josedemora.com\/es\/tienda\/\"},{\"@type\":\"ListItem\",\"position\":3,\"name\":\"CASTELLANO CASANNA\"}]},{\"@type\":\"WebSite\",\"@id\":\"https:\/\/josedemora.com\/#website\",\"url\":\"https:\/\/josedemora.com\/\",\"name\":\"Jos\u00e9 de Mora\",\"description\":\"\",\"potentialAction\":[{\"@type\":\"SearchAction\",\"target\":{\"@type\":\"EntryPoint\",\"urlTemplate\":\"https:\/\/josedemora.com\/?s={search_term_string}\"},\"query-input\":{\"@type\":\"PropertyValueSpecification\",\"valueRequired\":true,\"valueName\":\"search_term_string\"}}],\"inLanguage\":\"fr-FR\"}]}<\/script>\n<!-- \/ Yoast SEO Premium plugin. -->","yoast_head_json":{"title":"CASTELLANO CASANNA - Jos\u00e9 de Mora","robots":{"index":"index","follow":"follow","max-snippet":"max-snippet:-1","max-image-preview":"max-image-preview:large","max-video-preview":"max-video-preview:-1"},"canonical":"https:\/\/josedemora.com\/fr\/magasin\/chaussures-pour-hommes\/chaussures-de-luxe-pour-hommes\/mocassins-de-luxe-pour-hommes\/casanna-castillane\/","og_locale":"fr_FR","og_type":"article","og_title":"CASTELLANO CASANNA","og_description":"Zapato realizado en piel vegetal color natural, forrado en piel y suela de cuero.","og_url":"https:\/\/josedemora.com\/fr\/magasin\/chaussures-pour-hommes\/chaussures-de-luxe-pour-hommes\/mocassins-de-luxe-pour-hommes\/casanna-castillane\/","og_site_name":"Jos\u00e9 de Mora","article_modified_time":"2025-06-04T13:50:44+00:00","og_image":[{"width":834,"height":555,"url":"https:\/\/josedemora.com\/wp-content\/uploads\/2018\/08\/CASANNA5.jpg","type":"image\/jpeg"}],"twitter_card":"summary_large_image","twitter_misc":{"Dur\u00e9e de lecture estim\u00e9e":"1 minute"},"schema":{"@context":"https:\/\/schema.org","@graph":[{"@type":"WebPage","@id":"https:\/\/josedemora.com\/tienda\/calzado-hombre\/zapatos-de-lujo-hombre\/mocasines-de-lujo-hombre\/castellano-casanna\/","url":"https:\/\/josedemora.com\/tienda\/calzado-hombre\/zapatos-de-lujo-hombre\/mocasines-de-lujo-hombre\/castellano-casanna\/","name":"CASTELLANO CASANNA - Jos\u00e9 de Mora","isPartOf":{"@id":"https:\/\/josedemora.com\/#website"},"primaryImageOfPage":{"@id":"https:\/\/josedemora.com\/tienda\/calzado-hombre\/zapatos-de-lujo-hombre\/mocasines-de-lujo-hombre\/castellano-casanna\/#primaryimage"},"image":{"@id":"https:\/\/josedemora.com\/tienda\/calzado-hombre\/zapatos-de-lujo-hombre\/mocasines-de-lujo-hombre\/castellano-casanna\/#primaryimage"},"thumbnailUrl":"https:\/\/josedemora.com\/wp-content\/uploads\/2018\/08\/CASANNA5.jpg","datePublished":"2018-08-02T17:03:22+00:00","dateModified":"2025-06-04T13:50:44+00:00","breadcrumb":{"@id":"https:\/\/josedemora.com\/tienda\/calzado-hombre\/zapatos-de-lujo-hombre\/mocasines-de-lujo-hombre\/castellano-casanna\/#breadcrumb"},"inLanguage":"fr-FR","potentialAction":[{"@type":"ReadAction","target":["https:\/\/josedemora.com\/tienda\/calzado-hombre\/zapatos-de-lujo-hombre\/mocasines-de-lujo-hombre\/castellano-casanna\/"]}]},{"@type":"ImageObject","inLanguage":"fr-FR","@id":"https:\/\/josedemora.com\/tienda\/calzado-hombre\/zapatos-de-lujo-hombre\/mocasines-de-lujo-hombre\/castellano-casanna\/#primaryimage","url":"https:\/\/josedemora.com\/wp-content\/uploads\/2018\/08\/CASANNA5.jpg","contentUrl":"https:\/\/josedemora.com\/wp-content\/uploads\/2018\/08\/CASANNA5.jpg","width":834,"height":555},{"@type":"BreadcrumbList","@id":"https:\/\/josedemora.com\/tienda\/calzado-hombre\/zapatos-de-lujo-hombre\/mocasines-de-lujo-hombre\/castellano-casanna\/#breadcrumb","itemListElement":[{"@type":"ListItem","position":1,"name":"Portada","item":"https:\/\/josedemora.com\/"},{"@type":"ListItem","position":2,"name":"Tienda","item":"https:\/\/josedemora.com\/es\/tienda\/"},{"@type":"ListItem","position":3,"name":"CASTELLANO CASANNA"}]},{"@type":"WebSite","@id":"https:\/\/josedemora.com\/#website","url":"https:\/\/josedemora.com\/","name":"Jos\u00e9 de Mora","description":"","potentialAction":[{"@type":"SearchAction","target":{"@type":"EntryPoint","urlTemplate":"https:\/\/josedemora.com\/?s={search_term_string}"},"query-input":{"@type":"PropertyValueSpecification","valueRequired":true,"valueName":"search_term_string"}}],"inLanguage":"fr-FR"}]}},"_links":{"self":[{"href":"https:\/\/josedemora.com\/fr\/wp-json\/wp\/v2\/product\/1706","targetHints":{"allow":["GET"]}}],"collection":[{"href":"https:\/\/josedemora.com\/fr\/wp-json\/wp\/v2\/product"}],"about":[{"href":"https:\/\/josedemora.com\/fr\/wp-json\/wp\/v2\/types\/product"}],"replies":[{"embeddable":true,"href":"https:\/\/josedemora.com\/fr\/wp-json\/wp\/v2\/comments?post=1706"}],"wp:featuredmedia":[{"embeddable":true,"href":"https:\/\/josedemora.com\/fr\/wp-json\/wp\/v2\/media\/1703"}],"wp:attachment":[{"href":"https:\/\/josedemora.com\/fr\/wp-json\/wp\/v2\/media?parent=1706"}],"wp:term":[{"taxonomy":"product_cat","embeddable":true,"href":"https:\/\/josedemora.com\/fr\/wp-json\/wp\/v2\/product_cat?post=1706"},{"taxonomy":"product_tag","embeddable":true,"href":"https:\/\/josedemora.com\/fr\/wp-json\/wp\/v2\/product_tag?post=1706"}],"curies":[{"name":"wp","href":"https:\/\/api.w.org\/{rel}","templated":true}]}}