{"id":1605,"date":"2018-08-01T17:03:15","date_gmt":"2018-08-01T17:03:15","guid":{"rendered":"https:\/\/josedemora.com\/producto\/canada\/"},"modified":"2025-06-04T14:38:24","modified_gmt":"2025-06-04T14:38:24","slug":"canada","status":"publish","type":"product","link":"https:\/\/josedemora.com\/fr\/magasin\/chaussures-pour-hommes\/chaussures-de-luxe-pour-hommes\/chaussures-a-boucle-pour-hommes\/canada\/","title":{"rendered":"CANADA"},"content":{"rendered":"","protected":false},"excerpt":{"rendered":"<p>Chaussure \u00e0 boucle en cuir gaufr\u00e9 marron, doublure int\u00e9rieure en cuir de vachette rouge et semelle en cuir. Construction cousue GoodYear, coupe confortable, avec aspect arrondi et bout allong\u00e9.<\/p>","protected":false},"featured_media":751,"comment_status":"open","ping_status":"closed","template":"","meta":{"_acf_changed":false,"site-sidebar-layout":"default","site-content-layout":"","ast-site-content-layout":"default","site-content-style":"default","site-sidebar-style":"default","ast-global-header-display":"","ast-banner-title-visibility":"","ast-main-header-display":"","ast-hfb-above-header-display":"","ast-hfb-below-header-display":"","ast-hfb-mobile-header-display":"","site-post-title":"","ast-breadcrumbs-content":"","ast-featured-img":"","footer-sml-layout":"","theme-transparent-header-meta":"default","adv-header-id-meta":"","stick-header-meta":"","header-above-stick-meta":"","header-main-stick-meta":"","header-below-stick-meta":"","astra-migrate-meta-layouts":"set","ast-page-background-enabled":"default","ast-page-background-meta":{"desktop":{"background-color":"var(--ast-global-color-5)","background-image":"","background-repeat":"repeat","background-position":"center center","background-size":"auto","background-attachment":"scroll","background-type":"","background-media":"","overlay-type":"","overlay-color":"","overlay-opacity":"","overlay-gradient":""},"tablet":{"background-color":"","background-image":"","background-repeat":"repeat","background-position":"center center","background-size":"auto","background-attachment":"scroll","background-type":"","background-media":"","overlay-type":"","overlay-color":"","overlay-opacity":"","overlay-gradient":""},"mobile":{"background-color":"","background-image":"","background-repeat":"repeat","background-position":"center center","background-size":"auto","background-attachment":"scroll","background-type":"","background-media":"","overlay-type":"","overlay-color":"","overlay-opacity":"","overlay-gradient":""}},"ast-content-background-meta":{"desktop":{"background-color":"var(--ast-global-color-4)","background-image":"","background-repeat":"repeat","background-position":"center center","background-size":"auto","background-attachment":"scroll","background-type":"","background-media":"","overlay-type":"","overlay-color":"","overlay-opacity":"","overlay-gradient":""},"tablet":{"background-color":"var(--ast-global-color-4)","background-image":"","background-repeat":"repeat","background-position":"center center","background-size":"auto","background-attachment":"scroll","background-type":"","background-media":"","overlay-type":"","overlay-color":"","overlay-opacity":"","overlay-gradient":""},"mobile":{"background-color":"var(--ast-global-color-4)","background-image":"","background-repeat":"repeat","background-position":"center center","background-size":"auto","background-attachment":"scroll","background-type":"","background-media":"","overlay-type":"","overlay-color":"","overlay-opacity":"","overlay-gradient":""}}},"product_cat":[104,111],"product_tag":[],"class_list":{"0":"post-1605","1":"product","2":"type-product","3":"status-publish","4":"has-post-thumbnail","6":"product_cat-zapatos-de-lujo-hombre","7":"product_cat-zapatos-hebilla-hombre","8":"pa_tallasize-71","9":"pa_tallasize-73","10":"pa_tallasize-74","11":"pa_tallasize-75","12":"pa_tallasize-76","13":"pa_tallasize-77","14":"pa_tallasize-78","15":"pa_tallasize-79","16":"pa_tallasize-80","17":"yith_product_brand-jose-de-mora","18":"desktop-align-left","19":"tablet-align-left","20":"mobile-align-left","22":"first","23":"instock","24":"taxable","25":"shipping-taxable","26":"purchasable","27":"product-type-variable"},"acf":[],"yoast_head":"<!-- This site is optimized with the Yoast SEO Premium plugin v23.5 (Yoast SEO v24.1) - https:\/\/yoast.com\/wordpress\/plugins\/seo\/ -->\n<title>CANAD\u00c1 - Jos\u00e9 de Mora<\/title>\n<meta name=\"robots\" content=\"index, follow, max-snippet:-1, max-image-preview:large, max-video-preview:-1\" \/>\n<link rel=\"canonical\" href=\"https:\/\/josedemora.com\/fr\/magasin\/chaussures-pour-hommes\/chaussures-de-luxe-pour-hommes\/chaussures-a-boucle-pour-hommes\/canada\/\" \/>\n<meta property=\"og:locale\" content=\"fr_FR\" \/>\n<meta property=\"og:type\" content=\"article\" \/>\n<meta property=\"og:title\" content=\"CANAD\u00c1\" \/>\n<meta property=\"og:description\" content=\"Zapato con hebilla realizado con piel grabada color marr\u00f3n, forro interior en piel vacuno rojo y suela de cuero. Fabricaci\u00f3n cosido GoodYear, calce c\u00f3modo, con apariencia redondeada y punta alargada.\" \/>\n<meta property=\"og:url\" content=\"https:\/\/josedemora.com\/fr\/magasin\/chaussures-pour-hommes\/chaussures-de-luxe-pour-hommes\/chaussures-a-boucle-pour-hommes\/canada\/\" \/>\n<meta property=\"og:site_name\" content=\"Jos\u00e9 de Mora\" \/>\n<meta property=\"article:modified_time\" content=\"2025-06-04T14:38:24+00:00\" \/>\n<meta property=\"og:image\" content=\"https:\/\/josedemora.com\/wp-content\/uploads\/2018\/11\/hebilla-marron-dos8.jpg\" \/>\n\t<meta property=\"og:image:width\" content=\"834\" \/>\n\t<meta property=\"og:image:height\" content=\"555\" \/>\n\t<meta property=\"og:image:type\" content=\"image\/jpeg\" \/>\n<meta name=\"twitter:card\" content=\"summary_large_image\" \/>\n<meta name=\"twitter:label1\" content=\"Dur\u00e9e de lecture estim\u00e9e\" \/>\n\t<meta name=\"twitter:data1\" content=\"1 minute\" \/>\n<script type=\"application\/ld+json\" class=\"yoast-schema-graph\">{\"@context\":\"https:\/\/schema.org\",\"@graph\":[{\"@type\":\"WebPage\",\"@id\":\"https:\/\/josedemora.com\/tienda\/calzado-hombre\/zapatos-de-lujo-hombre\/zapatos-hebilla-hombre\/canada\/\",\"url\":\"https:\/\/josedemora.com\/tienda\/calzado-hombre\/zapatos-de-lujo-hombre\/zapatos-hebilla-hombre\/canada\/\",\"name\":\"CANAD\u00c1 - Jos\u00e9 de Mora\",\"isPartOf\":{\"@id\":\"https:\/\/josedemora.com\/#website\"},\"primaryImageOfPage\":{\"@id\":\"https:\/\/josedemora.com\/tienda\/calzado-hombre\/zapatos-de-lujo-hombre\/zapatos-hebilla-hombre\/canada\/#primaryimage\"},\"image\":{\"@id\":\"https:\/\/josedemora.com\/tienda\/calzado-hombre\/zapatos-de-lujo-hombre\/zapatos-hebilla-hombre\/canada\/#primaryimage\"},\"thumbnailUrl\":\"https:\/\/josedemora.com\/wp-content\/uploads\/2018\/11\/hebilla-marron-dos8.jpg\",\"datePublished\":\"2018-08-01T17:03:15+00:00\",\"dateModified\":\"2025-06-04T14:38:24+00:00\",\"breadcrumb\":{\"@id\":\"https:\/\/josedemora.com\/tienda\/calzado-hombre\/zapatos-de-lujo-hombre\/zapatos-hebilla-hombre\/canada\/#breadcrumb\"},\"inLanguage\":\"fr-FR\",\"potentialAction\":[{\"@type\":\"ReadAction\",\"target\":[\"https:\/\/josedemora.com\/tienda\/calzado-hombre\/zapatos-de-lujo-hombre\/zapatos-hebilla-hombre\/canada\/\"]}]},{\"@type\":\"ImageObject\",\"inLanguage\":\"fr-FR\",\"@id\":\"https:\/\/josedemora.com\/tienda\/calzado-hombre\/zapatos-de-lujo-hombre\/zapatos-hebilla-hombre\/canada\/#primaryimage\",\"url\":\"https:\/\/josedemora.com\/wp-content\/uploads\/2018\/11\/hebilla-marron-dos8.jpg\",\"contentUrl\":\"https:\/\/josedemora.com\/wp-content\/uploads\/2018\/11\/hebilla-marron-dos8.jpg\",\"width\":834,\"height\":555},{\"@type\":\"BreadcrumbList\",\"@id\":\"https:\/\/josedemora.com\/tienda\/calzado-hombre\/zapatos-de-lujo-hombre\/zapatos-hebilla-hombre\/canada\/#breadcrumb\",\"itemListElement\":[{\"@type\":\"ListItem\",\"position\":1,\"name\":\"Portada\",\"item\":\"https:\/\/josedemora.com\/\"},{\"@type\":\"ListItem\",\"position\":2,\"name\":\"Tienda\",\"item\":\"https:\/\/josedemora.com\/es\/tienda\/\"},{\"@type\":\"ListItem\",\"position\":3,\"name\":\"CANAD\u00c1\"}]},{\"@type\":\"WebSite\",\"@id\":\"https:\/\/josedemora.com\/#website\",\"url\":\"https:\/\/josedemora.com\/\",\"name\":\"Jos\u00e9 de Mora\",\"description\":\"\",\"potentialAction\":[{\"@type\":\"SearchAction\",\"target\":{\"@type\":\"EntryPoint\",\"urlTemplate\":\"https:\/\/josedemora.com\/?s={search_term_string}\"},\"query-input\":{\"@type\":\"PropertyValueSpecification\",\"valueRequired\":true,\"valueName\":\"search_term_string\"}}],\"inLanguage\":\"fr-FR\"}]}<\/script>\n<!-- \/ Yoast SEO Premium plugin. -->","yoast_head_json":{"title":"CANAD\u00c1 - Jos\u00e9 de Mora","robots":{"index":"index","follow":"follow","max-snippet":"max-snippet:-1","max-image-preview":"max-image-preview:large","max-video-preview":"max-video-preview:-1"},"canonical":"https:\/\/josedemora.com\/fr\/magasin\/chaussures-pour-hommes\/chaussures-de-luxe-pour-hommes\/chaussures-a-boucle-pour-hommes\/canada\/","og_locale":"fr_FR","og_type":"article","og_title":"CANAD\u00c1","og_description":"Zapato con hebilla realizado con piel grabada color marr\u00f3n, forro interior en piel vacuno rojo y suela de cuero. Fabricaci\u00f3n cosido GoodYear, calce c\u00f3modo, con apariencia redondeada y punta alargada.","og_url":"https:\/\/josedemora.com\/fr\/magasin\/chaussures-pour-hommes\/chaussures-de-luxe-pour-hommes\/chaussures-a-boucle-pour-hommes\/canada\/","og_site_name":"Jos\u00e9 de Mora","article_modified_time":"2025-06-04T14:38:24+00:00","og_image":[{"width":834,"height":555,"url":"https:\/\/josedemora.com\/wp-content\/uploads\/2018\/11\/hebilla-marron-dos8.jpg","type":"image\/jpeg"}],"twitter_card":"summary_large_image","twitter_misc":{"Dur\u00e9e de lecture estim\u00e9e":"1 minute"},"schema":{"@context":"https:\/\/schema.org","@graph":[{"@type":"WebPage","@id":"https:\/\/josedemora.com\/tienda\/calzado-hombre\/zapatos-de-lujo-hombre\/zapatos-hebilla-hombre\/canada\/","url":"https:\/\/josedemora.com\/tienda\/calzado-hombre\/zapatos-de-lujo-hombre\/zapatos-hebilla-hombre\/canada\/","name":"CANAD\u00c1 - Jos\u00e9 de Mora","isPartOf":{"@id":"https:\/\/josedemora.com\/#website"},"primaryImageOfPage":{"@id":"https:\/\/josedemora.com\/tienda\/calzado-hombre\/zapatos-de-lujo-hombre\/zapatos-hebilla-hombre\/canada\/#primaryimage"},"image":{"@id":"https:\/\/josedemora.com\/tienda\/calzado-hombre\/zapatos-de-lujo-hombre\/zapatos-hebilla-hombre\/canada\/#primaryimage"},"thumbnailUrl":"https:\/\/josedemora.com\/wp-content\/uploads\/2018\/11\/hebilla-marron-dos8.jpg","datePublished":"2018-08-01T17:03:15+00:00","dateModified":"2025-06-04T14:38:24+00:00","breadcrumb":{"@id":"https:\/\/josedemora.com\/tienda\/calzado-hombre\/zapatos-de-lujo-hombre\/zapatos-hebilla-hombre\/canada\/#breadcrumb"},"inLanguage":"fr-FR","potentialAction":[{"@type":"ReadAction","target":["https:\/\/josedemora.com\/tienda\/calzado-hombre\/zapatos-de-lujo-hombre\/zapatos-hebilla-hombre\/canada\/"]}]},{"@type":"ImageObject","inLanguage":"fr-FR","@id":"https:\/\/josedemora.com\/tienda\/calzado-hombre\/zapatos-de-lujo-hombre\/zapatos-hebilla-hombre\/canada\/#primaryimage","url":"https:\/\/josedemora.com\/wp-content\/uploads\/2018\/11\/hebilla-marron-dos8.jpg","contentUrl":"https:\/\/josedemora.com\/wp-content\/uploads\/2018\/11\/hebilla-marron-dos8.jpg","width":834,"height":555},{"@type":"BreadcrumbList","@id":"https:\/\/josedemora.com\/tienda\/calzado-hombre\/zapatos-de-lujo-hombre\/zapatos-hebilla-hombre\/canada\/#breadcrumb","itemListElement":[{"@type":"ListItem","position":1,"name":"Portada","item":"https:\/\/josedemora.com\/"},{"@type":"ListItem","position":2,"name":"Tienda","item":"https:\/\/josedemora.com\/es\/tienda\/"},{"@type":"ListItem","position":3,"name":"CANAD\u00c1"}]},{"@type":"WebSite","@id":"https:\/\/josedemora.com\/#website","url":"https:\/\/josedemora.com\/","name":"Jos\u00e9 de Mora","description":"","potentialAction":[{"@type":"SearchAction","target":{"@type":"EntryPoint","urlTemplate":"https:\/\/josedemora.com\/?s={search_term_string}"},"query-input":{"@type":"PropertyValueSpecification","valueRequired":true,"valueName":"search_term_string"}}],"inLanguage":"fr-FR"}]}},"_links":{"self":[{"href":"https:\/\/josedemora.com\/fr\/wp-json\/wp\/v2\/product\/1605","targetHints":{"allow":["GET"]}}],"collection":[{"href":"https:\/\/josedemora.com\/fr\/wp-json\/wp\/v2\/product"}],"about":[{"href":"https:\/\/josedemora.com\/fr\/wp-json\/wp\/v2\/types\/product"}],"replies":[{"embeddable":true,"href":"https:\/\/josedemora.com\/fr\/wp-json\/wp\/v2\/comments?post=1605"}],"wp:featuredmedia":[{"embeddable":true,"href":"https:\/\/josedemora.com\/fr\/wp-json\/wp\/v2\/media\/751"}],"wp:attachment":[{"href":"https:\/\/josedemora.com\/fr\/wp-json\/wp\/v2\/media?parent=1605"}],"wp:term":[{"taxonomy":"product_cat","embeddable":true,"href":"https:\/\/josedemora.com\/fr\/wp-json\/wp\/v2\/product_cat?post=1605"},{"taxonomy":"product_tag","embeddable":true,"href":"https:\/\/josedemora.com\/fr\/wp-json\/wp\/v2\/product_tag?post=1605"}],"curies":[{"name":"wp","href":"https:\/\/api.w.org\/{rel}","templated":true}]}}