{"id":1499,"date":"2018-07-17T04:15:20","date_gmt":"2018-07-17T04:15:20","guid":{"rendered":"https:\/\/josedemora.com\/producto\/zapato-tacon-lengueta-ante\/"},"modified":"2025-06-04T14:50:46","modified_gmt":"2025-06-04T14:50:46","slug":"zapato-tacon-lengueta-ante","status":"publish","type":"product","link":"https:\/\/josedemora.com\/fr\/magasin\/non-classe\/chaussure-a-talon-et-languette-en-daim\/","title":{"rendered":"Chaussure \u00e0 talon et languette en daim"},"content":{"rendered":"<p><strong>Chaussure \u00e0 talon avec languette sur la tige. La languette est facultative, car elle peut \u00eatre retir\u00e9e gr\u00e2ce aux lacets. Cette chaussure pr\u00e9sente un profil lat\u00e9ral simple pour lui donner une touche artisanale. La hauteur du talon est de 6 cm.<\/strong><\/p>\n<p><strong>Il est fait de cuir su\u00e9d\u00e9. Disponible en plusieurs coloris au choix, contactez-nous et vous pourrez commander.<\/strong><\/p>\n<p><strong>Pour prendre soin et nettoyer la peau, utilisez une brosse \u00e0 chaussures sp\u00e9ciale pour ce type de peau et brossez-la doucement pour \u00e9liminer la salet\u00e9 ou certaines taches.<\/strong><\/p>","protected":false},"excerpt":{"rendered":"<p><strong>Chaussure \u00e0 talon haut, en daim de haute qualit\u00e9 et avec languette. Talon 6 cm.<\/strong><\/p>","protected":false},"featured_media":1488,"comment_status":"open","ping_status":"closed","template":"","meta":{"_acf_changed":false,"site-sidebar-layout":"default","site-content-layout":"","ast-site-content-layout":"","site-content-style":"default","site-sidebar-style":"default","ast-global-header-display":"","ast-banner-title-visibility":"","ast-main-header-display":"","ast-hfb-above-header-display":"","ast-hfb-below-header-display":"","ast-hfb-mobile-header-display":"","site-post-title":"","ast-breadcrumbs-content":"","ast-featured-img":"","footer-sml-layout":"","theme-transparent-header-meta":"","adv-header-id-meta":"","stick-header-meta":"","header-above-stick-meta":"","header-main-stick-meta":"","header-below-stick-meta":"","astra-migrate-meta-layouts":"default","ast-page-background-enabled":"default","ast-page-background-meta":{"desktop":{"background-color":"var(--ast-global-color-5)","background-image":"","background-repeat":"repeat","background-position":"center center","background-size":"auto","background-attachment":"scroll","background-type":"","background-media":"","overlay-type":"","overlay-color":"","overlay-opacity":"","overlay-gradient":""},"tablet":{"background-color":"","background-image":"","background-repeat":"repeat","background-position":"center center","background-size":"auto","background-attachment":"scroll","background-type":"","background-media":"","overlay-type":"","overlay-color":"","overlay-opacity":"","overlay-gradient":""},"mobile":{"background-color":"","background-image":"","background-repeat":"repeat","background-position":"center center","background-size":"auto","background-attachment":"scroll","background-type":"","background-media":"","overlay-type":"","overlay-color":"","overlay-opacity":"","overlay-gradient":""}},"ast-content-background-meta":{"desktop":{"background-color":"var(--ast-global-color-4)","background-image":"","background-repeat":"repeat","background-position":"center center","background-size":"auto","background-attachment":"scroll","background-type":"","background-media":"","overlay-type":"","overlay-color":"","overlay-opacity":"","overlay-gradient":""},"tablet":{"background-color":"var(--ast-global-color-4)","background-image":"","background-repeat":"repeat","background-position":"center center","background-size":"auto","background-attachment":"scroll","background-type":"","background-media":"","overlay-type":"","overlay-color":"","overlay-opacity":"","overlay-gradient":""},"mobile":{"background-color":"var(--ast-global-color-4)","background-image":"","background-repeat":"repeat","background-position":"center center","background-size":"auto","background-attachment":"scroll","background-type":"","background-media":"","overlay-type":"","overlay-color":"","overlay-opacity":"","overlay-gradient":""}}},"product_cat":[15],"product_tag":[],"class_list":{"0":"post-1499","1":"product","2":"type-product","3":"status-publish","4":"has-post-thumbnail","6":"product_cat-sin-categorizar","7":"pa_tallasize-69","8":"pa_tallasize-70","9":"pa_tallasize-71","10":"pa_tallasize-72","11":"pa_tallasize-73","12":"pa_tallasize-74","13":"pa_tallasize-75","14":"pa_tallasize-76","15":"yith_product_brand-manufacturer","16":"desktop-align-left","17":"tablet-align-left","18":"mobile-align-left","20":"first","21":"instock","22":"taxable","23":"shipping-taxable","24":"purchasable","25":"product-type-variable"},"acf":[],"yoast_head":"<!-- This site is optimized with the Yoast SEO Premium plugin v23.5 (Yoast SEO v24.1) - https:\/\/yoast.com\/wordpress\/plugins\/seo\/ -->\n<title>Suede tongue heel shoe - Jos\u00e9 de Mora<\/title>\n<meta name=\"description\" content=\"zapato de mujer de valverde del camino tac\u00f3n cordones\" \/>\n<meta name=\"robots\" content=\"index, follow, max-snippet:-1, max-image-preview:large, max-video-preview:-1\" \/>\n<link rel=\"canonical\" href=\"https:\/\/josedemora.com\/fr\/magasin\/non-classe\/chaussure-a-talon-et-languette-en-daim\/\" \/>\n<meta property=\"og:locale\" content=\"fr_FR\" \/>\n<meta property=\"og:type\" content=\"article\" \/>\n<meta property=\"og:title\" content=\"Suede tongue heel shoe\" \/>\n<meta property=\"og:description\" content=\"zapato de mujer de valverde del camino tac\u00f3n cordones\" \/>\n<meta property=\"og:url\" content=\"https:\/\/josedemora.com\/fr\/magasin\/non-classe\/chaussure-a-talon-et-languette-en-daim\/\" \/>\n<meta property=\"og:site_name\" content=\"Jos\u00e9 de Mora\" \/>\n<meta property=\"article:modified_time\" content=\"2025-06-04T14:50:46+00:00\" \/>\n<meta property=\"og:image\" content=\"https:\/\/josedemora.com\/wp-content\/uploads\/2018\/07\/A42interior-.jpg\" \/>\n\t<meta property=\"og:image:width\" content=\"1345\" \/>\n\t<meta property=\"og:image:height\" content=\"894\" \/>\n\t<meta property=\"og:image:type\" content=\"image\/jpeg\" \/>\n<meta name=\"twitter:card\" content=\"summary_large_image\" \/>\n<script type=\"application\/ld+json\" class=\"yoast-schema-graph\">{\"@context\":\"https:\/\/schema.org\",\"@graph\":[{\"@type\":\"WebPage\",\"@id\":\"https:\/\/josedemora.com\/tienda\/sin-categorizar\/zapato-tacon-lengueta-ante\/\",\"url\":\"https:\/\/josedemora.com\/tienda\/sin-categorizar\/zapato-tacon-lengueta-ante\/\",\"name\":\"Suede tongue heel shoe - Jos\u00e9 de Mora\",\"isPartOf\":{\"@id\":\"https:\/\/josedemora.com\/#website\"},\"primaryImageOfPage\":{\"@id\":\"https:\/\/josedemora.com\/tienda\/sin-categorizar\/zapato-tacon-lengueta-ante\/#primaryimage\"},\"image\":{\"@id\":\"https:\/\/josedemora.com\/tienda\/sin-categorizar\/zapato-tacon-lengueta-ante\/#primaryimage\"},\"thumbnailUrl\":\"https:\/\/josedemora.com\/wp-content\/uploads\/2018\/07\/A42interior-.jpg\",\"datePublished\":\"2018-07-17T04:15:20+00:00\",\"dateModified\":\"2025-06-04T14:50:46+00:00\",\"description\":\"zapato de mujer de valverde del camino tac\u00f3n cordones\",\"breadcrumb\":{\"@id\":\"https:\/\/josedemora.com\/tienda\/sin-categorizar\/zapato-tacon-lengueta-ante\/#breadcrumb\"},\"inLanguage\":\"fr-FR\",\"potentialAction\":[{\"@type\":\"ReadAction\",\"target\":[\"https:\/\/josedemora.com\/tienda\/sin-categorizar\/zapato-tacon-lengueta-ante\/\"]}]},{\"@type\":\"ImageObject\",\"inLanguage\":\"fr-FR\",\"@id\":\"https:\/\/josedemora.com\/tienda\/sin-categorizar\/zapato-tacon-lengueta-ante\/#primaryimage\",\"url\":\"https:\/\/josedemora.com\/wp-content\/uploads\/2018\/07\/A42interior-.jpg\",\"contentUrl\":\"https:\/\/josedemora.com\/wp-content\/uploads\/2018\/07\/A42interior-.jpg\",\"width\":1345,\"height\":894},{\"@type\":\"BreadcrumbList\",\"@id\":\"https:\/\/josedemora.com\/tienda\/sin-categorizar\/zapato-tacon-lengueta-ante\/#breadcrumb\",\"itemListElement\":[{\"@type\":\"ListItem\",\"position\":1,\"name\":\"Portada\",\"item\":\"https:\/\/josedemora.com\/\"},{\"@type\":\"ListItem\",\"position\":2,\"name\":\"Tienda\",\"item\":\"https:\/\/josedemora.com\/es\/tienda\/\"},{\"@type\":\"ListItem\",\"position\":3,\"name\":\"Suede tongue heel shoe\"}]},{\"@type\":\"WebSite\",\"@id\":\"https:\/\/josedemora.com\/#website\",\"url\":\"https:\/\/josedemora.com\/\",\"name\":\"Jos\u00e9 de Mora\",\"description\":\"\",\"potentialAction\":[{\"@type\":\"SearchAction\",\"target\":{\"@type\":\"EntryPoint\",\"urlTemplate\":\"https:\/\/josedemora.com\/?s={search_term_string}\"},\"query-input\":{\"@type\":\"PropertyValueSpecification\",\"valueRequired\":true,\"valueName\":\"search_term_string\"}}],\"inLanguage\":\"fr-FR\"}]}<\/script>\n<!-- \/ Yoast SEO Premium plugin. -->","yoast_head_json":{"title":"Suede tongue heel shoe - Jos\u00e9 de Mora","description":"zapato de mujer de valverde del camino tac\u00f3n cordones","robots":{"index":"index","follow":"follow","max-snippet":"max-snippet:-1","max-image-preview":"max-image-preview:large","max-video-preview":"max-video-preview:-1"},"canonical":"https:\/\/josedemora.com\/fr\/magasin\/non-classe\/chaussure-a-talon-et-languette-en-daim\/","og_locale":"fr_FR","og_type":"article","og_title":"Suede tongue heel shoe","og_description":"zapato de mujer de valverde del camino tac\u00f3n cordones","og_url":"https:\/\/josedemora.com\/fr\/magasin\/non-classe\/chaussure-a-talon-et-languette-en-daim\/","og_site_name":"Jos\u00e9 de Mora","article_modified_time":"2025-06-04T14:50:46+00:00","og_image":[{"width":1345,"height":894,"url":"https:\/\/josedemora.com\/wp-content\/uploads\/2018\/07\/A42interior-.jpg","type":"image\/jpeg"}],"twitter_card":"summary_large_image","schema":{"@context":"https:\/\/schema.org","@graph":[{"@type":"WebPage","@id":"https:\/\/josedemora.com\/tienda\/sin-categorizar\/zapato-tacon-lengueta-ante\/","url":"https:\/\/josedemora.com\/tienda\/sin-categorizar\/zapato-tacon-lengueta-ante\/","name":"Suede tongue heel shoe - Jos\u00e9 de Mora","isPartOf":{"@id":"https:\/\/josedemora.com\/#website"},"primaryImageOfPage":{"@id":"https:\/\/josedemora.com\/tienda\/sin-categorizar\/zapato-tacon-lengueta-ante\/#primaryimage"},"image":{"@id":"https:\/\/josedemora.com\/tienda\/sin-categorizar\/zapato-tacon-lengueta-ante\/#primaryimage"},"thumbnailUrl":"https:\/\/josedemora.com\/wp-content\/uploads\/2018\/07\/A42interior-.jpg","datePublished":"2018-07-17T04:15:20+00:00","dateModified":"2025-06-04T14:50:46+00:00","description":"zapato de mujer de valverde del camino tac\u00f3n cordones","breadcrumb":{"@id":"https:\/\/josedemora.com\/tienda\/sin-categorizar\/zapato-tacon-lengueta-ante\/#breadcrumb"},"inLanguage":"fr-FR","potentialAction":[{"@type":"ReadAction","target":["https:\/\/josedemora.com\/tienda\/sin-categorizar\/zapato-tacon-lengueta-ante\/"]}]},{"@type":"ImageObject","inLanguage":"fr-FR","@id":"https:\/\/josedemora.com\/tienda\/sin-categorizar\/zapato-tacon-lengueta-ante\/#primaryimage","url":"https:\/\/josedemora.com\/wp-content\/uploads\/2018\/07\/A42interior-.jpg","contentUrl":"https:\/\/josedemora.com\/wp-content\/uploads\/2018\/07\/A42interior-.jpg","width":1345,"height":894},{"@type":"BreadcrumbList","@id":"https:\/\/josedemora.com\/tienda\/sin-categorizar\/zapato-tacon-lengueta-ante\/#breadcrumb","itemListElement":[{"@type":"ListItem","position":1,"name":"Portada","item":"https:\/\/josedemora.com\/"},{"@type":"ListItem","position":2,"name":"Tienda","item":"https:\/\/josedemora.com\/es\/tienda\/"},{"@type":"ListItem","position":3,"name":"Suede tongue heel shoe"}]},{"@type":"WebSite","@id":"https:\/\/josedemora.com\/#website","url":"https:\/\/josedemora.com\/","name":"Jos\u00e9 de Mora","description":"","potentialAction":[{"@type":"SearchAction","target":{"@type":"EntryPoint","urlTemplate":"https:\/\/josedemora.com\/?s={search_term_string}"},"query-input":{"@type":"PropertyValueSpecification","valueRequired":true,"valueName":"search_term_string"}}],"inLanguage":"fr-FR"}]}},"_links":{"self":[{"href":"https:\/\/josedemora.com\/fr\/wp-json\/wp\/v2\/product\/1499","targetHints":{"allow":["GET"]}}],"collection":[{"href":"https:\/\/josedemora.com\/fr\/wp-json\/wp\/v2\/product"}],"about":[{"href":"https:\/\/josedemora.com\/fr\/wp-json\/wp\/v2\/types\/product"}],"replies":[{"embeddable":true,"href":"https:\/\/josedemora.com\/fr\/wp-json\/wp\/v2\/comments?post=1499"}],"wp:featuredmedia":[{"embeddable":true,"href":"https:\/\/josedemora.com\/fr\/wp-json\/wp\/v2\/media\/1488"}],"wp:attachment":[{"href":"https:\/\/josedemora.com\/fr\/wp-json\/wp\/v2\/media?parent=1499"}],"wp:term":[{"taxonomy":"product_cat","embeddable":true,"href":"https:\/\/josedemora.com\/fr\/wp-json\/wp\/v2\/product_cat?post=1499"},{"taxonomy":"product_tag","embeddable":true,"href":"https:\/\/josedemora.com\/fr\/wp-json\/wp\/v2\/product_tag?post=1499"}],"curies":[{"name":"wp","href":"https:\/\/api.w.org\/{rel}","templated":true}]}}