{"id":1444,"date":"2018-07-17T04:15:20","date_gmt":"2018-07-17T04:15:20","guid":{"rendered":"https:\/\/josedemora.com\/producto\/a96-botin-borlas-y-dibujo-cosido\/"},"modified":"2018-07-17T04:15:20","modified_gmt":"2018-07-17T04:15:20","slug":"a96-botin-borlas-y-dibujo-cosido","status":"publish","type":"product","link":"https:\/\/josedemora.com\/fr\/magasin\/non-classe\/botte-a96-avec-pompons-et-motif-cousu\/","title":{"rendered":"Botte A96 \u00e0 pompons et \u00e0 dessins cousus"},"content":{"rendered":"<p><strong>Botte \u00e0 talon en cuir huil\u00e9 de qualit\u00e9.<\/strong><\/p>\n<p><strong>\u00a0A l&#039;ext\u00e9rieur, un dessin artisanal cousu avec un fond blanc et des pompons \u00e0 franges, et \u00e0 l&#039;int\u00e9rieur, il poss\u00e8de une fine fermeture \u00e9clair qui assure le confort lors du port.<\/strong><\/p>\n<p><strong>La hauteur du talon mesure 6 cm.<\/strong><\/p>\n<p><strong>Pour nettoyer et prendre soin de la peau : tout d&#039;abord, nettoyez la chaussure avec un chiffon sec, puis utilisez de la cire d&#039;abeille, une cr\u00e8me qui nourrit et prend soin parfaitement de la peau.<br \/><\/strong><\/p>\n<p><strong>Si vous souhaitez l&#039;acheter, vous pouvez le demander dans votre commande dans la section commentaires ou en nous contactant directement.<\/strong><\/p>\n<p>\u00a0<\/p>","protected":false},"excerpt":{"rendered":"<p><strong>Botte \u00e0 talon en cuir huil\u00e9 de qualit\u00e9.<\/strong><\/p>\n<p><strong>A l&#039;ext\u00e9rieur, un dessin artisanal cousu avec un fond blanc et des pompons \u00e0 franges, et \u00e0 l&#039;int\u00e9rieur, il poss\u00e8de une fine fermeture \u00e9clair qui assure le confort lors du port.<\/strong><\/p>\n<p><strong>La hauteur du talon mesure 6 cm.<\/strong><\/p>","protected":false},"featured_media":793,"comment_status":"open","ping_status":"closed","template":"","meta":{"_acf_changed":false,"site-sidebar-layout":"default","site-content-layout":"","ast-site-content-layout":"","site-content-style":"default","site-sidebar-style":"default","ast-global-header-display":"","ast-banner-title-visibility":"","ast-main-header-display":"","ast-hfb-above-header-display":"","ast-hfb-below-header-display":"","ast-hfb-mobile-header-display":"","site-post-title":"","ast-breadcrumbs-content":"","ast-featured-img":"","footer-sml-layout":"","theme-transparent-header-meta":"","adv-header-id-meta":"","stick-header-meta":"","header-above-stick-meta":"","header-main-stick-meta":"","header-below-stick-meta":"","astra-migrate-meta-layouts":"default","ast-page-background-enabled":"default","ast-page-background-meta":{"desktop":{"background-color":"var(--ast-global-color-5)","background-image":"","background-repeat":"repeat","background-position":"center center","background-size":"auto","background-attachment":"scroll","background-type":"","background-media":"","overlay-type":"","overlay-color":"","overlay-opacity":"","overlay-gradient":""},"tablet":{"background-color":"","background-image":"","background-repeat":"repeat","background-position":"center center","background-size":"auto","background-attachment":"scroll","background-type":"","background-media":"","overlay-type":"","overlay-color":"","overlay-opacity":"","overlay-gradient":""},"mobile":{"background-color":"","background-image":"","background-repeat":"repeat","background-position":"center center","background-size":"auto","background-attachment":"scroll","background-type":"","background-media":"","overlay-type":"","overlay-color":"","overlay-opacity":"","overlay-gradient":""}},"ast-content-background-meta":{"desktop":{"background-color":"var(--ast-global-color-4)","background-image":"","background-repeat":"repeat","background-position":"center center","background-size":"auto","background-attachment":"scroll","background-type":"","background-media":"","overlay-type":"","overlay-color":"","overlay-opacity":"","overlay-gradient":""},"tablet":{"background-color":"var(--ast-global-color-4)","background-image":"","background-repeat":"repeat","background-position":"center center","background-size":"auto","background-attachment":"scroll","background-type":"","background-media":"","overlay-type":"","overlay-color":"","overlay-opacity":"","overlay-gradient":""},"mobile":{"background-color":"var(--ast-global-color-4)","background-image":"","background-repeat":"repeat","background-position":"center center","background-size":"auto","background-attachment":"scroll","background-type":"","background-media":"","overlay-type":"","overlay-color":"","overlay-opacity":"","overlay-gradient":""}}},"product_cat":[15],"product_tag":[],"class_list":{"0":"post-1444","1":"product","2":"type-product","3":"status-publish","4":"has-post-thumbnail","6":"product_cat-sin-categorizar","7":"pa_tallasize-69","8":"pa_tallasize-70","9":"pa_tallasize-71","10":"pa_tallasize-72","11":"pa_tallasize-73","12":"pa_tallasize-74","13":"pa_tallasize-75","14":"pa_tallasize-76","15":"yith_product_brand-manufacturer","16":"desktop-align-left","17":"tablet-align-left","18":"mobile-align-left","20":"first","21":"instock","22":"taxable","23":"shipping-taxable","24":"purchasable","25":"product-type-variable"},"acf":[],"yoast_head":"<!-- This site is optimized with the Yoast SEO Premium plugin v23.5 (Yoast SEO v24.1) - https:\/\/yoast.com\/wordpress\/plugins\/seo\/ -->\n<title>A96 Tassels and Stitched Drawing boot - Jos\u00e9 de Mora<\/title>\n<meta name=\"description\" content=\"bot\u00edn tac\u00f3n para mujer piel engrasada valverde del camino artesano con cosido\" \/>\n<meta name=\"robots\" content=\"index, follow, max-snippet:-1, max-image-preview:large, max-video-preview:-1\" \/>\n<link rel=\"canonical\" href=\"https:\/\/josedemora.com\/fr\/magasin\/non-classe\/botte-a96-avec-pompons-et-motif-cousu\/\" \/>\n<meta property=\"og:locale\" content=\"fr_FR\" \/>\n<meta property=\"og:type\" content=\"article\" \/>\n<meta property=\"og:title\" content=\"A96 Tassels and Stitched Drawing boot\" \/>\n<meta property=\"og:description\" content=\"bot\u00edn tac\u00f3n para mujer piel engrasada valverde del camino artesano con cosido\" \/>\n<meta property=\"og:url\" content=\"https:\/\/josedemora.com\/fr\/magasin\/non-classe\/botte-a96-avec-pompons-et-motif-cousu\/\" \/>\n<meta property=\"og:site_name\" content=\"Jos\u00e9 de Mora\" \/>\n<meta property=\"og:image\" content=\"https:\/\/josedemora.com\/wp-content\/uploads\/2020\/09\/A96-.jpg\" \/>\n\t<meta property=\"og:image:width\" content=\"1345\" \/>\n\t<meta property=\"og:image:height\" content=\"894\" \/>\n\t<meta property=\"og:image:type\" content=\"image\/jpeg\" \/>\n<meta name=\"twitter:card\" content=\"summary_large_image\" \/>\n<script type=\"application\/ld+json\" class=\"yoast-schema-graph\">{\"@context\":\"https:\/\/schema.org\",\"@graph\":[{\"@type\":\"WebPage\",\"@id\":\"https:\/\/josedemora.com\/tienda\/sin-categorizar\/a96-botin-borlas-y-dibujo-cosido\/\",\"url\":\"https:\/\/josedemora.com\/tienda\/sin-categorizar\/a96-botin-borlas-y-dibujo-cosido\/\",\"name\":\"A96 Tassels and Stitched Drawing boot - Jos\u00e9 de Mora\",\"isPartOf\":{\"@id\":\"https:\/\/josedemora.com\/#website\"},\"primaryImageOfPage\":{\"@id\":\"https:\/\/josedemora.com\/tienda\/sin-categorizar\/a96-botin-borlas-y-dibujo-cosido\/#primaryimage\"},\"image\":{\"@id\":\"https:\/\/josedemora.com\/tienda\/sin-categorizar\/a96-botin-borlas-y-dibujo-cosido\/#primaryimage\"},\"thumbnailUrl\":\"https:\/\/josedemora.com\/wp-content\/uploads\/2020\/09\/A96-.jpg\",\"datePublished\":\"2018-07-17T04:15:20+00:00\",\"dateModified\":\"2018-07-17T04:15:20+00:00\",\"description\":\"bot\u00edn tac\u00f3n para mujer piel engrasada valverde del camino artesano con cosido\",\"breadcrumb\":{\"@id\":\"https:\/\/josedemora.com\/tienda\/sin-categorizar\/a96-botin-borlas-y-dibujo-cosido\/#breadcrumb\"},\"inLanguage\":\"fr-FR\",\"potentialAction\":[{\"@type\":\"ReadAction\",\"target\":[\"https:\/\/josedemora.com\/tienda\/sin-categorizar\/a96-botin-borlas-y-dibujo-cosido\/\"]}]},{\"@type\":\"ImageObject\",\"inLanguage\":\"fr-FR\",\"@id\":\"https:\/\/josedemora.com\/tienda\/sin-categorizar\/a96-botin-borlas-y-dibujo-cosido\/#primaryimage\",\"url\":\"https:\/\/josedemora.com\/wp-content\/uploads\/2020\/09\/A96-.jpg\",\"contentUrl\":\"https:\/\/josedemora.com\/wp-content\/uploads\/2020\/09\/A96-.jpg\",\"width\":1345,\"height\":894},{\"@type\":\"BreadcrumbList\",\"@id\":\"https:\/\/josedemora.com\/tienda\/sin-categorizar\/a96-botin-borlas-y-dibujo-cosido\/#breadcrumb\",\"itemListElement\":[{\"@type\":\"ListItem\",\"position\":1,\"name\":\"Portada\",\"item\":\"https:\/\/josedemora.com\/\"},{\"@type\":\"ListItem\",\"position\":2,\"name\":\"Tienda\",\"item\":\"https:\/\/josedemora.com\/es\/tienda\/\"},{\"@type\":\"ListItem\",\"position\":3,\"name\":\"A96 Tassels and Stitched Drawing boot\"}]},{\"@type\":\"WebSite\",\"@id\":\"https:\/\/josedemora.com\/#website\",\"url\":\"https:\/\/josedemora.com\/\",\"name\":\"Jos\u00e9 de Mora\",\"description\":\"\",\"potentialAction\":[{\"@type\":\"SearchAction\",\"target\":{\"@type\":\"EntryPoint\",\"urlTemplate\":\"https:\/\/josedemora.com\/?s={search_term_string}\"},\"query-input\":{\"@type\":\"PropertyValueSpecification\",\"valueRequired\":true,\"valueName\":\"search_term_string\"}}],\"inLanguage\":\"fr-FR\"}]}<\/script>\n<!-- \/ Yoast SEO Premium plugin. -->","yoast_head_json":{"title":"A96 Tassels and Stitched Drawing boot - Jos\u00e9 de Mora","description":"bot\u00edn tac\u00f3n para mujer piel engrasada valverde del camino artesano con cosido","robots":{"index":"index","follow":"follow","max-snippet":"max-snippet:-1","max-image-preview":"max-image-preview:large","max-video-preview":"max-video-preview:-1"},"canonical":"https:\/\/josedemora.com\/fr\/magasin\/non-classe\/botte-a96-avec-pompons-et-motif-cousu\/","og_locale":"fr_FR","og_type":"article","og_title":"A96 Tassels and Stitched Drawing boot","og_description":"bot\u00edn tac\u00f3n para mujer piel engrasada valverde del camino artesano con cosido","og_url":"https:\/\/josedemora.com\/fr\/magasin\/non-classe\/botte-a96-avec-pompons-et-motif-cousu\/","og_site_name":"Jos\u00e9 de Mora","og_image":[{"width":1345,"height":894,"url":"https:\/\/josedemora.com\/wp-content\/uploads\/2020\/09\/A96-.jpg","type":"image\/jpeg"}],"twitter_card":"summary_large_image","schema":{"@context":"https:\/\/schema.org","@graph":[{"@type":"WebPage","@id":"https:\/\/josedemora.com\/tienda\/sin-categorizar\/a96-botin-borlas-y-dibujo-cosido\/","url":"https:\/\/josedemora.com\/tienda\/sin-categorizar\/a96-botin-borlas-y-dibujo-cosido\/","name":"A96 Tassels and Stitched Drawing boot - Jos\u00e9 de Mora","isPartOf":{"@id":"https:\/\/josedemora.com\/#website"},"primaryImageOfPage":{"@id":"https:\/\/josedemora.com\/tienda\/sin-categorizar\/a96-botin-borlas-y-dibujo-cosido\/#primaryimage"},"image":{"@id":"https:\/\/josedemora.com\/tienda\/sin-categorizar\/a96-botin-borlas-y-dibujo-cosido\/#primaryimage"},"thumbnailUrl":"https:\/\/josedemora.com\/wp-content\/uploads\/2020\/09\/A96-.jpg","datePublished":"2018-07-17T04:15:20+00:00","dateModified":"2018-07-17T04:15:20+00:00","description":"bot\u00edn tac\u00f3n para mujer piel engrasada valverde del camino artesano con cosido","breadcrumb":{"@id":"https:\/\/josedemora.com\/tienda\/sin-categorizar\/a96-botin-borlas-y-dibujo-cosido\/#breadcrumb"},"inLanguage":"fr-FR","potentialAction":[{"@type":"ReadAction","target":["https:\/\/josedemora.com\/tienda\/sin-categorizar\/a96-botin-borlas-y-dibujo-cosido\/"]}]},{"@type":"ImageObject","inLanguage":"fr-FR","@id":"https:\/\/josedemora.com\/tienda\/sin-categorizar\/a96-botin-borlas-y-dibujo-cosido\/#primaryimage","url":"https:\/\/josedemora.com\/wp-content\/uploads\/2020\/09\/A96-.jpg","contentUrl":"https:\/\/josedemora.com\/wp-content\/uploads\/2020\/09\/A96-.jpg","width":1345,"height":894},{"@type":"BreadcrumbList","@id":"https:\/\/josedemora.com\/tienda\/sin-categorizar\/a96-botin-borlas-y-dibujo-cosido\/#breadcrumb","itemListElement":[{"@type":"ListItem","position":1,"name":"Portada","item":"https:\/\/josedemora.com\/"},{"@type":"ListItem","position":2,"name":"Tienda","item":"https:\/\/josedemora.com\/es\/tienda\/"},{"@type":"ListItem","position":3,"name":"A96 Tassels and Stitched Drawing boot"}]},{"@type":"WebSite","@id":"https:\/\/josedemora.com\/#website","url":"https:\/\/josedemora.com\/","name":"Jos\u00e9 de Mora","description":"","potentialAction":[{"@type":"SearchAction","target":{"@type":"EntryPoint","urlTemplate":"https:\/\/josedemora.com\/?s={search_term_string}"},"query-input":{"@type":"PropertyValueSpecification","valueRequired":true,"valueName":"search_term_string"}}],"inLanguage":"fr-FR"}]}},"_links":{"self":[{"href":"https:\/\/josedemora.com\/fr\/wp-json\/wp\/v2\/product\/1444","targetHints":{"allow":["GET"]}}],"collection":[{"href":"https:\/\/josedemora.com\/fr\/wp-json\/wp\/v2\/product"}],"about":[{"href":"https:\/\/josedemora.com\/fr\/wp-json\/wp\/v2\/types\/product"}],"replies":[{"embeddable":true,"href":"https:\/\/josedemora.com\/fr\/wp-json\/wp\/v2\/comments?post=1444"}],"wp:featuredmedia":[{"embeddable":true,"href":"https:\/\/josedemora.com\/fr\/wp-json\/wp\/v2\/media\/793"}],"wp:attachment":[{"href":"https:\/\/josedemora.com\/fr\/wp-json\/wp\/v2\/media?parent=1444"}],"wp:term":[{"taxonomy":"product_cat","embeddable":true,"href":"https:\/\/josedemora.com\/fr\/wp-json\/wp\/v2\/product_cat?post=1444"},{"taxonomy":"product_tag","embeddable":true,"href":"https:\/\/josedemora.com\/fr\/wp-json\/wp\/v2\/product_tag?post=1444"}],"curies":[{"name":"wp","href":"https:\/\/api.w.org\/{rel}","templated":true}]}}