{"id":90,"date":"2025-01-08T15:05:16","date_gmt":"2025-01-08T15:05:16","guid":{"rendered":"https:\/\/josedemora.com\/?page_id=90"},"modified":"2025-02-04T06:59:16","modified_gmt":"2025-02-04T06:59:16","slug":"forma-de-pago","status":"publish","type":"page","link":"https:\/\/josedemora.com\/fr\/mode-de-paiement\/","title":{"rendered":"Mode de paiement"},"content":{"rendered":"<div data-elementor-type=\"wp-page\" data-elementor-id=\"90\" class=\"elementor elementor-90\" data-elementor-post-type=\"page\">\n\t\t\t\t<div class=\"elementor-element elementor-element-7e993d3 e-flex e-con-boxed e-con e-parent\" data-id=\"7e993d3\" data-element_type=\"container\">\n\t\t\t\t\t<div class=\"e-con-inner\">\n\t\t<div class=\"elementor-element elementor-element-2ab3156 e-con-full e-flex e-con e-child\" data-id=\"2ab3156\" data-element_type=\"container\">\n\t\t\t\t<div class=\"elementor-element elementor-element-45131bf elementor-align-left elementor-widget elementor-widget-breadcrumbs\" data-id=\"45131bf\" data-element_type=\"widget\" data-widget_type=\"breadcrumbs.default\">\n\t\t\t\t<div class=\"elementor-widget-container\">\n\t\t\t\t\t<p id=\"breadcrumbs\"><span><span><a href=\"https:\/\/josedemora.com\/fr\">Page d&#039;accueil<\/a><\/span><\/span><\/p>\t\t\t\t<\/div>\n\t\t\t\t<\/div>\n\t\t\t\t<\/div>\n\t\t\t\t\t<\/div>\n\t\t\t\t<\/div>\n\t\t<div class=\"elementor-element elementor-element-e9ab118 e-flex e-con-boxed e-con e-parent\" data-id=\"e9ab118\" data-element_type=\"container\">\n\t\t\t\t\t<div class=\"e-con-inner\">\n\t\t<div class=\"elementor-element elementor-element-b41cbf9 e-con-full e-flex e-con e-child\" data-id=\"b41cbf9\" data-element_type=\"container\">\n\t\t\t\t<div class=\"elementor-element elementor-element-1901868 elementor-widget elementor-widget-heading\" data-id=\"1901868\" data-element_type=\"widget\" data-widget_type=\"heading.default\">\n\t\t\t\t<div class=\"elementor-widget-container\">\n\t\t\t\t\t<h1 class=\"elementor-heading-title elementor-size-default\">Mode de paiement\n<\/h1>\t\t\t\t<\/div>\n\t\t\t\t<\/div>\n\t\t\t\t<div class=\"elementor-element elementor-element-96094ad elementor-widget elementor-widget-text-editor\" data-id=\"96094ad\" data-element_type=\"widget\" data-widget_type=\"text-editor.default\">\n\t\t\t\t<div class=\"elementor-widget-container\">\n\t\t\t\t\t\t\t\t\t<p>En g\u00e9n\u00e9ral, l&#039;Utilisateur peut choisir le mode de paiement :<\/p><p><br><\/p>\n<p>\u00c0)&nbsp;<strong>Par carte de cr\u00e9dit ou de d\u00e9bit, via la passerelle de paiement de notre banque<\/strong>, qui facilitera, entre autres :<\/p><p><br><\/p>\n<p>(i) nom et pr\u00e9nom;<\/p>\n<p>(ii) num\u00e9ro de carte;<\/p>\n<p>(iii) CVV\/CVC;<\/p>\n<p>(iv) la date d\u2019expiration de la carte\u00a0;<\/p><p><br><\/p>\n<p>Vous pouvez utiliser les cartes de cr\u00e9dit ou de d\u00e9bit suivantes : -VISA \u2013 MasterCard \u2013 Euro6000<\/p><p><br><\/p>\n<p>Une fois que vous avez valid\u00e9 toutes les informations concernant votre achat (articles, modes d&#039;exp\u00e9dition, adresses de livraison et de facturation) une nouvelle page appara\u00eetra pour vous permettre de choisir le mode de paiement que vous souhaitez utiliser et de saisir vos coordonn\u00e9es. Dans le cas o\u00f9 la plateforme de paiement signalerait le refus de la carte, la commande sera automatiquement annul\u00e9e, informant le client en ligne et imm\u00e9diatement de l&#039;annulation comme nous l&#039;avons mentionn\u00e9 pr\u00e9c\u00e9demment.<\/p><p><br><\/p>\n<p>Les donn\u00e9es de votre carte ne seront pas enregistr\u00e9es dans notre base de donn\u00e9es, car elles seront renseign\u00e9es sur le site s\u00e9curis\u00e9 de la banque choisie.<\/p><p><br><\/p>\n<p>Les donn\u00e9es de votre carte sont prot\u00e9g\u00e9es \u00e0 tout moment gr\u00e2ce aux serveurs s\u00e9curis\u00e9s des entit\u00e9s bancaires qui utilisent le cryptage SSL dans leurs communications.<\/p><p><br><\/p>\n<p>B)<strong>&nbsp;Par Apple Pay ou Google Pay via Stripe<\/strong>.<\/p><p><br><\/p>\n<p>Vous pouvez payer votre achat via Stripe. Lorsque vous choisissez Apple Pay ou Google Pay comme mode de paiement, l&#039;adresse de facturation saisie ci-dessus sera ignor\u00e9e et l&#039;adresse enregistr\u00e9e avec votre compte Apple ou Google sera prise en compte \u00e0 des fins de facturation.<\/p><p><br><\/p>\n<p><strong>DISPOSITIONS G\u00c9N\u00c9RALES SUR LE PROCESSUS DE PAIEMENT.<\/strong><\/p><p><strong><br><\/strong><\/p>\n<p>L&#039;ordre de paiement donn\u00e9 par l&#039;Utilisateur implique n\u00e9cessairement l&#039;adh\u00e9sion aux pr\u00e9sentes Conditions G\u00e9n\u00e9rales ainsi qu&#039;aux conditions particuli\u00e8res de la commande.<\/p>\n<p>Quel que soit le mode de paiement choisi par l&#039;Utilisateur, tous les paiements seront soumis aux conditions g\u00e9n\u00e9rales applicables des parties concern\u00e9es ou par des plateformes de paiement s\u00e9curis\u00e9es (ex : Visa, MasterCard, Paypal, etc.).<\/p>\n<p>Une fois le paiement correctement effectu\u00e9, l&#039;Utilisateur recevra un email de confirmation confirmant les conditions essentielles de l&#039;op\u00e9ration.<\/p>\n<p>Produits envoy\u00e9s \u00e0 l\u2019adresse indiqu\u00e9e par l\u2019Utilisateur.<\/p><p><br><\/p>\n<p>Dans tous les cas, via le site Internet, l&#039;Utilisateur aura toujours acc\u00e8s aux informations relatives \u00e0 ses commandes et aux factures correspondantes aux achats effectu\u00e9s.<\/p>\n<p>Le Fournisseur se r\u00e9serve le droit d&#039;annuler les paiements ou les commandes en cas d&#039;indications de transactions frauduleuses, en informant les autorit\u00e9s comp\u00e9tentes de toute conduite pouvant faire l&#039;objet d&#039;une enqu\u00eate pour la pr\u00e9vention des fraudes.<\/p><p><br><\/p>\n<p>Dans le cas o\u00f9 un produit ou un service ne serait pas disponible apr\u00e8s la passation de la commande, l&#039;Utilisateur sera inform\u00e9 par courrier \u00e9lectronique ou par t\u00e9l\u00e9phone de l&#039;annulation totale ou partielle de la commande, entra\u00eenant le remboursement total ou partiel du montant factur\u00e9 par le m\u00eame moyen. . mode de paiement avec lequel la commande a \u00e9t\u00e9 pass\u00e9e.<\/p>\t\t\t\t\t\t\t\t<\/div>\n\t\t\t\t<\/div>\n\t\t\t\t<\/div>\n\t\t\t\t\t<\/div>\n\t\t\t\t<\/div>\n\t\t\t\t<\/div>","protected":false},"excerpt":{"rendered":"<p>Mode de paiement En g\u00e9n\u00e9ral, l\u2019Utilisateur peut choisir le mode de paiement : A) Par carte de cr\u00e9dit ou de d\u00e9bit, [\u2026]<\/p>","protected":false},"author":3,"featured_media":0,"parent":0,"menu_order":0,"comment_status":"closed","ping_status":"closed","template":"","meta":{"_acf_changed":false,"site-sidebar-layout":"no-sidebar","site-content-layout":"","ast-site-content-layout":"full-width-container","site-content-style":"default","site-sidebar-style":"default","ast-global-header-display":"","ast-banner-title-visibility":"","ast-main-header-display":"","ast-hfb-above-header-display":"","ast-hfb-below-header-display":"","ast-hfb-mobile-header-display":"","site-post-title":"disabled","ast-breadcrumbs-content":"","ast-featured-img":"disabled","footer-sml-layout":"","theme-transparent-header-meta":"default","adv-header-id-meta":"","stick-header-meta":"","header-above-stick-meta":"","header-main-stick-meta":"","header-below-stick-meta":"","astra-migrate-meta-layouts":"set","ast-page-background-enabled":"default","ast-page-background-meta":{"desktop":{"background-color":"var(--ast-global-color-5)","background-image":"","background-repeat":"repeat","background-position":"center center","background-size":"auto","background-attachment":"scroll","background-type":"","background-media":"","overlay-type":"","overlay-color":"","overlay-opacity":"","overlay-gradient":""},"tablet":{"background-color":"","background-image":"","background-repeat":"repeat","background-position":"center center","background-size":"auto","background-attachment":"scroll","background-type":"","background-media":"","overlay-type":"","overlay-color":"","overlay-opacity":"","overlay-gradient":""},"mobile":{"background-color":"","background-image":"","background-repeat":"repeat","background-position":"center center","background-size":"auto","background-attachment":"scroll","background-type":"","background-media":"","overlay-type":"","overlay-color":"","overlay-opacity":"","overlay-gradient":""}},"ast-content-background-meta":{"desktop":{"background-color":"var(--ast-global-color-4)","background-image":"","background-repeat":"repeat","background-position":"center center","background-size":"auto","background-attachment":"scroll","background-type":"","background-media":"","overlay-type":"","overlay-color":"","overlay-opacity":"","overlay-gradient":""},"tablet":{"background-color":"var(--ast-global-color-4)","background-image":"","background-repeat":"repeat","background-position":"center center","background-size":"auto","background-attachment":"scroll","background-type":"","background-media":"","overlay-type":"","overlay-color":"","overlay-opacity":"","overlay-gradient":""},"mobile":{"background-color":"var(--ast-global-color-4)","background-image":"","background-repeat":"repeat","background-position":"center center","background-size":"auto","background-attachment":"scroll","background-type":"","background-media":"","overlay-type":"","overlay-color":"","overlay-opacity":"","overlay-gradient":""}},"footnotes":""},"class_list":["post-90","page","type-page","status-publish","hentry"],"acf":[],"yoast_head":"<!-- This site is optimized with the Yoast SEO Premium plugin v23.5 (Yoast SEO v24.1) - https:\/\/yoast.com\/wordpress\/plugins\/seo\/ -->\n<title>Forma de pago - Jos\u00e9 de Mora<\/title>\n<meta name=\"robots\" content=\"index, follow, max-snippet:-1, max-image-preview:large, max-video-preview:-1\" \/>\n<link rel=\"canonical\" href=\"https:\/\/josedemora.com\/fr\/mode-de-paiement\/\" \/>\n<meta property=\"og:locale\" content=\"fr_FR\" \/>\n<meta property=\"og:type\" content=\"article\" \/>\n<meta property=\"og:title\" content=\"Forma de pago\" \/>\n<meta property=\"og:description\" content=\"Forma de pago Con car\u00e1cter general, el Usuario podr\u00e1 escoger la forma de pago: A)&nbsp;Mediante tarjeta de cr\u00e9dito o d\u00e9bito, [&hellip;]\" \/>\n<meta property=\"og:url\" content=\"https:\/\/josedemora.com\/fr\/mode-de-paiement\/\" \/>\n<meta property=\"og:site_name\" content=\"Jos\u00e9 de Mora\" \/>\n<meta property=\"article:modified_time\" content=\"2025-02-04T06:59:16+00:00\" \/>\n<meta name=\"twitter:card\" content=\"summary_large_image\" \/>\n<meta name=\"twitter:label1\" content=\"Dur\u00e9e de lecture estim\u00e9e\" \/>\n\t<meta name=\"twitter:data1\" content=\"3 minutes\" \/>\n<script type=\"application\/ld+json\" class=\"yoast-schema-graph\">{\"@context\":\"https:\/\/schema.org\",\"@graph\":[{\"@type\":\"WebPage\",\"@id\":\"https:\/\/josedemora.com\/es\/forma-de-pago\/\",\"url\":\"https:\/\/josedemora.com\/es\/forma-de-pago\/\",\"name\":\"Forma de pago - Jos\u00e9 de Mora\",\"isPartOf\":{\"@id\":\"https:\/\/josedemora.com\/#website\"},\"datePublished\":\"2025-01-08T15:05:16+00:00\",\"dateModified\":\"2025-02-04T06:59:16+00:00\",\"breadcrumb\":{\"@id\":\"https:\/\/josedemora.com\/es\/forma-de-pago\/#breadcrumb\"},\"inLanguage\":\"fr-FR\",\"potentialAction\":[{\"@type\":\"ReadAction\",\"target\":[\"https:\/\/josedemora.com\/es\/forma-de-pago\/\"]}]},{\"@type\":\"BreadcrumbList\",\"@id\":\"https:\/\/josedemora.com\/es\/forma-de-pago\/#breadcrumb\",\"itemListElement\":[{\"@type\":\"ListItem\",\"position\":1,\"name\":\"Portada\",\"item\":\"https:\/\/josedemora.com\/\"},{\"@type\":\"ListItem\",\"position\":2,\"name\":\"Forma de pago\"}]},{\"@type\":\"WebSite\",\"@id\":\"https:\/\/josedemora.com\/#website\",\"url\":\"https:\/\/josedemora.com\/\",\"name\":\"Jos\u00e9 de Mora\",\"description\":\"\",\"potentialAction\":[{\"@type\":\"SearchAction\",\"target\":{\"@type\":\"EntryPoint\",\"urlTemplate\":\"https:\/\/josedemora.com\/?s={search_term_string}\"},\"query-input\":{\"@type\":\"PropertyValueSpecification\",\"valueRequired\":true,\"valueName\":\"search_term_string\"}}],\"inLanguage\":\"fr-FR\"}]}<\/script>\n<!-- \/ Yoast SEO Premium plugin. -->","yoast_head_json":{"title":"Forma de pago - Jos\u00e9 de Mora","robots":{"index":"index","follow":"follow","max-snippet":"max-snippet:-1","max-image-preview":"max-image-preview:large","max-video-preview":"max-video-preview:-1"},"canonical":"https:\/\/josedemora.com\/fr\/mode-de-paiement\/","og_locale":"fr_FR","og_type":"article","og_title":"Forma de pago","og_description":"Forma de pago Con car\u00e1cter general, el Usuario podr\u00e1 escoger la forma de pago: A)&nbsp;Mediante tarjeta de cr\u00e9dito o d\u00e9bito, [&hellip;]","og_url":"https:\/\/josedemora.com\/fr\/mode-de-paiement\/","og_site_name":"Jos\u00e9 de Mora","article_modified_time":"2025-02-04T06:59:16+00:00","twitter_card":"summary_large_image","twitter_misc":{"Dur\u00e9e de lecture estim\u00e9e":"3 minutes"},"schema":{"@context":"https:\/\/schema.org","@graph":[{"@type":"WebPage","@id":"https:\/\/josedemora.com\/es\/forma-de-pago\/","url":"https:\/\/josedemora.com\/es\/forma-de-pago\/","name":"Forma de pago - Jos\u00e9 de Mora","isPartOf":{"@id":"https:\/\/josedemora.com\/#website"},"datePublished":"2025-01-08T15:05:16+00:00","dateModified":"2025-02-04T06:59:16+00:00","breadcrumb":{"@id":"https:\/\/josedemora.com\/es\/forma-de-pago\/#breadcrumb"},"inLanguage":"fr-FR","potentialAction":[{"@type":"ReadAction","target":["https:\/\/josedemora.com\/es\/forma-de-pago\/"]}]},{"@type":"BreadcrumbList","@id":"https:\/\/josedemora.com\/es\/forma-de-pago\/#breadcrumb","itemListElement":[{"@type":"ListItem","position":1,"name":"Portada","item":"https:\/\/josedemora.com\/"},{"@type":"ListItem","position":2,"name":"Forma de pago"}]},{"@type":"WebSite","@id":"https:\/\/josedemora.com\/#website","url":"https:\/\/josedemora.com\/","name":"Jos\u00e9 de Mora","description":"","potentialAction":[{"@type":"SearchAction","target":{"@type":"EntryPoint","urlTemplate":"https:\/\/josedemora.com\/?s={search_term_string}"},"query-input":{"@type":"PropertyValueSpecification","valueRequired":true,"valueName":"search_term_string"}}],"inLanguage":"fr-FR"}]}},"_links":{"self":[{"href":"https:\/\/josedemora.com\/fr\/wp-json\/wp\/v2\/pages\/90","targetHints":{"allow":["GET"]}}],"collection":[{"href":"https:\/\/josedemora.com\/fr\/wp-json\/wp\/v2\/pages"}],"about":[{"href":"https:\/\/josedemora.com\/fr\/wp-json\/wp\/v2\/types\/page"}],"author":[{"embeddable":true,"href":"https:\/\/josedemora.com\/fr\/wp-json\/wp\/v2\/users\/3"}],"replies":[{"embeddable":true,"href":"https:\/\/josedemora.com\/fr\/wp-json\/wp\/v2\/comments?post=90"}],"version-history":[{"count":13,"href":"https:\/\/josedemora.com\/fr\/wp-json\/wp\/v2\/pages\/90\/revisions"}],"predecessor-version":[{"id":2298,"href":"https:\/\/josedemora.com\/fr\/wp-json\/wp\/v2\/pages\/90\/revisions\/2298"}],"wp:attachment":[{"href":"https:\/\/josedemora.com\/fr\/wp-json\/wp\/v2\/media?parent=90"}],"curies":[{"name":"wp","href":"https:\/\/api.w.org\/{rel}","templated":true}]}}