{"id":88,"date":"2025-01-08T15:05:06","date_gmt":"2025-01-08T15:05:06","guid":{"rendered":"https:\/\/josedemora.com\/?page_id=88"},"modified":"2025-01-09T12:18:17","modified_gmt":"2025-01-09T12:18:17","slug":"condiciones-de-devolucion","status":"publish","type":"page","link":"https:\/\/josedemora.com\/fr\/conditions-de-retour\/","title":{"rendered":"Conditions de retour"},"content":{"rendered":"<div data-elementor-type=\"wp-page\" data-elementor-id=\"88\" class=\"elementor elementor-88\" data-elementor-post-type=\"page\">\n\t\t\t\t<div class=\"elementor-element elementor-element-2c43f17 e-flex e-con-boxed e-con e-parent\" data-id=\"2c43f17\" data-element_type=\"container\">\n\t\t\t\t\t<div class=\"e-con-inner\">\n\t\t<div class=\"elementor-element elementor-element-2d6bd19 e-con-full e-flex e-con e-child\" data-id=\"2d6bd19\" data-element_type=\"container\">\n\t\t\t\t<div class=\"elementor-element elementor-element-b969a17 elementor-align-left elementor-widget elementor-widget-breadcrumbs\" data-id=\"b969a17\" data-element_type=\"widget\" data-widget_type=\"breadcrumbs.default\">\n\t\t\t\t<div class=\"elementor-widget-container\">\n\t\t\t\t\t<p id=\"breadcrumbs\"><span><span><a href=\"https:\/\/josedemora.com\/fr\">Page d&#039;accueil<\/a><\/span><\/span><\/p>\t\t\t\t<\/div>\n\t\t\t\t<\/div>\n\t\t\t\t<\/div>\n\t\t\t\t\t<\/div>\n\t\t\t\t<\/div>\n\t\t<div class=\"elementor-element elementor-element-634b328 e-flex e-con-boxed e-con e-parent\" data-id=\"634b328\" data-element_type=\"container\">\n\t\t\t\t\t<div class=\"e-con-inner\">\n\t\t<div class=\"elementor-element elementor-element-dca6884 e-con-full e-flex e-con e-child\" data-id=\"dca6884\" data-element_type=\"container\">\n\t\t\t\t<div class=\"elementor-element elementor-element-fc4b728 elementor-widget elementor-widget-heading\" data-id=\"fc4b728\" data-element_type=\"widget\" data-widget_type=\"heading.default\">\n\t\t\t\t<div class=\"elementor-widget-container\">\n\t\t\t\t\t<h2 class=\"elementor-heading-title elementor-size-default\">Conditions de retour<\/h2>\t\t\t\t<\/div>\n\t\t\t\t<\/div>\n\t\t<div class=\"elementor-element elementor-element-2f40680 e-con-full e-flex e-con e-child\" data-id=\"2f40680\" data-element_type=\"container\">\n\t\t\t\t<div class=\"elementor-element elementor-element-0fb525f elementor-widget elementor-widget-heading\" data-id=\"0fb525f\" data-element_type=\"widget\" data-widget_type=\"heading.default\">\n\t\t\t\t<div class=\"elementor-widget-container\">\n\t\t\t\t\t<h2 class=\"elementor-heading-title elementor-size-default\">POLITIQUE D&#039;\u00c9CHANGE ET DE RETOUR<\/h2>\t\t\t\t<\/div>\n\t\t\t\t<\/div>\n\t\t\t\t<\/div>\n\t\t\t\t<div class=\"elementor-element elementor-element-17f5f26 elementor-widget elementor-widget-text-editor\" data-id=\"17f5f26\" data-element_type=\"widget\" data-widget_type=\"text-editor.default\">\n\t\t\t\t<div class=\"elementor-widget-container\">\n\t\t\t\t\t\t\t\t\t<h2 class=\"accordion-header\"><strong>RETOURNE L&#039;EXERCICE<\/strong>\u00a0<strong>DROIT DE RETRACTATION<\/strong>:<\/h2><div class=\"accordion-content\"><p>Une fois que vous avez re\u00e7u votre commande, vous pouvez annuler votre achat, \u00e0 condition que le produit n&#039;ait pas \u00e9t\u00e9 utilis\u00e9 ou qu&#039;il pr\u00e9sente des dommages ou d&#039;autres d\u00e9fauts que l&#039;entreprise consid\u00e8re comme n&#039;ayant pas \u00e9t\u00e9 caus\u00e9s par celui-ci.<\/p><p><strong>Pour les produits standards (non personnalis\u00e9s)<\/strong>:<\/p><ul><li>Les produits qui ont \u00e9t\u00e9 endommag\u00e9s ou mal utilis\u00e9s par le client ne peuvent pas \u00eatre retourn\u00e9s.<\/li><li>Nous vous rappelons qu&#039;en exer\u00e7ant votre droit de r\u00e9tractation, l&#039;argent pay\u00e9 pour le(s) produit(s) achet\u00e9(s) sera rembours\u00e9\/le montant de l&#039;achat sera inclus, les frais de port ne seront pas rembours\u00e9s, le cas \u00e9ch\u00e9ant. produit . De m\u00eame, les frais de retour seront \u00e0 la charge du client.<\/li><li>Le d\u00e9lai pour retourner tout produit est de 30 jours calendaires.<\/li><\/ul><p><strong>Pour des produits personnalis\u00e9s<\/strong>:<\/p><ul><li>Les produits personnalis\u00e9s sont ceux r\u00e9alis\u00e9s \u00e0 la demande du client, qu&#039;ils soient r\u00e9alis\u00e9s sur mesure ou avec des modifications de couleur, de cuir, de semelle ou autres, et qui sont fabriqu\u00e9s exclusivement pour un client sp\u00e9cifique.<\/li><li>Ces produits personnalis\u00e9s ne peuvent pas \u00eatre retourn\u00e9s.<\/li><li>Exception : Les produits dans lesquels il pourrait y avoir eu une erreur de fabrication de la part de l&#039;entreprise pourront \u00eatre retourn\u00e9s, et cela sera fait gratuitement pour le client.<\/li><li>Le d\u00e9lai de retour dans l&#039;un des cas susmentionn\u00e9s est de 30 jours calendaires.<\/li><\/ul><\/div><h2 class=\"accordion-header\"><strong>RETOURS DE PRODUITS D\u00c9FECTUEUX, ENDOMMAG\u00c9S OU INCORRECTS<\/strong><\/h2><div class=\"accordion-content\"><p>Vous devez vous assurer que :<\/p><ul><li>a) Il n\u2019a pas \u00e9t\u00e9 utilis\u00e9 de mani\u00e8re incorrecte ou n\u00e9gligente, n\u2019a pas \u00e9t\u00e9 manipul\u00e9 de mani\u00e8re inappropri\u00e9e ou imprudente et n\u2019a pas \u00e9t\u00e9 soumis \u00e0 des conditions anormales ou nuisibles.<\/li><\/ul><ul><li>b) Il n\u2019a pas \u00e9t\u00e9 impliqu\u00e9 dans un accident ni endommag\u00e9 lors d\u2019une tentative de r\u00e9paration ou de modification.<\/li><\/ul><ul><li>c) Il n\u2019a pas \u00e9t\u00e9 utilis\u00e9 d\u2019une mani\u00e8re contraire \u00e0 celle \u00e9tablie par le fabricant dans les instructions du produit.<\/li><\/ul><ul><li>d) Il n\u2019a pas \u00e9t\u00e9 endommag\u00e9 par l\u2019usure naturelle apr\u00e8s r\u00e9ception.<\/li><\/ul><p>Dans le cas o\u00f9 le produit ne r\u00e9pond pas \u00e0 l&#039;une des exigences ci-dessus, nous pouvons d\u00e9cider, \u00e0 notre discr\u00e9tion, de ne pas r\u00e9parer ou remplacer le produit ou de ne pas rembourser le montant pay\u00e9 et\/ou nous pouvons vous demander de rembourser tous les frais de transport et d&#039;inspection engag\u00e9s. . selon les tarifs standards en vigueur. Pour effectuer un tel remboursement, nous pouvons facturer les frais susmentionn\u00e9s sur votre compte de carte de cr\u00e9dit ou de d\u00e9bit ou utiliser les d\u00e9tails de paiement fournis lors de la passation de la commande.<\/p><p>En cas de produit d\u00e9fectueux, le Fournisseur proc\u00e9dera, selon le cas, \u00e0 la r\u00e9paration, au remplacement, \u00e0 la r\u00e9duction du prix ou \u00e0 la r\u00e9siliation du contrat, proc\u00e9dures qui seront gratuites pour le consommateur et l&#039;utilisateur.<\/p><p>Dans le cas o\u00f9 le produit ou son emballage aurait \u00e9t\u00e9 endommag\u00e9 ou ne serait pas dans son \u00e9tat d&#039;exp\u00e9dition d&#039;origine, la valeur de l&#039;article sera d\u00e9pr\u00e9ci\u00e9e.<\/p><p>Cette disposition ne porte pas atteinte aux droits accord\u00e9s aux consommateurs par la l\u00e9gislation en vigueur.<\/p><p>Dans les cas o\u00f9 vous consid\u00e9rez qu&#039;au moment de la livraison le produit n&#039;est pas conforme aux dispositions du Contrat, qu&#039;il s&#039;agit d&#039;un produit endommag\u00e9 pendant le transport ou qu&#039;il est incorrect, vous devez nous contacter imm\u00e9diatement en utilisant notre formulaire de contact, en fournissant les d\u00e9tails du produit ainsi que ainsi que les dommages qu&#039;il a subis, ou en appelant le num\u00e9ro +34 959 553 546 pendant nos heures de service client.<\/p><p>Une fois la demande de retour examin\u00e9e et les v\u00e9rifications appropri\u00e9es effectu\u00e9es, apr\u00e8s confirmation par email, nous proc\u00e9derons \u00e0 la r\u00e9cup\u00e9ration du produit au lieu de livraison.<\/p><p>Nous examinerons attentivement le produit retourn\u00e9 et vous informerons par e-mail dans un d\u00e9lai raisonnable si le produit peut \u00eatre retourn\u00e9 ou remplac\u00e9 (le cas \u00e9ch\u00e9ant). Le retour ou le remplacement de l&#039;article sera effectu\u00e9 dans les plus brefs d\u00e9lais et, dans tous les cas, dans les 14 jours calendaires suivant la date \u00e0 laquelle nous vous envoyons un e-mail confirmant que le retour ou le remplacement de l&#039;article est appropri\u00e9.<\/p><p>Les montants pay\u00e9s pour les produits retourn\u00e9s en raison d&#039;un d\u00e9faut ou d&#039;une d\u00e9faillance av\u00e9r\u00e9e seront enti\u00e8rement rembours\u00e9s, y compris les frais de livraison engag\u00e9s pour vous livrer l&#039;article. Le remboursement sera effectu\u00e9 en utilisant le m\u00eame moyen de paiement utilis\u00e9 pour r\u00e9gler l&#039;achat.<\/p><p>Les droits reconnus par la l\u00e9gislation en vigueur sont garantis.<\/p><\/div><h2 class=\"accordion-header\"><strong>RETOURS HORS UNION EUROPEENNE :<\/strong><\/h2><div class=\"accordion-content\"><p>Pour les retours hors Union Europ\u00e9enne, les frais de retour devront dans tous les cas \u00eatre support\u00e9s par le client.<\/p><\/div><h2 class=\"accordion-header\"><strong>EXCEPTIONS AU DROIT DE RETRACTATION :<\/strong><\/h2><div class=\"accordion-content\"><p>Le droit de r\u00e9tractation ne s&#039;applique pas \u00e0 la livraison de :<\/p><ul><li>Produits d&#039;occasion, pr\u00e9sentant des dommages ou d&#039;autres d\u00e9fauts que l&#039;entreprise consid\u00e8re ne pas avoir \u00e9t\u00e9 caus\u00e9s par elle.<\/li><\/ul><\/div><h2 class=\"accordion-header\"><strong>SERVICE CLIENT : AIDE, SUGGESTIONS ET R\u00c9CLAMATIONS :<\/strong><\/h2><div class=\"accordion-content\"><p>A tout moment, vous pouvez contacter notre Service Client en appelant le +34 959 553 546 \/ 667 244 636\/ 679 182 868 pendant les heures ouvrables de 9h00 \u00e0 13h30 et de 15h30 \u00e0 18h30, Du lundi au vendredi.<\/p><\/div>\t\t\t\t\t\t\t\t<\/div>\n\t\t\t\t<\/div>\n\t\t\t\t<\/div>\n\t\t\t\t\t<\/div>\n\t\t\t\t<\/div>\n\t\t\t\t<\/div>","protected":false},"excerpt":{"rendered":"<p>Politique de retour POLITIQUE D\u2019\u00c9CHANGE ET DE RETOUR RETOURS EXERCICE DU DROIT DE R\u00c9TRACTATION : Une fois que vous avez re\u00e7u votre commande, vous pouvez vous r\u00e9tracter [\u2026]<\/p>","protected":false},"author":3,"featured_media":0,"parent":0,"menu_order":0,"comment_status":"closed","ping_status":"closed","template":"","meta":{"_acf_changed":false,"site-sidebar-layout":"no-sidebar","site-content-layout":"","ast-site-content-layout":"full-width-container","site-content-style":"default","site-sidebar-style":"default","ast-global-header-display":"","ast-banner-title-visibility":"","ast-main-header-display":"","ast-hfb-above-header-display":"","ast-hfb-below-header-display":"","ast-hfb-mobile-header-display":"","site-post-title":"disabled","ast-breadcrumbs-content":"","ast-featured-img":"disabled","footer-sml-layout":"","theme-transparent-header-meta":"default","adv-header-id-meta":"","stick-header-meta":"","header-above-stick-meta":"","header-main-stick-meta":"","header-below-stick-meta":"","astra-migrate-meta-layouts":"set","ast-page-background-enabled":"default","ast-page-background-meta":{"desktop":{"background-color":"var(--ast-global-color-5)","background-image":"","background-repeat":"repeat","background-position":"center center","background-size":"auto","background-attachment":"scroll","background-type":"","background-media":"","overlay-type":"","overlay-color":"","overlay-opacity":"","overlay-gradient":""},"tablet":{"background-color":"","background-image":"","background-repeat":"repeat","background-position":"center center","background-size":"auto","background-attachment":"scroll","background-type":"","background-media":"","overlay-type":"","overlay-color":"","overlay-opacity":"","overlay-gradient":""},"mobile":{"background-color":"","background-image":"","background-repeat":"repeat","background-position":"center center","background-size":"auto","background-attachment":"scroll","background-type":"","background-media":"","overlay-type":"","overlay-color":"","overlay-opacity":"","overlay-gradient":""}},"ast-content-background-meta":{"desktop":{"background-color":"var(--ast-global-color-4)","background-image":"","background-repeat":"repeat","background-position":"center center","background-size":"auto","background-attachment":"scroll","background-type":"","background-media":"","overlay-type":"","overlay-color":"","overlay-opacity":"","overlay-gradient":""},"tablet":{"background-color":"var(--ast-global-color-4)","background-image":"","background-repeat":"repeat","background-position":"center center","background-size":"auto","background-attachment":"scroll","background-type":"","background-media":"","overlay-type":"","overlay-color":"","overlay-opacity":"","overlay-gradient":""},"mobile":{"background-color":"var(--ast-global-color-4)","background-image":"","background-repeat":"repeat","background-position":"center center","background-size":"auto","background-attachment":"scroll","background-type":"","background-media":"","overlay-type":"","overlay-color":"","overlay-opacity":"","overlay-gradient":""}},"footnotes":""},"class_list":["post-88","page","type-page","status-publish","hentry"],"acf":[],"yoast_head":"<!-- This site is optimized with the Yoast SEO Premium plugin v23.5 (Yoast SEO v24.1) - https:\/\/yoast.com\/wordpress\/plugins\/seo\/ -->\n<title>Condiciones de devoluci\u00f3n - Jos\u00e9 de Mora<\/title>\n<meta name=\"robots\" content=\"index, follow, max-snippet:-1, max-image-preview:large, max-video-preview:-1\" \/>\n<link rel=\"canonical\" href=\"https:\/\/josedemora.com\/fr\/conditions-de-retour\/\" \/>\n<meta property=\"og:locale\" content=\"fr_FR\" \/>\n<meta property=\"og:type\" content=\"article\" \/>\n<meta property=\"og:title\" content=\"Condiciones de devoluci\u00f3n\" \/>\n<meta property=\"og:description\" content=\"Condiciones de devoluci\u00f3n POL\u00cdTICA DE CAMBIO Y DEVOLUCIONES DEVOLUCIONES\u00a0EJERCIENDO\u00a0DERECHO DE DESISTIMIENTO: Una vez que haya recibido tu pedido, puedes desistir [&hellip;]\" \/>\n<meta property=\"og:url\" content=\"https:\/\/josedemora.com\/fr\/conditions-de-retour\/\" \/>\n<meta property=\"og:site_name\" content=\"Jos\u00e9 de Mora\" \/>\n<meta property=\"article:modified_time\" content=\"2025-01-09T12:18:17+00:00\" \/>\n<meta name=\"twitter:card\" content=\"summary_large_image\" \/>\n<meta name=\"twitter:label1\" content=\"Dur\u00e9e de lecture estim\u00e9e\" \/>\n\t<meta name=\"twitter:data1\" content=\"4 minutes\" \/>\n<script type=\"application\/ld+json\" class=\"yoast-schema-graph\">{\"@context\":\"https:\/\/schema.org\",\"@graph\":[{\"@type\":\"WebPage\",\"@id\":\"https:\/\/josedemora.com\/condiciones-de-devolucion\/\",\"url\":\"https:\/\/josedemora.com\/condiciones-de-devolucion\/\",\"name\":\"Condiciones de devoluci\u00f3n - Jos\u00e9 de Mora\",\"isPartOf\":{\"@id\":\"https:\/\/josedemora.com\/#website\"},\"datePublished\":\"2025-01-08T15:05:06+00:00\",\"dateModified\":\"2025-01-09T12:18:17+00:00\",\"breadcrumb\":{\"@id\":\"https:\/\/josedemora.com\/condiciones-de-devolucion\/#breadcrumb\"},\"inLanguage\":\"fr-FR\",\"potentialAction\":[{\"@type\":\"ReadAction\",\"target\":[\"https:\/\/josedemora.com\/condiciones-de-devolucion\/\"]}]},{\"@type\":\"BreadcrumbList\",\"@id\":\"https:\/\/josedemora.com\/condiciones-de-devolucion\/#breadcrumb\",\"itemListElement\":[{\"@type\":\"ListItem\",\"position\":1,\"name\":\"Portada\",\"item\":\"https:\/\/josedemora.com\/\"},{\"@type\":\"ListItem\",\"position\":2,\"name\":\"Condiciones de devoluci\u00f3n\"}]},{\"@type\":\"WebSite\",\"@id\":\"https:\/\/josedemora.com\/#website\",\"url\":\"https:\/\/josedemora.com\/\",\"name\":\"Jos\u00e9 de Mora\",\"description\":\"\",\"potentialAction\":[{\"@type\":\"SearchAction\",\"target\":{\"@type\":\"EntryPoint\",\"urlTemplate\":\"https:\/\/josedemora.com\/?s={search_term_string}\"},\"query-input\":{\"@type\":\"PropertyValueSpecification\",\"valueRequired\":true,\"valueName\":\"search_term_string\"}}],\"inLanguage\":\"fr-FR\"}]}<\/script>\n<!-- \/ Yoast SEO Premium plugin. -->","yoast_head_json":{"title":"Condiciones de devoluci\u00f3n - Jos\u00e9 de Mora","robots":{"index":"index","follow":"follow","max-snippet":"max-snippet:-1","max-image-preview":"max-image-preview:large","max-video-preview":"max-video-preview:-1"},"canonical":"https:\/\/josedemora.com\/fr\/conditions-de-retour\/","og_locale":"fr_FR","og_type":"article","og_title":"Condiciones de devoluci\u00f3n","og_description":"Condiciones de devoluci\u00f3n POL\u00cdTICA DE CAMBIO Y DEVOLUCIONES DEVOLUCIONES\u00a0EJERCIENDO\u00a0DERECHO DE DESISTIMIENTO: Una vez que haya recibido tu pedido, puedes desistir [&hellip;]","og_url":"https:\/\/josedemora.com\/fr\/conditions-de-retour\/","og_site_name":"Jos\u00e9 de Mora","article_modified_time":"2025-01-09T12:18:17+00:00","twitter_card":"summary_large_image","twitter_misc":{"Dur\u00e9e de lecture estim\u00e9e":"4 minutes"},"schema":{"@context":"https:\/\/schema.org","@graph":[{"@type":"WebPage","@id":"https:\/\/josedemora.com\/condiciones-de-devolucion\/","url":"https:\/\/josedemora.com\/condiciones-de-devolucion\/","name":"Condiciones de devoluci\u00f3n - Jos\u00e9 de Mora","isPartOf":{"@id":"https:\/\/josedemora.com\/#website"},"datePublished":"2025-01-08T15:05:06+00:00","dateModified":"2025-01-09T12:18:17+00:00","breadcrumb":{"@id":"https:\/\/josedemora.com\/condiciones-de-devolucion\/#breadcrumb"},"inLanguage":"fr-FR","potentialAction":[{"@type":"ReadAction","target":["https:\/\/josedemora.com\/condiciones-de-devolucion\/"]}]},{"@type":"BreadcrumbList","@id":"https:\/\/josedemora.com\/condiciones-de-devolucion\/#breadcrumb","itemListElement":[{"@type":"ListItem","position":1,"name":"Portada","item":"https:\/\/josedemora.com\/"},{"@type":"ListItem","position":2,"name":"Condiciones de devoluci\u00f3n"}]},{"@type":"WebSite","@id":"https:\/\/josedemora.com\/#website","url":"https:\/\/josedemora.com\/","name":"Jos\u00e9 de Mora","description":"","potentialAction":[{"@type":"SearchAction","target":{"@type":"EntryPoint","urlTemplate":"https:\/\/josedemora.com\/?s={search_term_string}"},"query-input":{"@type":"PropertyValueSpecification","valueRequired":true,"valueName":"search_term_string"}}],"inLanguage":"fr-FR"}]}},"_links":{"self":[{"href":"https:\/\/josedemora.com\/fr\/wp-json\/wp\/v2\/pages\/88","targetHints":{"allow":["GET"]}}],"collection":[{"href":"https:\/\/josedemora.com\/fr\/wp-json\/wp\/v2\/pages"}],"about":[{"href":"https:\/\/josedemora.com\/fr\/wp-json\/wp\/v2\/types\/page"}],"author":[{"embeddable":true,"href":"https:\/\/josedemora.com\/fr\/wp-json\/wp\/v2\/users\/3"}],"replies":[{"embeddable":true,"href":"https:\/\/josedemora.com\/fr\/wp-json\/wp\/v2\/comments?post=88"}],"version-history":[{"count":10,"href":"https:\/\/josedemora.com\/fr\/wp-json\/wp\/v2\/pages\/88\/revisions"}],"predecessor-version":[{"id":181,"href":"https:\/\/josedemora.com\/fr\/wp-json\/wp\/v2\/pages\/88\/revisions\/181"}],"wp:attachment":[{"href":"https:\/\/josedemora.com\/fr\/wp-json\/wp\/v2\/media?parent=88"}],"curies":[{"name":"wp","href":"https:\/\/api.w.org\/{rel}","templated":true}]}}