{"id":84,"date":"2025-01-08T15:04:45","date_gmt":"2025-01-08T15:04:45","guid":{"rendered":"https:\/\/josedemora.com\/?page_id=84"},"modified":"2025-02-04T07:41:05","modified_gmt":"2025-02-04T07:41:05","slug":"condiciones-de-envio","status":"publish","type":"page","link":"https:\/\/josedemora.com\/fr\/conditions-dexpedition\/","title":{"rendered":"Conditions d&#039;exp\u00e9dition"},"content":{"rendered":"<div data-elementor-type=\"wp-page\" data-elementor-id=\"84\" class=\"elementor elementor-84\" data-elementor-post-type=\"page\">\n\t\t\t\t<div class=\"elementor-element elementor-element-3d35360 e-flex e-con-boxed e-con e-parent\" data-id=\"3d35360\" data-element_type=\"container\">\n\t\t\t\t\t<div class=\"e-con-inner\">\n\t\t<div class=\"elementor-element elementor-element-0b32610 e-con-full e-flex e-con e-child\" data-id=\"0b32610\" data-element_type=\"container\">\n\t\t\t\t<div class=\"elementor-element elementor-element-7fb3d09 elementor-align-left elementor-widget elementor-widget-breadcrumbs\" data-id=\"7fb3d09\" data-element_type=\"widget\" data-widget_type=\"breadcrumbs.default\">\n\t\t\t\t<div class=\"elementor-widget-container\">\n\t\t\t\t\t<p id=\"breadcrumbs\"><span><span><a href=\"https:\/\/josedemora.com\/fr\">Page d&#039;accueil<\/a><\/span><\/span><\/p>\t\t\t\t<\/div>\n\t\t\t\t<\/div>\n\t\t\t\t<\/div>\n\t\t\t\t\t<\/div>\n\t\t\t\t<\/div>\n\t\t<div class=\"elementor-element elementor-element-8cd15a1 e-flex e-con-boxed e-con e-parent\" data-id=\"8cd15a1\" data-element_type=\"container\">\n\t\t\t\t\t<div class=\"e-con-inner\">\n\t\t<div class=\"elementor-element elementor-element-ff88731 e-con-full e-flex e-con e-child\" data-id=\"ff88731\" data-element_type=\"container\">\n\t\t\t\t<div class=\"elementor-element elementor-element-7deea01 elementor-widget elementor-widget-heading\" data-id=\"7deea01\" data-element_type=\"widget\" data-widget_type=\"heading.default\">\n\t\t\t\t<div class=\"elementor-widget-container\">\n\t\t\t\t\t<h2 class=\"elementor-heading-title elementor-size-default\">Conditions d&#039;exp\u00e9dition<\/h2>\t\t\t\t<\/div>\n\t\t\t\t<\/div>\n\t\t\t\t<div class=\"elementor-element elementor-element-03f9230 elementor-widget elementor-widget-text-editor\" data-id=\"03f9230\" data-element_type=\"widget\" data-widget_type=\"text-editor.default\">\n\t\t\t\t<div class=\"elementor-widget-container\">\n\t\t\t\t\t\t\t\t\t<h2 class=\"accordion-header\"><strong>1. FRAIS DE PORT<\/strong><\/h2><div class=\"accordion-content\"><p class=\"bottom-indent\">Les frais d&#039;exp\u00e9dition sont d\u00e9finis selon les param\u00e8tres suivants\u00a0:<\/p><ul><li>Espagne : Livraison gratuite vers la p\u00e9ninsule.<\/li><li>\u00celes Canaries : \u00c0 partir de : 54,45 \u20ac (TVA incluse).<\/li><li>Ceuta et Melilla : \u00c0 partir de : 29,95 \u20ac (TVA incluse).<\/li><li>Union Europ\u00e9enne : \u00c0 partir de : 29,95 \u20ac (TVA incluse).<\/li><li>Reste de l&#039;Europe : \u00c0 partir de : 54,45 \u20ac (TVA incluse).<\/li><li>Reste des pays (\u00e0 partir de) : 130 \u20ac (TVA incluse)<\/li><\/ul><\/div>\t\t\t\t\t\t\t\t<\/div>\n\t\t\t\t<\/div>\n\t\t\t\t<div class=\"elementor-element elementor-element-207e941 elementor-widget elementor-widget-text-editor\" data-id=\"207e941\" data-element_type=\"widget\" data-widget_type=\"text-editor.default\">\n\t\t\t\t<div class=\"elementor-widget-container\">\n\t\t\t\t\t\t\t\t\t<p class=\"accordion-header\">Le seul mode d&#039;exp\u00e9dition est \u00e0 votre adresse personnelle. La commande sera envoy\u00e9e \u00e0 l&#039;adresse que vous avez indiqu\u00e9e lors de l&#039;achat. Le fournisseur ne garantit pas la livraison aux bo\u00eetes postales.<\/p>\t\t\t\t\t\t\t\t<\/div>\n\t\t\t\t<\/div>\n\t\t\t\t<div class=\"elementor-element elementor-element-34442f7 elementor-widget elementor-widget-text-editor\" data-id=\"34442f7\" data-element_type=\"widget\" data-widget_type=\"text-editor.default\">\n\t\t\t\t<div class=\"elementor-widget-container\">\n\t\t\t\t\t\t\t\t\t<div class=\"container-fluid\"><section id=\"story-content\"><div id=\"content-handler\" class=\"container\"><div class=\"inner-sep\"><div id=\"main-content-handler\"><div class=\"row-fluid\"><div class=\"span12 rs-cc\"><div class=\"tmp-content-area\"><div id=\"bd_results\"><div class=\"item-page\"><div><div id=\"accordion-container\"><h2 class=\"accordion-header\"><strong>2. D\u00c9LAI DE LIVRAISON<\/strong><\/h2><div class=\"accordion-content\"><p>Entre la passation de la commande et la date de livraison par le transporteur \u00e0 l&#039;adresse indiqu\u00e9e dans la commande, il s&#039;\u00e9coulera :<\/p><p>&#8211;\u00a0<strong>Produits en stock<\/strong>:Les exp\u00e9ditions nationales seront effectu\u00e9es en 24\/48 heures environ, et les exp\u00e9ditions internationales, entre 7 et 10 jours. En raison du processus de fabrication artisanal de nos produits et de la production limit\u00e9e de chaque mod\u00e8le, notre boutique en ligne n&#039;affiche pas d&#039;informations sur le stock actuel disponible pour chaque produit. Si vous souhaitez vous assurer de la date exacte de r\u00e9ception avant de passer la commande, veuillez nous contacter avant de passer la commande au +34 959 553 546 par email \u00e0\u00a0<span id=\"cloak1f0a29758213dacf741821f6d1c6a741\"><a href=\"mailto:info@equitacionvalverde.com\">info@equitacionvalverde.com<\/a><\/span>\u00a0.<\/p><p>&#8211;\u00a0<strong>Produits en rupture de stock<\/strong>:Les exp\u00e9ditions nationales prennent environ 25 \u00e0 30 jours et les exp\u00e9ditions internationales prennent environ 30 \u00e0 35 jours.<\/p><p class=\"bottom-indent\">Le mode de paiement que vous choisissez peut affecter les d\u00e9lais de livraison car il est influenc\u00e9 par le temps de v\u00e9rification.<\/p><p class=\"bottom-indent\">Dans le cas o\u00f9 vous ne recevez pas de colis dans le d\u00e9lai indiqu\u00e9, une enqu\u00eate sera men\u00e9e aupr\u00e8s du transporteur qui peut prendre plusieurs jours (le d\u00e9lai approximatif est de quatorze (14) jours ouvrables). Durant cette p\u00e9riode, aucune r\u00e9exp\u00e9dition de commande ni remboursement ne pourra \u00eatre effectu\u00e9.<\/p><p class=\"bottom-indent\">Nous vous conseillons de v\u00e9rifier que tout est conforme \u00e0 votre commande et que l&#039;emballage du colis est en parfait \u00e9tat lors de la r\u00e9ception de votre colis. Signez-le ensuite avec des r\u00e9serves et indiquez \u00e0 la main sur le bon de livraison du transporteur si vous avez constat\u00e9 des anomalies \u00e0 la r\u00e9ception. A l&#039;ouverture de votre colis, si vous constatez que les articles livr\u00e9s ne sont pas conformes \u00e0 votre commande ou sont endommag\u00e9s, veuillez contacter notre Service Client.<\/p><p class=\"bottom-indent\">\u00a0<\/p><\/div><h2 class=\"accordion-header\"><strong>3. IMPOSSIBILIT\u00c9 DE LIVRAISON<\/strong><\/h2><div class=\"accordion-content\"><p>Si apr\u00e8s deux tentatives nous ne parvenons pas \u00e0 livrer votre commande, nous essaierons de trouver un endroit s\u00fbr o\u00f9 la d\u00e9poser. Nous vous laisserons \u00e9galement une note indiquant o\u00f9 se trouve votre commande et comment la r\u00e9cup\u00e9rer. Si vous ne pouvez pas \u00eatre pr\u00e9sent au lieu de livraison \u00e0 l&#039;heure convenue, veuillez nous contacter pour organiser la livraison un autre jour. Si 30 jours se sont \u00e9coul\u00e9s depuis que votre commande \u00e9tait disponible pour livraison et que la commande n&#039;a pas \u00e9t\u00e9 livr\u00e9e pour des raisons qui ne nous sont pas imputables, nous comprendrons que vous souhaitez r\u00e9silier le Contrat et nous le consid\u00e9rerons comme r\u00e9sili\u00e9. En cons\u00e9quence de la r\u00e9siliation du Contrat, nous rembourserons le prix pay\u00e9 pour ces produits dans les meilleurs d\u00e9lais et, en tout \u00e9tat de cause, dans un d\u00e9lai maximum de 30 jours \u00e0 compter de la date \u00e0 laquelle nous consid\u00e9rons que le Contrat est r\u00e9sili\u00e9. Dans de tels cas, nous serons autoris\u00e9s \u00e0 vous r\u00e9percuter les frais de transport d\u00e9coulant de l&#039;exp\u00e9dition et de la r\u00e9siliation du Contrat.<\/p><\/div><\/div><\/div><\/div><\/div><\/div><\/div><\/div><\/div><\/div><\/div><\/section><\/div>\t\t\t\t\t\t\t\t<\/div>\n\t\t\t\t<\/div>\n\t\t\t\t<\/div>\n\t\t\t\t\t<\/div>\n\t\t\t\t<\/div>\n\t\t\t\t<\/div>","protected":false},"excerpt":{"rendered":"<p>Conditions d&#039;exp\u00e9dition 1. FRAIS DE PORT Les frais de port sont fix\u00e9s selon les param\u00e8tres suivants : Espagne : Envois vers [\u2026]<\/p>","protected":false},"author":3,"featured_media":0,"parent":0,"menu_order":0,"comment_status":"closed","ping_status":"closed","template":"","meta":{"_acf_changed":false,"site-sidebar-layout":"no-sidebar","site-content-layout":"","ast-site-content-layout":"full-width-container","site-content-style":"default","site-sidebar-style":"default","ast-global-header-display":"","ast-banner-title-visibility":"","ast-main-header-display":"","ast-hfb-above-header-display":"","ast-hfb-below-header-display":"","ast-hfb-mobile-header-display":"","site-post-title":"disabled","ast-breadcrumbs-content":"","ast-featured-img":"disabled","footer-sml-layout":"","theme-transparent-header-meta":"default","adv-header-id-meta":"","stick-header-meta":"","header-above-stick-meta":"","header-main-stick-meta":"","header-below-stick-meta":"","astra-migrate-meta-layouts":"set","ast-page-background-enabled":"default","ast-page-background-meta":{"desktop":{"background-color":"var(--ast-global-color-5)","background-image":"","background-repeat":"repeat","background-position":"center center","background-size":"auto","background-attachment":"scroll","background-type":"","background-media":"","overlay-type":"","overlay-color":"","overlay-opacity":"","overlay-gradient":""},"tablet":{"background-color":"","background-image":"","background-repeat":"repeat","background-position":"center center","background-size":"auto","background-attachment":"scroll","background-type":"","background-media":"","overlay-type":"","overlay-color":"","overlay-opacity":"","overlay-gradient":""},"mobile":{"background-color":"","background-image":"","background-repeat":"repeat","background-position":"center center","background-size":"auto","background-attachment":"scroll","background-type":"","background-media":"","overlay-type":"","overlay-color":"","overlay-opacity":"","overlay-gradient":""}},"ast-content-background-meta":{"desktop":{"background-color":"var(--ast-global-color-4)","background-image":"","background-repeat":"repeat","background-position":"center center","background-size":"auto","background-attachment":"scroll","background-type":"","background-media":"","overlay-type":"","overlay-color":"","overlay-opacity":"","overlay-gradient":""},"tablet":{"background-color":"var(--ast-global-color-4)","background-image":"","background-repeat":"repeat","background-position":"center center","background-size":"auto","background-attachment":"scroll","background-type":"","background-media":"","overlay-type":"","overlay-color":"","overlay-opacity":"","overlay-gradient":""},"mobile":{"background-color":"var(--ast-global-color-4)","background-image":"","background-repeat":"repeat","background-position":"center center","background-size":"auto","background-attachment":"scroll","background-type":"","background-media":"","overlay-type":"","overlay-color":"","overlay-opacity":"","overlay-gradient":""}},"footnotes":""},"class_list":["post-84","page","type-page","status-publish","hentry"],"acf":[],"yoast_head":"<!-- This site is optimized with the Yoast SEO Premium plugin v23.5 (Yoast SEO v24.1) - https:\/\/yoast.com\/wordpress\/plugins\/seo\/ -->\n<title>Condiciones de env\u00edo - Jos\u00e9 de Mora<\/title>\n<meta name=\"robots\" content=\"index, follow, max-snippet:-1, max-image-preview:large, max-video-preview:-1\" \/>\n<link rel=\"canonical\" href=\"https:\/\/josedemora.com\/fr\/conditions-dexpedition\/\" \/>\n<meta property=\"og:locale\" content=\"fr_FR\" \/>\n<meta property=\"og:type\" content=\"article\" \/>\n<meta property=\"og:title\" content=\"Condiciones de env\u00edo\" \/>\n<meta property=\"og:description\" content=\"Condiciones de env\u00edo 1. COSTE DEL ENV\u00cdO Los gastos de env\u00edo se establecen en los siguientes par\u00e1metros: Espa\u00f1a: Env\u00edos a [&hellip;]\" \/>\n<meta property=\"og:url\" content=\"https:\/\/josedemora.com\/fr\/conditions-dexpedition\/\" \/>\n<meta property=\"og:site_name\" content=\"Jos\u00e9 de Mora\" \/>\n<meta property=\"article:modified_time\" content=\"2025-02-04T07:41:05+00:00\" \/>\n<meta name=\"twitter:card\" content=\"summary_large_image\" \/>\n<meta name=\"twitter:label1\" content=\"Dur\u00e9e de lecture estim\u00e9e\" \/>\n\t<meta name=\"twitter:data1\" content=\"3 minutes\" \/>\n<script type=\"application\/ld+json\" class=\"yoast-schema-graph\">{\"@context\":\"https:\/\/schema.org\",\"@graph\":[{\"@type\":\"WebPage\",\"@id\":\"https:\/\/josedemora.com\/es\/condiciones-de-envio\/\",\"url\":\"https:\/\/josedemora.com\/es\/condiciones-de-envio\/\",\"name\":\"Condiciones de env\u00edo - Jos\u00e9 de Mora\",\"isPartOf\":{\"@id\":\"https:\/\/josedemora.com\/#website\"},\"datePublished\":\"2025-01-08T15:04:45+00:00\",\"dateModified\":\"2025-02-04T07:41:05+00:00\",\"breadcrumb\":{\"@id\":\"https:\/\/josedemora.com\/es\/condiciones-de-envio\/#breadcrumb\"},\"inLanguage\":\"fr-FR\",\"potentialAction\":[{\"@type\":\"ReadAction\",\"target\":[\"https:\/\/josedemora.com\/es\/condiciones-de-envio\/\"]}]},{\"@type\":\"BreadcrumbList\",\"@id\":\"https:\/\/josedemora.com\/es\/condiciones-de-envio\/#breadcrumb\",\"itemListElement\":[{\"@type\":\"ListItem\",\"position\":1,\"name\":\"Portada\",\"item\":\"https:\/\/josedemora.com\/\"},{\"@type\":\"ListItem\",\"position\":2,\"name\":\"Condiciones de env\u00edo\"}]},{\"@type\":\"WebSite\",\"@id\":\"https:\/\/josedemora.com\/#website\",\"url\":\"https:\/\/josedemora.com\/\",\"name\":\"Jos\u00e9 de Mora\",\"description\":\"\",\"potentialAction\":[{\"@type\":\"SearchAction\",\"target\":{\"@type\":\"EntryPoint\",\"urlTemplate\":\"https:\/\/josedemora.com\/?s={search_term_string}\"},\"query-input\":{\"@type\":\"PropertyValueSpecification\",\"valueRequired\":true,\"valueName\":\"search_term_string\"}}],\"inLanguage\":\"fr-FR\"}]}<\/script>\n<!-- \/ Yoast SEO Premium plugin. -->","yoast_head_json":{"title":"Condiciones de env\u00edo - Jos\u00e9 de Mora","robots":{"index":"index","follow":"follow","max-snippet":"max-snippet:-1","max-image-preview":"max-image-preview:large","max-video-preview":"max-video-preview:-1"},"canonical":"https:\/\/josedemora.com\/fr\/conditions-dexpedition\/","og_locale":"fr_FR","og_type":"article","og_title":"Condiciones de env\u00edo","og_description":"Condiciones de env\u00edo 1. COSTE DEL ENV\u00cdO Los gastos de env\u00edo se establecen en los siguientes par\u00e1metros: Espa\u00f1a: Env\u00edos a [&hellip;]","og_url":"https:\/\/josedemora.com\/fr\/conditions-dexpedition\/","og_site_name":"Jos\u00e9 de Mora","article_modified_time":"2025-02-04T07:41:05+00:00","twitter_card":"summary_large_image","twitter_misc":{"Dur\u00e9e de lecture estim\u00e9e":"3 minutes"},"schema":{"@context":"https:\/\/schema.org","@graph":[{"@type":"WebPage","@id":"https:\/\/josedemora.com\/es\/condiciones-de-envio\/","url":"https:\/\/josedemora.com\/es\/condiciones-de-envio\/","name":"Condiciones de env\u00edo - Jos\u00e9 de Mora","isPartOf":{"@id":"https:\/\/josedemora.com\/#website"},"datePublished":"2025-01-08T15:04:45+00:00","dateModified":"2025-02-04T07:41:05+00:00","breadcrumb":{"@id":"https:\/\/josedemora.com\/es\/condiciones-de-envio\/#breadcrumb"},"inLanguage":"fr-FR","potentialAction":[{"@type":"ReadAction","target":["https:\/\/josedemora.com\/es\/condiciones-de-envio\/"]}]},{"@type":"BreadcrumbList","@id":"https:\/\/josedemora.com\/es\/condiciones-de-envio\/#breadcrumb","itemListElement":[{"@type":"ListItem","position":1,"name":"Portada","item":"https:\/\/josedemora.com\/"},{"@type":"ListItem","position":2,"name":"Condiciones de env\u00edo"}]},{"@type":"WebSite","@id":"https:\/\/josedemora.com\/#website","url":"https:\/\/josedemora.com\/","name":"Jos\u00e9 de Mora","description":"","potentialAction":[{"@type":"SearchAction","target":{"@type":"EntryPoint","urlTemplate":"https:\/\/josedemora.com\/?s={search_term_string}"},"query-input":{"@type":"PropertyValueSpecification","valueRequired":true,"valueName":"search_term_string"}}],"inLanguage":"fr-FR"}]}},"_links":{"self":[{"href":"https:\/\/josedemora.com\/fr\/wp-json\/wp\/v2\/pages\/84","targetHints":{"allow":["GET"]}}],"collection":[{"href":"https:\/\/josedemora.com\/fr\/wp-json\/wp\/v2\/pages"}],"about":[{"href":"https:\/\/josedemora.com\/fr\/wp-json\/wp\/v2\/types\/page"}],"author":[{"embeddable":true,"href":"https:\/\/josedemora.com\/fr\/wp-json\/wp\/v2\/users\/3"}],"replies":[{"embeddable":true,"href":"https:\/\/josedemora.com\/fr\/wp-json\/wp\/v2\/comments?post=84"}],"version-history":[{"count":13,"href":"https:\/\/josedemora.com\/fr\/wp-json\/wp\/v2\/pages\/84\/revisions"}],"predecessor-version":[{"id":2311,"href":"https:\/\/josedemora.com\/fr\/wp-json\/wp\/v2\/pages\/84\/revisions\/2311"}],"wp:attachment":[{"href":"https:\/\/josedemora.com\/fr\/wp-json\/wp\/v2\/media?parent=84"}],"curies":[{"name":"wp","href":"https:\/\/api.w.org\/{rel}","templated":true}]}}