{"id":80,"date":"2025-01-08T15:03:58","date_gmt":"2025-01-08T15:03:58","guid":{"rendered":"https:\/\/josedemora.com\/?page_id=80"},"modified":"2025-02-04T07:29:11","modified_gmt":"2025-02-04T07:29:11","slug":"politica-de-cookies","status":"publish","type":"page","link":"https:\/\/josedemora.com\/fr\/politique-de-cookies\/","title":{"rendered":"Politique de cookies"},"content":{"rendered":"<div data-elementor-type=\"wp-page\" data-elementor-id=\"80\" class=\"elementor elementor-80\" data-elementor-post-type=\"page\">\n\t\t\t\t<div class=\"elementor-element elementor-element-06a5e78 e-flex e-con-boxed e-con e-parent\" data-id=\"06a5e78\" data-element_type=\"container\">\n\t\t\t\t\t<div class=\"e-con-inner\">\n\t\t<div class=\"elementor-element elementor-element-9160c92 e-con-full e-flex e-con e-child\" data-id=\"9160c92\" data-element_type=\"container\">\n\t\t\t\t<div class=\"elementor-element elementor-element-dce3c69 elementor-align-left elementor-widget elementor-widget-breadcrumbs\" data-id=\"dce3c69\" data-element_type=\"widget\" data-widget_type=\"breadcrumbs.default\">\n\t\t\t\t<div class=\"elementor-widget-container\">\n\t\t\t\t\t<p id=\"breadcrumbs\"><span><span><a href=\"https:\/\/josedemora.com\/fr\">Page d&#039;accueil<\/a><\/span><\/span><\/p>\t\t\t\t<\/div>\n\t\t\t\t<\/div>\n\t\t\t\t<\/div>\n\t\t\t\t\t<\/div>\n\t\t\t\t<\/div>\n\t\t<div class=\"elementor-element elementor-element-64b770e e-flex e-con-boxed e-con e-parent\" data-id=\"64b770e\" data-element_type=\"container\">\n\t\t\t\t\t<div class=\"e-con-inner\">\n\t\t<div class=\"elementor-element elementor-element-31fca73 e-con-full e-flex e-con e-child\" data-id=\"31fca73\" data-element_type=\"container\">\n\t\t\t\t<div class=\"elementor-element elementor-element-3dacc8d elementor-widget elementor-widget-heading\" data-id=\"3dacc8d\" data-element_type=\"widget\" data-widget_type=\"heading.default\">\n\t\t\t\t<div class=\"elementor-widget-container\">\n\t\t\t\t\t<h2 class=\"elementor-heading-title elementor-size-default\">Politique de cookies<\/h2>\t\t\t\t<\/div>\n\t\t\t\t<\/div>\n\t\t\t\t<div class=\"elementor-element elementor-element-7f6392e elementor-widget elementor-widget-text-editor\" data-id=\"7f6392e\" data-element_type=\"widget\" data-widget_type=\"text-editor.default\">\n\t\t\t\t<div class=\"elementor-widget-container\">\n\t\t\t\t\t\t\t\t\t<p>Le site Web\u00a0<strong>josedemora.com<\/strong>\u00a0Comme la plupart des sites Web sur Internet, il utilise des cookies. Sur josedemora.com, nous utilisons des cookies dans le but d&#039;optimiser, de personnaliser et d&#039;am\u00e9liorer l&#039;exp\u00e9rience utilisateur sur notre site Web, en plus de r\u00e9aliser une analyse statistique des visites et de leur comportement au sein de notre site Web.<\/p><p>Vous trouverez ci-dessous des informations d\u00e9taill\u00e9es sur ce que sont les \u00ab Cookies \u00bb, quel type de cookies nous utilisons sur ce site Web, comment vous pouvez les d\u00e9sactiver dans votre navigateur et comment bloquer sp\u00e9cifiquement l&#039;installation de Cookies via les param\u00e8tres de votre navigateur Web.<\/p><p><strong>Que sont les cookies et comment les utilisons-nous sur les sites Web de Sport y Equitaci\u00f3n SL (josedemora.com) ?<\/strong><\/p><p>Les cookies sont des fichiers destin\u00e9s \u00e0 stocker des informations relatives \u00e0 votre visite sur un site Web ou une application particuli\u00e8re, et sont install\u00e9s dans votre navigateur Web ou votre appareil (ordinateur, smartphone, tablette ou t\u00e9l\u00e9vision connect\u00e9e) par le site Web ou l&#039;application que vous utilisez, lors de votre visite. les diff\u00e9rentes pages du site ou les diff\u00e9rentes sections de l&#039;application.<\/p><p>Comme la plupart des sites Web, le site Web de Sport y Equitaci\u00f3n SL (josedemora.com) utilise des cookies pour :<\/p><ol><li>Assurez-vous que le site Web fonctionne correctement.<\/li><\/ol><ol><li>Stockez vos pr\u00e9f\u00e9rences, paniers d&#039;achat, langue, etc.<\/li><\/ol><ol><li>Connaissez votre exp\u00e9rience de navigation.<\/li><\/ol><ol><li>Collectez des informations statistiques anonymes, telles que les pages que vous avez consult\u00e9es ou la dur\u00e9e de votre visite sur chaque page.<\/li><\/ol><p>L&#039;utilisation de Cookies nous permet d&#039;optimiser votre navigation, en adaptant les informations et services propos\u00e9s \u00e0 vos int\u00e9r\u00eats, pour vous offrir une meilleure exp\u00e9rience \u00e0 chaque fois que vous nous visitez. Les sites Web de Sport y Equitaci\u00f3n SL (josedemora.com) utilisent des Cookies pour fonctionner, adapter et faciliter au maximum la navigation de l&#039;Utilisateur.<\/p><p>Les cookies sont uniquement associ\u00e9s \u00e0 un utilisateur anonyme et \u00e0 son ordinateur\/appareil et ne fournissent pas de r\u00e9f\u00e9rences permettant de conna\u00eetre des donn\u00e9es personnelles. Vous pouvez acc\u00e9der \u00e0 tout moment aux param\u00e8tres de votre navigateur pour modifier et\/ou bloquer l&#039;installation de Cookies envoy\u00e9s par les sites Web de Sport y Equitaci\u00f3n SL (josedemora.com), sans emp\u00eacher l&#039;acc\u00e8s au contenu. Toutefois, la qualit\u00e9 du fonctionnement des Services peut \u00eatre affect\u00e9e.<\/p><p>Les utilisateurs qui compl\u00e8tent le processus d&#039;inscription ou se sont connect\u00e9s avec leurs donn\u00e9es d&#039;acc\u00e8s pourront acc\u00e9der \u00e0 des services personnalis\u00e9s adapt\u00e9s \u00e0 leurs pr\u00e9f\u00e9rences en fonction des informations personnelles fournies au moment de l&#039;inscription et stock\u00e9es dans le Cookie de leur navigateur.<\/p><p><strong>Quels types de cookies existent ?<\/strong><\/p><p>En fonction du propri\u00e9taire du domaine \u00e0 partir duquel les cookies sont install\u00e9s et les donn\u00e9es obtenues sont trait\u00e9es, nous pouvons distinguer :<\/p><ul><li><strong>Cookies propres<\/strong>:Ce sont ceux qui sont install\u00e9s sur le terminal et\/ou le navigateur de l&#039;utilisateur \u00e0 partir d&#039;un domaine g\u00e9r\u00e9 par le propri\u00e9taire du site Web ou de l&#039;application dans lequel se trouve l&#039;utilisateur et \u00e0 partir duquel le service demand\u00e9 par l&#039;utilisateur est fourni.<\/li><li>\u00a0<strong>Cookies tiers<\/strong>: Ce sont ceux qui sont install\u00e9s sur l&#039;appareil et\/ou le navigateur de l&#039;utilisateur \u00e0 partir du domaine d&#039;un tiers qui n&#039;est pas g\u00e9r\u00e9 par le propri\u00e9taire du site Web ou de l&#039;application dans laquelle se trouve l&#039;utilisateur ou qui, bien qu&#039;ayant \u00e9t\u00e9 install\u00e9s \u00e0 partir du m\u00eame domaine, traite les donn\u00e9es desdits cookies pour le compte d&#039;un tiers.<\/li><\/ul><p>En fonction de la dur\u00e9e pendant laquelle ils restent activ\u00e9s sur l&#039;appareil de l&#039;utilisateur, on peut distinguer :<\/p><ul><li><strong>Cookies de session<\/strong>:Il s&#039;agit d&#039;un type de cookies con\u00e7us pour collecter et stocker des donn\u00e9es pendant que l&#039;utilisateur acc\u00e8de \u00e0 une page Web. Ils sont g\u00e9n\u00e9ralement utilis\u00e9s pour stocker des informations qui ne pr\u00e9sentent un int\u00e9r\u00eat que pour la fourniture du service demand\u00e9 par l&#039;utilisateur \u00e0 une seule occasion (par exemple : une liste de produits achet\u00e9s). Ces cookies sont automatiquement supprim\u00e9s lorsque l\u2019utilisateur ferme son navigateur.<\/li><li><strong>Cookies persistants<\/strong>:Il s&#039;agit d&#039;un type de cookies dans lesquels les donn\u00e9es restent stock\u00e9es sur l&#039;appareil et peuvent \u00eatre consult\u00e9es et trait\u00e9es pendant une dur\u00e9e d\u00e9finie par le responsable du cookie, qui peut aller de quelques minutes \u00e0 plusieurs ann\u00e9es.<\/li><\/ul><p>En fonction de la finalit\u00e9 pour laquelle les donn\u00e9es obtenues via les cookies sont trait\u00e9es, nous pouvons distinguer :<\/p><ul><li><strong>Cookies techniques<\/strong>:Ce sont ceux qui permettent \u00e0 l&#039;utilisateur de naviguer sur un site Web, une plateforme ou une application et d&#039;utiliser les diff\u00e9rentes options ou services qui y existent, comme par exemple contr\u00f4ler le trafic et la communication de donn\u00e9es, identifier la session, acc\u00e9der aux sections d&#039;acc\u00e8s restreint, se souvenir les articles qui composent une commande, utilisent des fonctionnalit\u00e9s de s\u00e9curit\u00e9 lors de la navigation ou partagent du contenu via les r\u00e9seaux sociaux.<\/li><li><strong>Cookies de personnalisation<\/strong>:Ce sont ceux qui permettent \u00e0 l&#039;utilisateur d&#039;acc\u00e9der au service avec certaines caract\u00e9ristiques g\u00e9n\u00e9rales pr\u00e9d\u00e9finies en fonction d&#039;une s\u00e9rie de crit\u00e8res sur l&#039;appareil de l&#039;utilisateur, tels que la langue, le type de navigateur via lequel l&#039;utilisateur acc\u00e8de au service, la configuration r\u00e9gionale \u00e0 partir de laquelle vous acc\u00e9dez au service, etc.<\/li><li><strong>Cookies d&#039;analyse<\/strong>:Ce sont ceux qui permettent \u00e0 la personne qui en est responsable de surveiller et d&#039;analyser le comportement des utilisateurs des sites Web auxquels ils sont li\u00e9s. Les informations collect\u00e9es via ce type de cookies sont utilis\u00e9es pour mesurer l&#039;activit\u00e9 des sites Web, de l&#039;application ou de la plateforme et pour cr\u00e9er des profils de navigation des utilisateurs desdits sites, applications et plateformes, afin d&#039;introduire des am\u00e9liorations bas\u00e9es sur l&#039;analyse des donn\u00e9es sur l&#039;utilisation du service par les utilisateurs.<\/li><li><strong>Cookies publicitaires<\/strong>:Ce sont ceux qui permettent la gestion, de la mani\u00e8re la plus efficace possible, des espaces publicitaires que, le cas \u00e9ch\u00e9ant, le propri\u00e9taire a inclus sur une page Web, une application ou une plateforme \u00e0 partir de laquelle le service demand\u00e9 est fourni sur la base de crit\u00e8res tels que : le contenu \u00e9dit\u00e9 ou la fr\u00e9quence \u00e0 laquelle les publicit\u00e9s sont affich\u00e9es.<\/li><li><strong>Cookies de publicit\u00e9 comportementale<\/strong>:Ce sont ceux qui permettent la gestion, de la mani\u00e8re la plus efficace possible, des espaces publicitaires que, le cas \u00e9ch\u00e9ant, le propri\u00e9taire a inclus sur un site Web, une application ou une plateforme \u00e0 partir de laquelle le service demand\u00e9 est fourni. Ces cookies stockent des informations sur le comportement des utilisateurs obtenues gr\u00e2ce \u00e0 l&#039;observation continue de leurs habitudes de navigation, ce qui permet de d\u00e9velopper un profil sp\u00e9cifique pour afficher de la publicit\u00e9 en fonction de celui-ci.<\/li><\/ul><p><strong>Pourquoi sont-ils importants ?<\/strong><\/p><ol><li>D&#039;un point de vue technique, ils permettent le bon fonctionnement du Site, ainsi qu&#039;un fonctionnement plus agile adapt\u00e9 aux pr\u00e9f\u00e9rences des utilisateurs. Par exemple, les cookies permettent \u00e0 notre site de m\u00e9moriser les produits que vous avez stock\u00e9s dans votre panier ou de vous connecter en tant qu&#039;utilisateur enregistr\u00e9.<\/li><\/ol><ol><li>Ils \u00e9tablissent des niveaux de protection et de s\u00e9curit\u00e9 qui emp\u00eachent ou entravent les cyberattaques contre le site Web ou ses utilisateurs.<\/li><\/ol><ol><li>Ils nous permettent de conna\u00eetre les donn\u00e9es statistiques collect\u00e9es dans les Cookies pour am\u00e9liorer la qualit\u00e9 et l&#039;exp\u00e9rience de nos utilisateurs sur le Site Web.<\/li><\/ol><ol><li>Nous pouvons \u00e9ventuellement l&#039;utiliser pour optimiser la publicit\u00e9 que nous montrons aux utilisateurs sur notre site Web, en proposant la publicit\u00e9 qui correspond le mieux \u00e0 leurs int\u00e9r\u00eats.<\/li><\/ol>\t\t\t\t\t\t\t\t<\/div>\n\t\t\t\t<\/div>\n\t\t\t\t<div class=\"elementor-element elementor-element-0e0127b elementor-widget elementor-widget-text-editor\" data-id=\"0e0127b\" data-element_type=\"widget\" data-widget_type=\"text-editor.default\">\n\t\t\t\t<div class=\"elementor-widget-container\">\n\t\t\t\t\t\t\t\t\t<p><strong>Quels sont les diff\u00e9rents types de cookies que nous utilisons chez Sport y Equitaci\u00f3n SL (josedemora.com) ?<\/strong><\/p>\t\t\t\t\t\t\t\t<\/div>\n\t\t\t\t<\/div>\n\t\t\t\t<div class=\"elementor-element elementor-element-d2ad89b elementor-widget elementor-widget-shortcode\" data-id=\"d2ad89b\" data-element_type=\"widget\" data-widget_type=\"shortcode.default\">\n\t\t\t\t<div class=\"elementor-widget-container\">\n\t\t\t\t\t\t\t<div class=\"elementor-shortcode\">[tableau d&#039;audit des cookies wcc]<\/div>\n\t\t\t\t\t\t<\/div>\n\t\t\t\t<\/div>\n\t\t\t\t<div class=\"elementor-element elementor-element-04bd89b elementor-widget elementor-widget-text-editor\" data-id=\"04bd89b\" data-element_type=\"widget\" data-widget_type=\"text-editor.default\">\n\t\t\t\t<div class=\"elementor-widget-container\">\n\t\t\t\t\t\t\t\t\t<p>Certains services de Sport y Equitaci\u00f3n SL (josedemora.com) peuvent utiliser des connecteurs avec divers r\u00e9seaux sociaux : Facebook, Twitter, Google+, Linkedin, etc. En utilisant la connexion sociale, vous autorisez le r\u00e9seau social \u00e0 stocker un cookie persistant. Ce Cookie m\u00e9morise votre identification dans le service, rendant l&#039;acc\u00e8s beaucoup plus rapide lors des visites ult\u00e9rieures. Ce cookie peut \u00eatre supprim\u00e9 et vous pouvez \u00e9galement annuler les autorisations d&#039;acc\u00e8s aux services de Sport y Equitaci\u00f3n SL (josedemora.com) \u00e0 partir des param\u00e8tres de confidentialit\u00e9 du r\u00e9seau social sp\u00e9cifique.<\/p><p><strong>Comment puis-je configurer mes Cookies ?<\/strong><\/p><p>En acceptant les cookies dans notre avis sur les cookies et en continuant \u00e0 naviguer sur notre site Web, vous consentez \u00e0 l&#039;utilisation de cookies dans les conditions contenues dans la pr\u00e9sente politique en mati\u00e8re de cookies. Sport y Equitaci\u00f3n SL (josedemora.com) donne acc\u00e8s \u00e0 cette politique de cookies au moment de l&#039;acc\u00e8s \u00e0 notre site dans le but que l&#039;utilisateur soit inform\u00e9, et sans pr\u00e9judice de la possibilit\u00e9 pour l&#039;utilisateur d&#039;exercer son droit de blocage, de suppression et de rejet Cookies. l&#039;utilisation de Cookies \u00e0 tout moment.<\/p><p>Dans tous les cas, nous vous informons que, puisque les Cookies sont n\u00e9cessaires \u00e0 l&#039;utilisation de notre Site Web, vous pouvez cependant les bloquer ou les d\u00e9sactiver en activant les param\u00e8tres de votre navigateur, ce qui vous permet de rejeter l&#039;installation de tous les cookies ou de certains d&#039;entre eux. . La plupart des navigateurs vous permettent d&#039;\u00eatre averti de la pr\u00e9sence de Cookies ou de les rejeter automatiquement. Si vous les refusez, vous pouvez continuer \u00e0 utiliser notre site Web, bien que l&#039;utilisation de certains de ses services, tels que les achats en ligne, puisse \u00eatre limit\u00e9e et que votre exp\u00e9rience sur notre site Web puisse donc \u00eatre moins satisfaisante.<\/p><p>Vous trouverez ci-dessous les liens vers les principaux navigateurs et appareils afin que vous disposiez de toutes les informations n\u00e9cessaires pour savoir comment g\u00e9rer les cookies dans votre navigateur.<\/p><ul><li><a href=\"http:\/\/support.google.com\/chrome\/answer\/95647?hl=es\">Google Chrome\u00a0<br \/><\/a><\/li><li><a href=\"http:\/\/support.mozilla.org\/es\/kb\/habilitar-y-deshabilitar-cookies-que-los-sitios-we\">Mozilla Firefox\u00a0<\/a><\/li><li><a href=\"http:\/\/windows.microsoft.com\/es-es\/windows-vista\/block-or-allow-cookies\">Internet Explorer\u00a0<\/a><\/li><li><a href=\"http:\/\/support.apple.com\/kb\/ph5042?viewlocale=es_es\">Safari\u00a0<\/a><\/li><li><a href=\"http:\/\/help.opera.com\/Windows\/12.10\/en\/cookies.html\">Op\u00e9ra\u00a0<\/a><\/li><li><a href=\"http:\/\/www.windowsphone.com\/es-es\/how-to\/wp7\/web\/changing-privacy-and-other-browser-settings\">Internet Explorer (Windows Phone)\u00a0<\/a><\/li><li><a href=\"http:\/\/support.apple.com\/kb\/ht1677?viewlocale=es_es\">Safari pour iOS (iPhone et iPad)\u00a0<\/a><\/li><li><a href=\"http:\/\/support.google.com\/chrome\/answer\/2392971?hl=es\">Chrome pour Android\u00a0<\/a><\/li><\/ul><p><strong>\u00a0<\/strong><\/p><p><strong>Devrions-nous mettre \u00e0 jour notre politique en mati\u00e8re de cookies ?<\/strong><\/p><p>Nous pouvons mettre \u00e0 jour la politique relative aux cookies de notre site Web. Nous vous recommandons donc de consulter cette politique chaque fois que vous acc\u00e9dez \u00e0 notre site Web afin d&#039;\u00eatre correctement inform\u00e9 sur la mani\u00e8re dont nous utilisons les cookies et pourquoi. La politique relative aux cookies a \u00e9t\u00e9 mise \u00e0 jour pour la derni\u00e8re fois le [13 septembre 2018].<\/p><p><strong>Dur\u00e9e de validit\u00e9 des cookies<\/strong><\/p><ol><li>Les cookies de session expirent lorsque l&#039;Utilisateur quitte la page ou ferme le navigateur, c&#039;est-\u00e0-dire qu&#039;ils sont actifs pendant toute la dur\u00e9e de la visite sur le Site Web et sont donc supprim\u00e9s de notre ordinateur lorsque nous le quittons.<br \/><br \/><\/li><li>Les cookies permanents expirent lorsque l&#039;objectif pour lequel ils servent est atteint ou lorsqu&#039;ils sont supprim\u00e9s manuellement. Ils ont une date de suppression et sont normalement utilis\u00e9s dans les processus d&#039;achat en ligne, de personnalisation ou d&#039;enregistrement, afin que nous n&#039;ayons pas \u00e0 saisir constamment notre mot de passe.<\/li><\/ol>\t\t\t\t\t\t\t\t<\/div>\n\t\t\t\t<\/div>\n\t\t\t\t<\/div>\n\t\t\t\t\t<\/div>\n\t\t\t\t<\/div>\n\t\t\t\t<\/div>","protected":false},"excerpt":{"rendered":"<p>Politique de cookies Le site josedemora.com, comme la plupart des sites Internet, utilise des cookies. Chez josedemora.com nous utilisons [\u2026]<\/p>","protected":false},"author":3,"featured_media":0,"parent":0,"menu_order":0,"comment_status":"closed","ping_status":"closed","template":"","meta":{"_acf_changed":false,"site-sidebar-layout":"no-sidebar","site-content-layout":"","ast-site-content-layout":"full-width-container","site-content-style":"default","site-sidebar-style":"default","ast-global-header-display":"","ast-banner-title-visibility":"","ast-main-header-display":"","ast-hfb-above-header-display":"","ast-hfb-below-header-display":"","ast-hfb-mobile-header-display":"","site-post-title":"disabled","ast-breadcrumbs-content":"","ast-featured-img":"disabled","footer-sml-layout":"","theme-transparent-header-meta":"default","adv-header-id-meta":"","stick-header-meta":"","header-above-stick-meta":"","header-main-stick-meta":"","header-below-stick-meta":"","astra-migrate-meta-layouts":"set","ast-page-background-enabled":"default","ast-page-background-meta":{"desktop":{"background-color":"var(--ast-global-color-5)","background-image":"","background-repeat":"repeat","background-position":"center center","background-size":"auto","background-attachment":"scroll","background-type":"","background-media":"","overlay-type":"","overlay-color":"","overlay-opacity":"","overlay-gradient":""},"tablet":{"background-color":"","background-image":"","background-repeat":"repeat","background-position":"center center","background-size":"auto","background-attachment":"scroll","background-type":"","background-media":"","overlay-type":"","overlay-color":"","overlay-opacity":"","overlay-gradient":""},"mobile":{"background-color":"","background-image":"","background-repeat":"repeat","background-position":"center center","background-size":"auto","background-attachment":"scroll","background-type":"","background-media":"","overlay-type":"","overlay-color":"","overlay-opacity":"","overlay-gradient":""}},"ast-content-background-meta":{"desktop":{"background-color":"var(--ast-global-color-4)","background-image":"","background-repeat":"repeat","background-position":"center center","background-size":"auto","background-attachment":"scroll","background-type":"","background-media":"","overlay-type":"","overlay-color":"","overlay-opacity":"","overlay-gradient":""},"tablet":{"background-color":"var(--ast-global-color-4)","background-image":"","background-repeat":"repeat","background-position":"center center","background-size":"auto","background-attachment":"scroll","background-type":"","background-media":"","overlay-type":"","overlay-color":"","overlay-opacity":"","overlay-gradient":""},"mobile":{"background-color":"var(--ast-global-color-4)","background-image":"","background-repeat":"repeat","background-position":"center center","background-size":"auto","background-attachment":"scroll","background-type":"","background-media":"","overlay-type":"","overlay-color":"","overlay-opacity":"","overlay-gradient":""}},"footnotes":""},"class_list":["post-80","page","type-page","status-publish","hentry"],"acf":[],"yoast_head":"<!-- This site is optimized with the Yoast SEO Premium plugin v23.5 (Yoast SEO v24.1) - https:\/\/yoast.com\/wordpress\/plugins\/seo\/ -->\n<title>Pol\u00edtica de cookies - Jos\u00e9 de Mora<\/title>\n<meta name=\"robots\" content=\"index, follow, max-snippet:-1, max-image-preview:large, max-video-preview:-1\" \/>\n<link rel=\"canonical\" href=\"https:\/\/josedemora.com\/fr\/politique-de-cookies\/\" \/>\n<meta property=\"og:locale\" content=\"fr_FR\" \/>\n<meta property=\"og:type\" content=\"article\" \/>\n<meta property=\"og:title\" content=\"Pol\u00edtica de cookies\" \/>\n<meta property=\"og:description\" content=\"Pol\u00edtica de cookies El Sitio Web\u00a0josedemora.com\u00a0al igual que la mayor\u00eda de sitios web en internet, utiliza cookies. En josedemora.com utilizamos [&hellip;]\" \/>\n<meta property=\"og:url\" content=\"https:\/\/josedemora.com\/fr\/politique-de-cookies\/\" \/>\n<meta property=\"og:site_name\" content=\"Jos\u00e9 de Mora\" \/>\n<meta property=\"article:modified_time\" content=\"2025-02-04T07:29:11+00:00\" \/>\n<meta name=\"twitter:card\" content=\"summary_large_image\" \/>\n<meta name=\"twitter:label1\" content=\"Dur\u00e9e de lecture estim\u00e9e\" \/>\n\t<meta name=\"twitter:data1\" content=\"8 minutes\" \/>\n<script type=\"application\/ld+json\" class=\"yoast-schema-graph\">{\"@context\":\"https:\/\/schema.org\",\"@graph\":[{\"@type\":\"WebPage\",\"@id\":\"https:\/\/josedemora.com\/politica-de-cookies\/\",\"url\":\"https:\/\/josedemora.com\/politica-de-cookies\/\",\"name\":\"Pol\u00edtica de cookies - Jos\u00e9 de Mora\",\"isPartOf\":{\"@id\":\"https:\/\/josedemora.com\/#website\"},\"datePublished\":\"2025-01-08T15:03:58+00:00\",\"dateModified\":\"2025-02-04T07:29:11+00:00\",\"breadcrumb\":{\"@id\":\"https:\/\/josedemora.com\/politica-de-cookies\/#breadcrumb\"},\"inLanguage\":\"fr-FR\",\"potentialAction\":[{\"@type\":\"ReadAction\",\"target\":[\"https:\/\/josedemora.com\/politica-de-cookies\/\"]}]},{\"@type\":\"BreadcrumbList\",\"@id\":\"https:\/\/josedemora.com\/politica-de-cookies\/#breadcrumb\",\"itemListElement\":[{\"@type\":\"ListItem\",\"position\":1,\"name\":\"Portada\",\"item\":\"https:\/\/josedemora.com\/\"},{\"@type\":\"ListItem\",\"position\":2,\"name\":\"Pol\u00edtica de cookies\"}]},{\"@type\":\"WebSite\",\"@id\":\"https:\/\/josedemora.com\/#website\",\"url\":\"https:\/\/josedemora.com\/\",\"name\":\"Jos\u00e9 de Mora\",\"description\":\"\",\"potentialAction\":[{\"@type\":\"SearchAction\",\"target\":{\"@type\":\"EntryPoint\",\"urlTemplate\":\"https:\/\/josedemora.com\/?s={search_term_string}\"},\"query-input\":{\"@type\":\"PropertyValueSpecification\",\"valueRequired\":true,\"valueName\":\"search_term_string\"}}],\"inLanguage\":\"fr-FR\"}]}<\/script>\n<!-- \/ Yoast SEO Premium plugin. -->","yoast_head_json":{"title":"Pol\u00edtica de cookies - Jos\u00e9 de Mora","robots":{"index":"index","follow":"follow","max-snippet":"max-snippet:-1","max-image-preview":"max-image-preview:large","max-video-preview":"max-video-preview:-1"},"canonical":"https:\/\/josedemora.com\/fr\/politique-de-cookies\/","og_locale":"fr_FR","og_type":"article","og_title":"Pol\u00edtica de cookies","og_description":"Pol\u00edtica de cookies El Sitio Web\u00a0josedemora.com\u00a0al igual que la mayor\u00eda de sitios web en internet, utiliza cookies. En josedemora.com utilizamos [&hellip;]","og_url":"https:\/\/josedemora.com\/fr\/politique-de-cookies\/","og_site_name":"Jos\u00e9 de Mora","article_modified_time":"2025-02-04T07:29:11+00:00","twitter_card":"summary_large_image","twitter_misc":{"Dur\u00e9e de lecture estim\u00e9e":"8 minutes"},"schema":{"@context":"https:\/\/schema.org","@graph":[{"@type":"WebPage","@id":"https:\/\/josedemora.com\/politica-de-cookies\/","url":"https:\/\/josedemora.com\/politica-de-cookies\/","name":"Pol\u00edtica de cookies - Jos\u00e9 de Mora","isPartOf":{"@id":"https:\/\/josedemora.com\/#website"},"datePublished":"2025-01-08T15:03:58+00:00","dateModified":"2025-02-04T07:29:11+00:00","breadcrumb":{"@id":"https:\/\/josedemora.com\/politica-de-cookies\/#breadcrumb"},"inLanguage":"fr-FR","potentialAction":[{"@type":"ReadAction","target":["https:\/\/josedemora.com\/politica-de-cookies\/"]}]},{"@type":"BreadcrumbList","@id":"https:\/\/josedemora.com\/politica-de-cookies\/#breadcrumb","itemListElement":[{"@type":"ListItem","position":1,"name":"Portada","item":"https:\/\/josedemora.com\/"},{"@type":"ListItem","position":2,"name":"Pol\u00edtica de cookies"}]},{"@type":"WebSite","@id":"https:\/\/josedemora.com\/#website","url":"https:\/\/josedemora.com\/","name":"Jos\u00e9 de Mora","description":"","potentialAction":[{"@type":"SearchAction","target":{"@type":"EntryPoint","urlTemplate":"https:\/\/josedemora.com\/?s={search_term_string}"},"query-input":{"@type":"PropertyValueSpecification","valueRequired":true,"valueName":"search_term_string"}}],"inLanguage":"fr-FR"}]}},"_links":{"self":[{"href":"https:\/\/josedemora.com\/fr\/wp-json\/wp\/v2\/pages\/80","targetHints":{"allow":["GET"]}}],"collection":[{"href":"https:\/\/josedemora.com\/fr\/wp-json\/wp\/v2\/pages"}],"about":[{"href":"https:\/\/josedemora.com\/fr\/wp-json\/wp\/v2\/types\/page"}],"author":[{"embeddable":true,"href":"https:\/\/josedemora.com\/fr\/wp-json\/wp\/v2\/users\/3"}],"replies":[{"embeddable":true,"href":"https:\/\/josedemora.com\/fr\/wp-json\/wp\/v2\/comments?post=80"}],"version-history":[{"count":16,"href":"https:\/\/josedemora.com\/fr\/wp-json\/wp\/v2\/pages\/80\/revisions"}],"predecessor-version":[{"id":2307,"href":"https:\/\/josedemora.com\/fr\/wp-json\/wp\/v2\/pages\/80\/revisions\/2307"}],"wp:attachment":[{"href":"https:\/\/josedemora.com\/fr\/wp-json\/wp\/v2\/media?parent=80"}],"curies":[{"name":"wp","href":"https:\/\/api.w.org\/{rel}","templated":true}]}}