{"id":2282,"date":"2025-02-04T06:27:11","date_gmt":"2025-02-04T06:27:11","guid":{"rendered":"https:\/\/josedemora.com\/?page_id=2282"},"modified":"2025-02-04T06:50:18","modified_gmt":"2025-02-04T06:50:18","slug":"aviso-legal","status":"publish","type":"page","link":"https:\/\/josedemora.com\/fr\/mentions-legales\/","title":{"rendered":"Mentions l\u00e9gales"},"content":{"rendered":"<div data-elementor-type=\"wp-page\" data-elementor-id=\"2282\" class=\"elementor elementor-2282\" data-elementor-post-type=\"page\">\n\t\t\t\t<div class=\"elementor-element elementor-element-06a5e78 e-flex e-con-boxed e-con e-parent\" data-id=\"06a5e78\" data-element_type=\"container\">\n\t\t\t\t\t<div class=\"e-con-inner\">\n\t\t<div class=\"elementor-element elementor-element-9160c92 e-con-full e-flex e-con e-child\" data-id=\"9160c92\" data-element_type=\"container\">\n\t\t\t\t<div class=\"elementor-element elementor-element-dce3c69 elementor-align-left elementor-widget elementor-widget-breadcrumbs\" data-id=\"dce3c69\" data-element_type=\"widget\" data-widget_type=\"breadcrumbs.default\">\n\t\t\t\t<div class=\"elementor-widget-container\">\n\t\t\t\t\t<p id=\"breadcrumbs\"><span><span><a href=\"https:\/\/josedemora.com\/fr\">Page d&#039;accueil<\/a><\/span><\/span><\/p>\t\t\t\t<\/div>\n\t\t\t\t<\/div>\n\t\t\t\t<\/div>\n\t\t\t\t\t<\/div>\n\t\t\t\t<\/div>\n\t\t<div class=\"elementor-element elementor-element-64b770e e-flex e-con-boxed e-con e-parent\" data-id=\"64b770e\" data-element_type=\"container\">\n\t\t\t\t\t<div class=\"e-con-inner\">\n\t\t<div class=\"elementor-element elementor-element-31fca73 e-con-full e-flex e-con e-child\" data-id=\"31fca73\" data-element_type=\"container\">\n\t\t\t\t<div class=\"elementor-element elementor-element-3dacc8d elementor-widget elementor-widget-heading\" data-id=\"3dacc8d\" data-element_type=\"widget\" data-widget_type=\"heading.default\">\n\t\t\t\t<div class=\"elementor-widget-container\">\n\t\t\t\t\t<h1 class=\"elementor-heading-title elementor-size-default\">Mentions l\u00e9gales<\/h1>\t\t\t\t<\/div>\n\t\t\t\t<\/div>\n\t\t\t\t<div class=\"elementor-element elementor-element-7f6392e elementor-widget elementor-widget-text-editor\" data-id=\"7f6392e\" data-element_type=\"widget\" data-widget_type=\"text-editor.default\">\n\t\t\t\t<div class=\"elementor-widget-container\">\n\t\t\t\t\t\t\t\t\t<p>Conform\u00e9ment \u00e0 la loi 34\/2002, du 11 juillet, sur les services de la soci\u00e9t\u00e9 de l&#039;information et du commerce \u00e9lectronique (LSSI CE), nous mettons \u00e0 la disposition des utilisateurs les donn\u00e9es de notre soci\u00e9t\u00e9, en tant que propri\u00e9taire de ce site Web :<\/p><p>\u00a0<\/p><h2><strong>DONN\u00c9ES DE L&#039;ENTREPRISE<\/strong><\/h2><ul><li>Raison sociale : Sport et Equitation SL<\/li><li>Nom commercial : Jos\u00e9 de Mora<\/li><li>Num\u00e9ro CIF\/NIF : B21197157<\/li><li>Si\u00e8ge social : Zone industrielle El Monete, B\u00e2timent 31. 21600. Valverde del Camino (Huelva)<\/li><li>Coordonn\u00e9es:<ul><li>T\u00e9l\u00e9phone : (+34) 959 55 35 46<\/li><li>Courriel : 5v@equitacionvalverde.com<\/li><\/ul><\/li><li>Enregistrements:<ul><li>Registre du commerce de Huelva.<\/li><li>Registre des Traitements conform\u00e9ment au RGPD : Clients, Fournisseurs, Employ\u00e9s et Internautes.<\/li><li>Enregistrement de domaine (site web) : https:\/\/josedemora.com<\/li><\/ul><\/li><\/ul><h2>\u00a0<\/h2><h2 class=\"accordion-header\"><strong>OBJET<\/strong><\/h2><div class=\"accordion-content\"><p>Sport y Equitaci\u00f3n SL, responsable du site Web, met \u00e0 la disposition des utilisateurs ce document avec lequel il entend se conformer aux obligations \u00e9nonc\u00e9es dans la loi 34\/2002, sur les services de la soci\u00e9t\u00e9 de l&#039;information et du commerce \u00e9lectronique (LSSI-CE), ainsi que pour informer tous les utilisateurs du site Internet concernant les conditions d&#039;utilisation de celui-ci.<\/p><p>Toute personne acc\u00e9dant \u00e0 ce site Web assume le r\u00f4le d&#039;utilisateur, s&#039;engageant \u00e0 observer et \u00e0 respecter strictement les dispositions \u00e9nonc\u00e9es ici, ainsi que toute autre disposition l\u00e9gale pouvant \u00eatre applicable.<\/p><p>Sport y Equitaci\u00f3n SL se r\u00e9serve le droit de modifier tout type d&#039;information pouvant appara\u00eetre sur le site Web, sans aucune obligation de notifier ou d&#039;informer les utilisateurs de ces obligations, la publication sur le site Web \u00e9tant consid\u00e9r\u00e9e comme suffisante.<\/p><\/div><h2>\u00a0<\/h2><h2 class=\"accordion-header\"><strong>CONDITIONS D&#039;UTILISATION<\/strong><\/h2><div class=\"accordion-content\"><p>Ce site Web contient des textes pr\u00e9par\u00e9s \u00e0 des fins purement informatives ou \u00e9ducatives, qui peuvent ne pas refl\u00e9ter l&#039;\u00e9tat actuel de la l\u00e9gislation ou de la jurisprudence, et qui se r\u00e9f\u00e8rent \u00e0 des situations g\u00e9n\u00e9rales, de sorte que leur contenu ne doit pas n\u00e9cessairement \u00eatre appliqu\u00e9 par l&#039;utilisateur \u00e0 des cas sp\u00e9cifiques. concrets.<\/p><p>Ce site Web d\u00e9taille les services offerts par Sport y Equitaci\u00f3n SL. Son utilisation implique l&#039;acceptation des conditions suivantes, sans aucune r\u00e9clamation \u00e0 leur \u00e9gard :<\/p><ol><li>L&#039;utilisation de ce site est destin\u00e9e aux personnes majeures.<\/li><li>Sport y Equitaci\u00f3n SL peut modifier le contenu du site Web, ses services, les prix des produits, les politiques d&#039;exp\u00e9dition, les retours, les garanties, etc., \u00e0 tout moment et sans pr\u00e9avis.<\/li><li>Sport y Equitaci\u00f3n SL peut mettre \u00e0 disposition de l&#039;utilisateur des liens ou d&#039;autres \u00e9l\u00e9ments permettant l&#039;acc\u00e8s \u00e0 d&#039;autres sites Web appartenant \u00e0 des tiers. Nous ne commercialisons pas les produits et services de ces pages li\u00e9es, et n&#039;assumons aucun type de responsabilit\u00e9 pour eux, ni pour les informations qui y sont contenues, ni pour leur v\u00e9racit\u00e9 ou leur l\u00e9galit\u00e9, ni pour les effets qui pourraient en d\u00e9couler. Dans tous les cas, Sport y Equitaci\u00f3n SL d\u00e9clare qu&#039;elle proc\u00e9dera au retrait imm\u00e9diat de tout contenu qui pourrait contrevenir \u00e0 la l\u00e9gislation nationale ou internationale, \u00e0 la morale ou \u00e0 l&#039;ordre public, en proc\u00e9dant au retrait imm\u00e9diat de la redirection vers ledit site Web, en portant \u00e0 l&#039;attention de les autorit\u00e9s comp\u00e9tentes le contenu en question.<\/li><li>Les prix indiqu\u00e9s sur le site sont valables sauf erreur typographique et sont susceptibles d&#039;\u00eatre modifi\u00e9s sans pr\u00e9avis.<\/li><li>Il n&#039;est pas n\u00e9cessaire de s&#039;inscrire sur le site, ni de fournir aucun type de donn\u00e9es personnelles, pour le naviguer.<\/li><li>Sport y Equitaci\u00f3n SL ne peut garantir le fonctionnement ininterrompu ou totalement sans erreur de ce site Web. Par cons\u00e9quent, nous ne sommes pas responsables des dommages caus\u00e9s par l&#039;utilisation de ce site.<\/li><li>Sport y Equitaci\u00f3n SL offre ses services et produits ind\u00e9finiment, mais peut toutefois suspendre la fourniture de ces services unilat\u00e9ralement et sans pr\u00e9avis.<\/li><li>Sport y Equitaci\u00f3n SL ne sera pas responsable des dommages, \u00e0 lui-m\u00eame ou \u00e0 des tiers, caus\u00e9s par une mauvaise utilisation de ce site Web par le client.<\/li><li>L&#039;utilisateur s&#039;engage \u00e0 ne pas utiliser ce site Web ou les services qui y sont propos\u00e9s pour effectuer des activit\u00e9s contraires \u00e0 la loi, \u00e0 l&#039;ordre public ou aux pr\u00e9sentes conditions.<\/li><li>Sport y Equitaci\u00f3n SL n&#039;est pas responsable des virus provenant d&#039;une transmission t\u00e9l\u00e9matique infiltr\u00e9e par des tiers g\u00e9n\u00e9r\u00e9s dans le but d&#039;obtenir des r\u00e9sultats n\u00e9gatifs pour un syst\u00e8me informatique.<\/li><li>Sport y Equitaci\u00f3n SL n&#039;est pas responsable des informations et contenus stock\u00e9s, \u00e0 titre d&#039;exemple mais non limit\u00e9 \u00e0, dans les forums, chats, blogs, commentaires, r\u00e9seaux sociaux ou tout autre moyen permettant \u00e0 des tiers de publier du contenu de mani\u00e8re ind\u00e9pendante sur notre site Web. Page web. Toutefois, et dans le respect des dispositions de l&#039;art. 11 et 16 de la LSSI-CE, Sport y Equitaci\u00f3n SL se met \u00e0 la disposition de tous les utilisateurs, autorit\u00e9s et forces de s\u00e9curit\u00e9, et collabore activement au retrait ou, le cas \u00e9ch\u00e9ant, au blocage de tout contenu pouvant affecter ou contrevenir \u00e0 la l\u00e9gislation nationale ou internationale, droits des tiers ou aux bonnes m\u0153urs et \u00e0 l\u2019ordre public. Si l&#039;utilisateur consid\u00e8re qu&#039;il existe un contenu sur le site Web qui pourrait \u00eatre susceptible de cette classification, veuillez en informer imm\u00e9diatement l&#039;administrateur du site Web.<\/li><li>Ce site Web a \u00e9t\u00e9 examin\u00e9 et test\u00e9 pour garantir son bon fonctionnement. En principe, le bon fonctionnement peut \u00eatre garanti 365 jours par an, 24 heures sur 24. Cependant, Sport y Equitaci\u00f3n SL n&#039;exclut pas la possibilit\u00e9 qu&#039;il puisse y avoir certaines erreurs de programmation, ou que des causes de force majeure, des catastrophes naturelles, des gr\u00e8ves ou des circonstances similaires puissent survenir qui rendent l&#039;acc\u00e8s au site Web impossible.<\/li><\/ol><p>En fin de compte, l&#039;utilisateur est seul responsable de l&#039;utilisation qu&#039;il fait des services, contenus et liens inclus dans ce site Web.<\/p><\/div><h2>\u00a0<\/h2><h2 class=\"accordion-header\"><strong>PROPRI\u00c9T\u00c9 INTELLECTUELLE<\/strong><\/h2><div class=\"accordion-content\"><p>Le site Web, y compris, mais sans s&#039;y limiter, sa programmation, son \u00e9dition, sa compilation et d&#039;autres \u00e9l\u00e9ments n\u00e9cessaires \u00e0 son fonctionnement, ses conceptions, logos, textes et\/ou graphiques sont la propri\u00e9t\u00e9 de Sport y Equitaci\u00f3n SL ou, le cas \u00e9ch\u00e9ant, il dispose d&#039;une licence ou d&#039;un droit d&#039;auteur expr\u00e8s. autorisation des auteurs.<\/p><p>Tous les contenus du site Web sont d\u00fbment prot\u00e9g\u00e9s par la r\u00e9glementation sur la propri\u00e9t\u00e9 intellectuelle et industrielle, ainsi que enregistr\u00e9s dans les registres publics correspondants, et la reproduction et\/ou la publication, en tout ou en partie, du site Web, ou son traitement n&#039;est pas autoris\u00e9e. . ordinateur, sa distribution, sa diffusion, sa modification ou sa transformation, sans autorisation \u00e9crite pr\u00e9alable.<\/p><p>Les dessins, logos, textes et\/ou graphiques n&#039;appartenant pas \u00e0 Sport y Equitaci\u00f3n SL et qui peuvent appara\u00eetre sur le site Web appartiennent \u00e0 leurs propri\u00e9taires respectifs, qui sont eux-m\u00eames responsables de toute controverse \u00e9ventuelle pouvant survenir \u00e0 leur sujet. Dans tous les cas, Sport y Equitaci\u00f3n SL dispose de l&#039;autorisation expresse et pr\u00e9alable de celle-ci. Sport y Equitaci\u00f3n SL reconna\u00eet les droits de propri\u00e9t\u00e9 industrielle et intellectuelle correspondants en faveur de ses propri\u00e9taires, et leur simple mention ou apparition sur le site Web n&#039;implique pas l&#039;existence de droits ou de responsabilit\u00e9 de la part de Sport y Equitaci\u00f3n SL sur eux, ni cela implique une approbation, un parrainage ou une recommandation de la part de celui-ci.<\/p><p>L&#039;utilisateur peut utiliser le mat\u00e9riel figurant sur ce site Web \u00e0 des fins personnelles et priv\u00e9es, bien que son utilisation \u00e0 des fins commerciales soit interdite. Sport y Equitaci\u00f3n SL veillera au respect des conditions ci-dessus, ainsi qu&#039;\u00e0 la bonne utilisation du contenu pr\u00e9sent\u00e9 sur ses pages Web, en exer\u00e7ant toutes les actions civiles et p\u00e9nales qui lui correspondent en cas de violation ou de non-respect de ces droits par l&#039;utilisateur. utilisateur.<\/p><\/div><h2>\u00a0<\/h2><h2 class=\"accordion-header\"><strong>LOI APPLICABLE ET JURIDICTION<\/strong><\/h2><div class=\"accordion-content\"><p>Les pr\u00e9sentes Conditions d&#039;utilisation du site Web sont r\u00e9gies dans chacun de leurs aspects par la loi espagnole. La langue de r\u00e9daction et d&#039;interpr\u00e9tation du pr\u00e9sent avis juridique est l&#039;espagnol. Pour la r\u00e9solution de tous les litiges ou probl\u00e8mes li\u00e9s \u00e0 ce site Web ou aux activit\u00e9s qui y sont men\u00e9es, la l\u00e9gislation espagnole s&#039;appliquera, \u00e0 laquelle les parties se soumettent express\u00e9ment, \u00e9tant comp\u00e9tentes pour la r\u00e9solution de tous les conflits d\u00e9coulant de ou li\u00e9s \u00e0 son utilisation par les tribunaux. et les Tribunaux de Huelva.<\/p><\/div>\t\t\t\t\t\t\t\t<\/div>\n\t\t\t\t<\/div>\n\t\t\t\t<\/div>\n\t\t\t\t\t<\/div>\n\t\t\t\t<\/div>\n\t\t\t\t<\/div>","protected":false},"excerpt":{"rendered":"<p>Mention l\u00e9gale Conform\u00e9ment \u00e0 la loi 34\/2002 du 11 juillet sur les services de la soci\u00e9t\u00e9 de l\u2019information [\u2026]<\/p>","protected":false},"author":2,"featured_media":0,"parent":0,"menu_order":0,"comment_status":"closed","ping_status":"closed","template":"","meta":{"_acf_changed":false,"site-sidebar-layout":"no-sidebar","site-content-layout":"","ast-site-content-layout":"full-width-container","site-content-style":"default","site-sidebar-style":"default","ast-global-header-display":"","ast-banner-title-visibility":"","ast-main-header-display":"","ast-hfb-above-header-display":"","ast-hfb-below-header-display":"","ast-hfb-mobile-header-display":"","site-post-title":"disabled","ast-breadcrumbs-content":"","ast-featured-img":"disabled","footer-sml-layout":"","theme-transparent-header-meta":"default","adv-header-id-meta":"","stick-header-meta":"","header-above-stick-meta":"","header-main-stick-meta":"","header-below-stick-meta":"","astra-migrate-meta-layouts":"set","ast-page-background-enabled":"default","ast-page-background-meta":{"desktop":{"background-color":"var(--ast-global-color-5)","background-image":"","background-repeat":"repeat","background-position":"center center","background-size":"auto","background-attachment":"scroll","background-type":"","background-media":"","overlay-type":"","overlay-color":"","overlay-opacity":"","overlay-gradient":""},"tablet":{"background-color":"","background-image":"","background-repeat":"repeat","background-position":"center center","background-size":"auto","background-attachment":"scroll","background-type":"","background-media":"","overlay-type":"","overlay-color":"","overlay-opacity":"","overlay-gradient":""},"mobile":{"background-color":"","background-image":"","background-repeat":"repeat","background-position":"center center","background-size":"auto","background-attachment":"scroll","background-type":"","background-media":"","overlay-type":"","overlay-color":"","overlay-opacity":"","overlay-gradient":""}},"ast-content-background-meta":{"desktop":{"background-color":"var(--ast-global-color-4)","background-image":"","background-repeat":"repeat","background-position":"center center","background-size":"auto","background-attachment":"scroll","background-type":"","background-media":"","overlay-type":"","overlay-color":"","overlay-opacity":"","overlay-gradient":""},"tablet":{"background-color":"var(--ast-global-color-4)","background-image":"","background-repeat":"repeat","background-position":"center center","background-size":"auto","background-attachment":"scroll","background-type":"","background-media":"","overlay-type":"","overlay-color":"","overlay-opacity":"","overlay-gradient":""},"mobile":{"background-color":"var(--ast-global-color-4)","background-image":"","background-repeat":"repeat","background-position":"center center","background-size":"auto","background-attachment":"scroll","background-type":"","background-media":"","overlay-type":"","overlay-color":"","overlay-opacity":"","overlay-gradient":""}},"footnotes":""},"class_list":["post-2282","page","type-page","status-publish","hentry"],"acf":[],"yoast_head":"<!-- This site is optimized with the Yoast SEO Premium plugin v23.5 (Yoast SEO v24.1) - https:\/\/yoast.com\/wordpress\/plugins\/seo\/ -->\n<title>Aviso legal - Jos\u00e9 de Mora<\/title>\n<meta name=\"robots\" content=\"index, follow, max-snippet:-1, max-image-preview:large, max-video-preview:-1\" \/>\n<link rel=\"canonical\" href=\"https:\/\/josedemora.com\/fr\/mentions-legales\/\" \/>\n<meta property=\"og:locale\" content=\"fr_FR\" \/>\n<meta property=\"og:type\" content=\"article\" \/>\n<meta property=\"og:title\" content=\"Aviso legal\" \/>\n<meta property=\"og:description\" content=\"Aviso legal En cumplimiento de la Ley 34\/2002, de 11 de julio, de Servicios de la Sociedad de la Informaci\u00f3n [&hellip;]\" \/>\n<meta property=\"og:url\" content=\"https:\/\/josedemora.com\/fr\/mentions-legales\/\" \/>\n<meta property=\"og:site_name\" content=\"Jos\u00e9 de Mora\" \/>\n<meta property=\"article:modified_time\" content=\"2025-02-04T06:50:18+00:00\" \/>\n<meta name=\"twitter:card\" content=\"summary_large_image\" \/>\n<meta name=\"twitter:label1\" content=\"Dur\u00e9e de lecture estim\u00e9e\" \/>\n\t<meta name=\"twitter:data1\" content=\"7 minutes\" \/>\n<script type=\"application\/ld+json\" class=\"yoast-schema-graph\">{\"@context\":\"https:\/\/schema.org\",\"@graph\":[{\"@type\":\"WebPage\",\"@id\":\"https:\/\/josedemora.com\/aviso-legal\/\",\"url\":\"https:\/\/josedemora.com\/aviso-legal\/\",\"name\":\"Aviso legal - Jos\u00e9 de Mora\",\"isPartOf\":{\"@id\":\"https:\/\/josedemora.com\/#website\"},\"datePublished\":\"2025-02-04T06:27:11+00:00\",\"dateModified\":\"2025-02-04T06:50:18+00:00\",\"breadcrumb\":{\"@id\":\"https:\/\/josedemora.com\/aviso-legal\/#breadcrumb\"},\"inLanguage\":\"fr-FR\",\"potentialAction\":[{\"@type\":\"ReadAction\",\"target\":[\"https:\/\/josedemora.com\/aviso-legal\/\"]}]},{\"@type\":\"BreadcrumbList\",\"@id\":\"https:\/\/josedemora.com\/aviso-legal\/#breadcrumb\",\"itemListElement\":[{\"@type\":\"ListItem\",\"position\":1,\"name\":\"Portada\",\"item\":\"https:\/\/josedemora.com\/\"},{\"@type\":\"ListItem\",\"position\":2,\"name\":\"Aviso legal\"}]},{\"@type\":\"WebSite\",\"@id\":\"https:\/\/josedemora.com\/#website\",\"url\":\"https:\/\/josedemora.com\/\",\"name\":\"Jos\u00e9 de Mora\",\"description\":\"\",\"potentialAction\":[{\"@type\":\"SearchAction\",\"target\":{\"@type\":\"EntryPoint\",\"urlTemplate\":\"https:\/\/josedemora.com\/?s={search_term_string}\"},\"query-input\":{\"@type\":\"PropertyValueSpecification\",\"valueRequired\":true,\"valueName\":\"search_term_string\"}}],\"inLanguage\":\"fr-FR\"}]}<\/script>\n<!-- \/ Yoast SEO Premium plugin. -->","yoast_head_json":{"title":"Aviso legal - Jos\u00e9 de Mora","robots":{"index":"index","follow":"follow","max-snippet":"max-snippet:-1","max-image-preview":"max-image-preview:large","max-video-preview":"max-video-preview:-1"},"canonical":"https:\/\/josedemora.com\/fr\/mentions-legales\/","og_locale":"fr_FR","og_type":"article","og_title":"Aviso legal","og_description":"Aviso legal En cumplimiento de la Ley 34\/2002, de 11 de julio, de Servicios de la Sociedad de la Informaci\u00f3n [&hellip;]","og_url":"https:\/\/josedemora.com\/fr\/mentions-legales\/","og_site_name":"Jos\u00e9 de Mora","article_modified_time":"2025-02-04T06:50:18+00:00","twitter_card":"summary_large_image","twitter_misc":{"Dur\u00e9e de lecture estim\u00e9e":"7 minutes"},"schema":{"@context":"https:\/\/schema.org","@graph":[{"@type":"WebPage","@id":"https:\/\/josedemora.com\/aviso-legal\/","url":"https:\/\/josedemora.com\/aviso-legal\/","name":"Aviso legal - Jos\u00e9 de Mora","isPartOf":{"@id":"https:\/\/josedemora.com\/#website"},"datePublished":"2025-02-04T06:27:11+00:00","dateModified":"2025-02-04T06:50:18+00:00","breadcrumb":{"@id":"https:\/\/josedemora.com\/aviso-legal\/#breadcrumb"},"inLanguage":"fr-FR","potentialAction":[{"@type":"ReadAction","target":["https:\/\/josedemora.com\/aviso-legal\/"]}]},{"@type":"BreadcrumbList","@id":"https:\/\/josedemora.com\/aviso-legal\/#breadcrumb","itemListElement":[{"@type":"ListItem","position":1,"name":"Portada","item":"https:\/\/josedemora.com\/"},{"@type":"ListItem","position":2,"name":"Aviso legal"}]},{"@type":"WebSite","@id":"https:\/\/josedemora.com\/#website","url":"https:\/\/josedemora.com\/","name":"Jos\u00e9 de Mora","description":"","potentialAction":[{"@type":"SearchAction","target":{"@type":"EntryPoint","urlTemplate":"https:\/\/josedemora.com\/?s={search_term_string}"},"query-input":{"@type":"PropertyValueSpecification","valueRequired":true,"valueName":"search_term_string"}}],"inLanguage":"fr-FR"}]}},"_links":{"self":[{"href":"https:\/\/josedemora.com\/fr\/wp-json\/wp\/v2\/pages\/2282","targetHints":{"allow":["GET"]}}],"collection":[{"href":"https:\/\/josedemora.com\/fr\/wp-json\/wp\/v2\/pages"}],"about":[{"href":"https:\/\/josedemora.com\/fr\/wp-json\/wp\/v2\/types\/page"}],"author":[{"embeddable":true,"href":"https:\/\/josedemora.com\/fr\/wp-json\/wp\/v2\/users\/2"}],"replies":[{"embeddable":true,"href":"https:\/\/josedemora.com\/fr\/wp-json\/wp\/v2\/comments?post=2282"}],"version-history":[{"count":7,"href":"https:\/\/josedemora.com\/fr\/wp-json\/wp\/v2\/pages\/2282\/revisions"}],"predecessor-version":[{"id":2289,"href":"https:\/\/josedemora.com\/fr\/wp-json\/wp\/v2\/pages\/2282\/revisions\/2289"}],"wp:attachment":[{"href":"https:\/\/josedemora.com\/fr\/wp-json\/wp\/v2\/media?parent=2282"}],"curies":[{"name":"wp","href":"https:\/\/api.w.org\/{rel}","templated":true}]}}