{"id":90,"date":"2025-01-08T15:05:16","date_gmt":"2025-01-08T15:05:16","guid":{"rendered":"https:\/\/josedemora.com\/?page_id=90"},"modified":"2025-02-04T06:59:16","modified_gmt":"2025-02-04T06:59:16","slug":"forma-de-pago","status":"publish","type":"page","link":"https:\/\/josedemora.com\/es\/forma-de-pago\/","title":{"rendered":"Forma de pago"},"content":{"rendered":"\t\t<div data-elementor-type=\"wp-page\" data-elementor-id=\"90\" class=\"elementor elementor-90\" data-elementor-post-type=\"page\">\n\t\t\t\t<div class=\"elementor-element elementor-element-7e993d3 e-flex e-con-boxed e-con e-parent\" data-id=\"7e993d3\" data-element_type=\"container\">\n\t\t\t\t\t<div class=\"e-con-inner\">\n\t\t<div class=\"elementor-element elementor-element-2ab3156 e-con-full e-flex e-con e-child\" data-id=\"2ab3156\" data-element_type=\"container\">\n\t\t\t\t<div class=\"elementor-element elementor-element-45131bf elementor-align-left elementor-widget elementor-widget-breadcrumbs\" data-id=\"45131bf\" data-element_type=\"widget\" data-widget_type=\"breadcrumbs.default\">\n\t\t\t\t<div class=\"elementor-widget-container\">\n\t\t\t\t\t<p id=\"breadcrumbs\"><span><span><a href=\"https:\/\/josedemora.com\/\">Portada<\/a><\/span><\/span><\/p>\t\t\t\t<\/div>\n\t\t\t\t<\/div>\n\t\t\t\t<\/div>\n\t\t\t\t\t<\/div>\n\t\t\t\t<\/div>\n\t\t<div class=\"elementor-element elementor-element-e9ab118 e-flex e-con-boxed e-con e-parent\" data-id=\"e9ab118\" data-element_type=\"container\">\n\t\t\t\t\t<div class=\"e-con-inner\">\n\t\t<div class=\"elementor-element elementor-element-b41cbf9 e-con-full e-flex e-con e-child\" data-id=\"b41cbf9\" data-element_type=\"container\">\n\t\t\t\t<div class=\"elementor-element elementor-element-1901868 elementor-widget elementor-widget-heading\" data-id=\"1901868\" data-element_type=\"widget\" data-widget_type=\"heading.default\">\n\t\t\t\t<div class=\"elementor-widget-container\">\n\t\t\t\t\t<h1 class=\"elementor-heading-title elementor-size-default\">Forma de pago\n<\/h1>\t\t\t\t<\/div>\n\t\t\t\t<\/div>\n\t\t\t\t<div class=\"elementor-element elementor-element-96094ad elementor-widget elementor-widget-text-editor\" data-id=\"96094ad\" data-element_type=\"widget\" data-widget_type=\"text-editor.default\">\n\t\t\t\t<div class=\"elementor-widget-container\">\n\t\t\t\t\t\t\t\t\t<p>Con car\u00e1cter general, el Usuario podr\u00e1 escoger la forma de pago:<\/p><p><br><\/p>\n<p>A)&nbsp;<strong>Mediante tarjeta de cr\u00e9dito o d\u00e9bito, a trav\u00e9s de la pasarela de pagos de nuestro banco<\/strong>, para lo que facilitar\u00e1, entre otros:<\/p><p><br><\/p>\n<p>(i) nombre y apellidos;<\/p>\n<p>(ii) n\u00famero de tarjeta;<\/p>\n<p>(iii) CVV\/CVC;<\/p>\n<p>(iv) fecha de caducidad de la tarjeta;<\/p><p><br><\/p>\n<p>Puedes utilizar las siguientes tarjetas de cr\u00e9dito o d\u00e9bito: -VISA &#8211; MasterCard &#8211; Euro6000<\/p><p><br><\/p>\n<p>Una vez hayas validado toda la informaci\u00f3n sobre tu compra (art\u00edculos, modos de env\u00edo, direcci\u00f3n de entrega y de facturaci\u00f3n) aparecer\u00e1 una nueva p\u00e1gina para que elijas qu\u00e9 modalidad de pago deseas utilizar e introduzcas tus datos. En el caso de que la plataforma de pago informara de la denegaci\u00f3n de la tarjeta, se cancelar\u00e1 autom\u00e1ticamente el pedido, informando online y en el momento, al cliente de la anulaci\u00f3n como hemos comentado anteriormente.<\/p><p><br><\/p>\n<p>Los datos de tu tarjeta no se guardar\u00e1n en nuestra base de datos, ya que cuando se rellenan ser\u00e1n en la web segura de la entidad bancaria elegida.<\/p><p><br><\/p>\n<p>Los datos de tu tarjeta est\u00e1n protegidos en todo momento gracias a los servidores seguros de las entidades bancarias que usan una encriptaci\u00f3n SSL en sus comunicaciones.<\/p><p><br><\/p>\n<p>B)<strong>&nbsp;Por Apple Pay o Google Pay a trav\u00e9s de Stripe<\/strong>.<\/p><p><br><\/p>\n<p>Puedes realizar el pago de su compra a trav\u00e9s de Stripe. Al elegir Apple Pay o Google Pay como medio de pago, la direcci\u00f3n de facturaci\u00f3n indicada anteriormente ser\u00e1 ignorada, y ser\u00e1 tomada en cuenta la direcci\u00f3n registrada en su cuenta de Apple o de Google para temas de facturaci\u00f3n.<\/p><p><br><\/p>\n<p><strong>DISPOSICIONES GENERALES SOBRE EL PROCESO DE PAGO.<\/strong><\/p><p><strong><br><\/strong><\/p>\n<p>La orden de pago dada por el Usuario implica necesariamente la adhesi\u00f3n a estas Condiciones Generales as\u00ed como de las condiciones particulares del pedido.<\/p>\n<p>Para cualquier forma de pago escogida por el Usuario, todos los pagos estar\u00e1n sujetos a los t\u00e9rminos y condiciones aplicables a intervinientes o por las plataformas de pago de forma segura (p.e. Visa, Mastercad, Paypal, etc.).<\/p>\n<p>Una vez efectuado correctamente el pago, el Usuario recibir\u00e1 un correo electr\u00f3nico de confirmaci\u00f3n que acredite las condiciones esenciales de la operaci\u00f3n.<\/p>\n<p>Productos enviados a la direcci\u00f3n indicada por el Usuario.<\/p><p><br><\/p>\n<p>En cualquier caso, a trav\u00e9s del sitio web, el Usuario siempre tendr\u00e1 acceso a la informaci\u00f3n de sus pedidos y sus correspondientes facturas por las compras adquiridas.<\/p>\n<p>El Prestador, se reserva el derecho de cancelar pagos o pedidos en el caso de existir indicios de operaciones fraudulentas poniendo en conocimiento de las autoridades competentes las conductas que sean susceptibles de investigaci\u00f3n para la prevenci\u00f3n del fraude.<\/p><p><br><\/p>\n<p>En el caso de que un producto o servicio no est\u00e9 disponible despu\u00e9s de haberse realizado el pedido, el Usuario ser\u00e1 informado por correo electr\u00f3nico o tel\u00e9fono de la anulaci\u00f3n total o parcial de \u00e9ste, causando la devoluci\u00f3n total o parcial del cargo a trav\u00e9s del mismo m\u00e9todo de pago con que se realiz\u00f3 el pedido.<\/p>\t\t\t\t\t\t\t\t<\/div>\n\t\t\t\t<\/div>\n\t\t\t\t<\/div>\n\t\t\t\t\t<\/div>\n\t\t\t\t<\/div>\n\t\t\t\t<\/div>\n\t\t","protected":false},"excerpt":{"rendered":"<p>Forma de pago Con car\u00e1cter general, el Usuario podr\u00e1 escoger la forma de pago: A)&nbsp;Mediante tarjeta de cr\u00e9dito o d\u00e9bito, [&hellip;]<\/p>\n","protected":false},"author":3,"featured_media":0,"parent":0,"menu_order":0,"comment_status":"closed","ping_status":"closed","template":"","meta":{"_acf_changed":false,"site-sidebar-layout":"no-sidebar","site-content-layout":"","ast-site-content-layout":"full-width-container","site-content-style":"default","site-sidebar-style":"default","ast-global-header-display":"","ast-banner-title-visibility":"","ast-main-header-display":"","ast-hfb-above-header-display":"","ast-hfb-below-header-display":"","ast-hfb-mobile-header-display":"","site-post-title":"disabled","ast-breadcrumbs-content":"","ast-featured-img":"disabled","footer-sml-layout":"","theme-transparent-header-meta":"default","adv-header-id-meta":"","stick-header-meta":"","header-above-stick-meta":"","header-main-stick-meta":"","header-below-stick-meta":"","astra-migrate-meta-layouts":"set","ast-page-background-enabled":"default","ast-page-background-meta":{"desktop":{"background-color":"var(--ast-global-color-5)","background-image":"","background-repeat":"repeat","background-position":"center center","background-size":"auto","background-attachment":"scroll","background-type":"","background-media":"","overlay-type":"","overlay-color":"","overlay-opacity":"","overlay-gradient":""},"tablet":{"background-color":"","background-image":"","background-repeat":"repeat","background-position":"center center","background-size":"auto","background-attachment":"scroll","background-type":"","background-media":"","overlay-type":"","overlay-color":"","overlay-opacity":"","overlay-gradient":""},"mobile":{"background-color":"","background-image":"","background-repeat":"repeat","background-position":"center center","background-size":"auto","background-attachment":"scroll","background-type":"","background-media":"","overlay-type":"","overlay-color":"","overlay-opacity":"","overlay-gradient":""}},"ast-content-background-meta":{"desktop":{"background-color":"var(--ast-global-color-4)","background-image":"","background-repeat":"repeat","background-position":"center center","background-size":"auto","background-attachment":"scroll","background-type":"","background-media":"","overlay-type":"","overlay-color":"","overlay-opacity":"","overlay-gradient":""},"tablet":{"background-color":"var(--ast-global-color-4)","background-image":"","background-repeat":"repeat","background-position":"center center","background-size":"auto","background-attachment":"scroll","background-type":"","background-media":"","overlay-type":"","overlay-color":"","overlay-opacity":"","overlay-gradient":""},"mobile":{"background-color":"var(--ast-global-color-4)","background-image":"","background-repeat":"repeat","background-position":"center center","background-size":"auto","background-attachment":"scroll","background-type":"","background-media":"","overlay-type":"","overlay-color":"","overlay-opacity":"","overlay-gradient":""}},"footnotes":""},"class_list":["post-90","page","type-page","status-publish","hentry"],"acf":[],"yoast_head":"<!-- This site is optimized with the Yoast SEO Premium plugin v23.5 (Yoast SEO v24.1) - https:\/\/yoast.com\/wordpress\/plugins\/seo\/ -->\n<title>Forma de pago - Jos\u00e9 de Mora<\/title>\n<meta name=\"robots\" content=\"index, follow, max-snippet:-1, max-image-preview:large, max-video-preview:-1\" \/>\n<link rel=\"canonical\" href=\"https:\/\/josedemora.com\/es\/forma-de-pago\/\" \/>\n<meta property=\"og:locale\" content=\"es_ES\" \/>\n<meta property=\"og:type\" content=\"article\" \/>\n<meta property=\"og:title\" content=\"Forma de pago\" \/>\n<meta property=\"og:description\" content=\"Forma de pago Con car\u00e1cter general, el Usuario podr\u00e1 escoger la forma de pago: A)&nbsp;Mediante tarjeta de cr\u00e9dito o d\u00e9bito, [&hellip;]\" \/>\n<meta property=\"og:url\" content=\"https:\/\/josedemora.com\/es\/forma-de-pago\/\" \/>\n<meta property=\"og:site_name\" content=\"Jos\u00e9 de Mora\" \/>\n<meta property=\"article:modified_time\" content=\"2025-02-04T06:59:16+00:00\" \/>\n<meta name=\"twitter:card\" content=\"summary_large_image\" \/>\n<meta name=\"twitter:label1\" content=\"Tiempo de lectura\" \/>\n\t<meta name=\"twitter:data1\" content=\"3 minutos\" \/>\n<script type=\"application\/ld+json\" class=\"yoast-schema-graph\">{\"@context\":\"https:\/\/schema.org\",\"@graph\":[{\"@type\":\"WebPage\",\"@id\":\"https:\/\/josedemora.com\/es\/forma-de-pago\/\",\"url\":\"https:\/\/josedemora.com\/es\/forma-de-pago\/\",\"name\":\"Forma de pago - Jos\u00e9 de Mora\",\"isPartOf\":{\"@id\":\"https:\/\/josedemora.com\/#website\"},\"datePublished\":\"2025-01-08T15:05:16+00:00\",\"dateModified\":\"2025-02-04T06:59:16+00:00\",\"breadcrumb\":{\"@id\":\"https:\/\/josedemora.com\/es\/forma-de-pago\/#breadcrumb\"},\"inLanguage\":\"es\",\"potentialAction\":[{\"@type\":\"ReadAction\",\"target\":[\"https:\/\/josedemora.com\/es\/forma-de-pago\/\"]}]},{\"@type\":\"BreadcrumbList\",\"@id\":\"https:\/\/josedemora.com\/es\/forma-de-pago\/#breadcrumb\",\"itemListElement\":[{\"@type\":\"ListItem\",\"position\":1,\"name\":\"Portada\",\"item\":\"https:\/\/josedemora.com\/\"},{\"@type\":\"ListItem\",\"position\":2,\"name\":\"Forma de pago\"}]},{\"@type\":\"WebSite\",\"@id\":\"https:\/\/josedemora.com\/#website\",\"url\":\"https:\/\/josedemora.com\/\",\"name\":\"Jos\u00e9 de Mora\",\"description\":\"\",\"potentialAction\":[{\"@type\":\"SearchAction\",\"target\":{\"@type\":\"EntryPoint\",\"urlTemplate\":\"https:\/\/josedemora.com\/?s={search_term_string}\"},\"query-input\":{\"@type\":\"PropertyValueSpecification\",\"valueRequired\":true,\"valueName\":\"search_term_string\"}}],\"inLanguage\":\"es\"}]}<\/script>\n<!-- \/ Yoast SEO Premium plugin. -->","yoast_head_json":{"title":"Forma de pago - Jos\u00e9 de Mora","robots":{"index":"index","follow":"follow","max-snippet":"max-snippet:-1","max-image-preview":"max-image-preview:large","max-video-preview":"max-video-preview:-1"},"canonical":"https:\/\/josedemora.com\/es\/forma-de-pago\/","og_locale":"es_ES","og_type":"article","og_title":"Forma de pago","og_description":"Forma de pago Con car\u00e1cter general, el Usuario podr\u00e1 escoger la forma de pago: A)&nbsp;Mediante tarjeta de cr\u00e9dito o d\u00e9bito, [&hellip;]","og_url":"https:\/\/josedemora.com\/es\/forma-de-pago\/","og_site_name":"Jos\u00e9 de Mora","article_modified_time":"2025-02-04T06:59:16+00:00","twitter_card":"summary_large_image","twitter_misc":{"Tiempo de lectura":"3 minutos"},"schema":{"@context":"https:\/\/schema.org","@graph":[{"@type":"WebPage","@id":"https:\/\/josedemora.com\/es\/forma-de-pago\/","url":"https:\/\/josedemora.com\/es\/forma-de-pago\/","name":"Forma de pago - Jos\u00e9 de Mora","isPartOf":{"@id":"https:\/\/josedemora.com\/#website"},"datePublished":"2025-01-08T15:05:16+00:00","dateModified":"2025-02-04T06:59:16+00:00","breadcrumb":{"@id":"https:\/\/josedemora.com\/es\/forma-de-pago\/#breadcrumb"},"inLanguage":"es","potentialAction":[{"@type":"ReadAction","target":["https:\/\/josedemora.com\/es\/forma-de-pago\/"]}]},{"@type":"BreadcrumbList","@id":"https:\/\/josedemora.com\/es\/forma-de-pago\/#breadcrumb","itemListElement":[{"@type":"ListItem","position":1,"name":"Portada","item":"https:\/\/josedemora.com\/"},{"@type":"ListItem","position":2,"name":"Forma de pago"}]},{"@type":"WebSite","@id":"https:\/\/josedemora.com\/#website","url":"https:\/\/josedemora.com\/","name":"Jos\u00e9 de Mora","description":"","potentialAction":[{"@type":"SearchAction","target":{"@type":"EntryPoint","urlTemplate":"https:\/\/josedemora.com\/?s={search_term_string}"},"query-input":{"@type":"PropertyValueSpecification","valueRequired":true,"valueName":"search_term_string"}}],"inLanguage":"es"}]}},"_links":{"self":[{"href":"https:\/\/josedemora.com\/es\/wp-json\/wp\/v2\/pages\/90","targetHints":{"allow":["GET"]}}],"collection":[{"href":"https:\/\/josedemora.com\/es\/wp-json\/wp\/v2\/pages"}],"about":[{"href":"https:\/\/josedemora.com\/es\/wp-json\/wp\/v2\/types\/page"}],"author":[{"embeddable":true,"href":"https:\/\/josedemora.com\/es\/wp-json\/wp\/v2\/users\/3"}],"replies":[{"embeddable":true,"href":"https:\/\/josedemora.com\/es\/wp-json\/wp\/v2\/comments?post=90"}],"version-history":[{"count":13,"href":"https:\/\/josedemora.com\/es\/wp-json\/wp\/v2\/pages\/90\/revisions"}],"predecessor-version":[{"id":2298,"href":"https:\/\/josedemora.com\/es\/wp-json\/wp\/v2\/pages\/90\/revisions\/2298"}],"wp:attachment":[{"href":"https:\/\/josedemora.com\/es\/wp-json\/wp\/v2\/media?parent=90"}],"curies":[{"name":"wp","href":"https:\/\/api.w.org\/{rel}","templated":true}]}}