{"id":84,"date":"2025-01-08T15:04:45","date_gmt":"2025-01-08T15:04:45","guid":{"rendered":"https:\/\/josedemora.com\/?page_id=84"},"modified":"2025-02-04T07:41:05","modified_gmt":"2025-02-04T07:41:05","slug":"condiciones-de-envio","status":"publish","type":"page","link":"https:\/\/josedemora.com\/es\/condiciones-de-envio\/","title":{"rendered":"Condiciones de env\u00edo"},"content":{"rendered":"\t\t<div data-elementor-type=\"wp-page\" data-elementor-id=\"84\" class=\"elementor elementor-84\" data-elementor-post-type=\"page\">\n\t\t\t\t<div class=\"elementor-element elementor-element-3d35360 e-flex e-con-boxed e-con e-parent\" data-id=\"3d35360\" data-element_type=\"container\">\n\t\t\t\t\t<div class=\"e-con-inner\">\n\t\t<div class=\"elementor-element elementor-element-0b32610 e-con-full e-flex e-con e-child\" data-id=\"0b32610\" data-element_type=\"container\">\n\t\t\t\t<div class=\"elementor-element elementor-element-7fb3d09 elementor-align-left elementor-widget elementor-widget-breadcrumbs\" data-id=\"7fb3d09\" data-element_type=\"widget\" data-widget_type=\"breadcrumbs.default\">\n\t\t\t\t<div class=\"elementor-widget-container\">\n\t\t\t\t\t<p id=\"breadcrumbs\"><span><span><a href=\"https:\/\/josedemora.com\/\">Portada<\/a><\/span><\/span><\/p>\t\t\t\t<\/div>\n\t\t\t\t<\/div>\n\t\t\t\t<\/div>\n\t\t\t\t\t<\/div>\n\t\t\t\t<\/div>\n\t\t<div class=\"elementor-element elementor-element-8cd15a1 e-flex e-con-boxed e-con e-parent\" data-id=\"8cd15a1\" data-element_type=\"container\">\n\t\t\t\t\t<div class=\"e-con-inner\">\n\t\t<div class=\"elementor-element elementor-element-ff88731 e-con-full e-flex e-con e-child\" data-id=\"ff88731\" data-element_type=\"container\">\n\t\t\t\t<div class=\"elementor-element elementor-element-7deea01 elementor-widget elementor-widget-heading\" data-id=\"7deea01\" data-element_type=\"widget\" data-widget_type=\"heading.default\">\n\t\t\t\t<div class=\"elementor-widget-container\">\n\t\t\t\t\t<h2 class=\"elementor-heading-title elementor-size-default\">Condiciones de env\u00edo<\/h2>\t\t\t\t<\/div>\n\t\t\t\t<\/div>\n\t\t\t\t<div class=\"elementor-element elementor-element-03f9230 elementor-widget elementor-widget-text-editor\" data-id=\"03f9230\" data-element_type=\"widget\" data-widget_type=\"text-editor.default\">\n\t\t\t\t<div class=\"elementor-widget-container\">\n\t\t\t\t\t\t\t\t\t<h2 class=\"accordion-header\"><strong>1. COSTE DEL ENV\u00cdO<\/strong><\/h2><div class=\"accordion-content\"><p class=\"bottom-indent\">Los gastos de env\u00edo se establecen en los siguientes par\u00e1metros:<\/p><ul><li>Espa\u00f1a: Env\u00edos a la pen\u00ednsula gratuitos.<\/li><li>Islas Canarias: Desde: 54,45\u20ac (iva incluido).<\/li><li>Ceuta y Melilla: Desde: 29,95\u20ac (iva incluido).<\/li><li>Uni\u00f3n Europea: Desde: 29,95\u20ac (iva incluido).<\/li><li>Resto Europa: Desde: 54,45\u20ac (iva incluido).<\/li><li>Resto de Pa\u00edses (Desde):\u00a0 130\u20ac (iva incluido)<\/li><\/ul><\/div>\t\t\t\t\t\t\t\t<\/div>\n\t\t\t\t<\/div>\n\t\t\t\t<div class=\"elementor-element elementor-element-207e941 elementor-widget elementor-widget-text-editor\" data-id=\"207e941\" data-element_type=\"widget\" data-widget_type=\"text-editor.default\">\n\t\t\t\t<div class=\"elementor-widget-container\">\n\t\t\t\t\t\t\t\t\t<p class=\"accordion-header\">La \u00fanica forma de env\u00edo es a domicilio. El pedido ser\u00e1 enviado a la direcci\u00f3n que indic\u00f3 en el momento en el que hizo su compra. El prestador no garantiza la entrega en los buzones postales.<\/p>\t\t\t\t\t\t\t\t<\/div>\n\t\t\t\t<\/div>\n\t\t\t\t<div class=\"elementor-element elementor-element-34442f7 elementor-widget elementor-widget-text-editor\" data-id=\"34442f7\" data-element_type=\"widget\" data-widget_type=\"text-editor.default\">\n\t\t\t\t<div class=\"elementor-widget-container\">\n\t\t\t\t\t\t\t\t\t<div class=\"container-fluid\"><section id=\"story-content\"><div id=\"content-handler\" class=\"container\"><div class=\"inner-sep\"><div id=\"main-content-handler\"><div class=\"row-fluid\"><div class=\"span12 rs-cc\"><div class=\"tmp-content-area\"><div id=\"bd_results\"><div class=\"item-page\"><div><div id=\"accordion-container\"><h2 class=\"accordion-header\"><strong>2. PLAZO DE ENTREGA<\/strong><\/h2><div class=\"accordion-content\"><p>Entre la realizaci\u00f3n del pedido y la fecha de entrega por parte de la empresa de transportes en el domicilio indicado en el pedido, transcurrir\u00e1n:<\/p><p>&#8211;\u00a0<strong>Productos en stock<\/strong>: Los env\u00edos Nacionales se har\u00e1n en 24\/48 horas aproximadamente, y los env\u00edos internacionales, entre 7 y 10 d\u00edas. Debido al proceso de fabricaci\u00f3n artesanal de nuestros productos y la fabricaci\u00f3n de unidades limitadas de cada modelo, nuestra tienda online no muestra informaci\u00f3n sobre el stock actual disponible de cada producto. Si quiere asegurarse la fecha concreta de recepci\u00f3n antes de realizar el pedido, por favor contacte con nosotros antes de realizar el mismo en el +34 959 553 546 por correo electr\u00f3nico en\u00a0<span id=\"cloak1f0a29758213dacf741821f6d1c6a741\"><a href=\"mailto:info@equitacionvalverde.com\">info@equitacionvalverde.com<\/a><\/span>\u00a0.<\/p><p>&#8211;\u00a0<strong>Productos sin stock<\/strong>: Los env\u00edos Nacionales entre unos 25-30 d\u00edas y los env\u00edos internacionales entre 30 &#8211; 35 d\u00edas.<\/p><p class=\"bottom-indent\">La modalidad de pago escogida por Usted puede afectar a los plazos de entrega ya que influye el tiempo verificaci\u00f3n.<\/p><p class=\"bottom-indent\">En caso de que no recibiera un paquete en el plazo indicado, se llevar\u00e1 a cabo una investigaci\u00f3n junto con el transportista que podr\u00eda durar varios d\u00edas (el plazo aproximado es de catorce (14) d\u00edas h\u00e1biles). Durante este per\u00edodo, no se podr\u00e1 efectuar ning\u00fan reenv\u00edo ni reembolso del pedido.<\/p><p class=\"bottom-indent\">Le aconsejamos que al recibir su paquete verifique que todo est\u00e9 conforme con su pedido y que el embalaje del paquete est\u00e9 en perfecto estado, despu\u00e9s firme con reservas e indique a mano en el albar\u00e1n de entrega del transportista si encontr\u00f3 cualquier anomal\u00eda al recibirlo. Al abrir su paquete, si encuentra que los art\u00edculos entregados no son conformes con su pedido o est\u00e9n da\u00f1ados, p\u00f3ngase en contacto con nuestro Servicio de Atenci\u00f3n al Cliente.<\/p><p class=\"bottom-indent\">\u00a0<\/p><\/div><h2 class=\"accordion-header\"><strong>3. IMPOSIBILIDAD DE ENTREGA<\/strong><\/h2><div class=\"accordion-content\"><p>Si tras dos intentos nos resulta imposible efectuar la entrega de su pedido, intentaremos buscar un lugar seguro para dejarlo. Asimismo, le dejaremos una nota indic\u00e1ndole d\u00f3nde se encuentra su pedido y c\u00f3mo hacer para recogerlo. Si no va a estar en el lugar de entrega a la hora convenida, le rogamos que se ponga en contacto con nosotros para convenir la entrega en otro d\u00eda. En caso de que transcurridos 30 d\u00edas desde que su pedido est\u00e9 disponible para su entrega, el pedido no haya sido entregado por causa no imputable a nosotros, entenderemos que desea desistir del Contrato y lo consideraremos resuelto. Como consecuencia de la resoluci\u00f3n del Contrato, le devolveremos el precio pagado por tales productos lo antes posible y, en cualquier caso, en el plazo m\u00e1ximo de 30 d\u00edas desde la fecha en que consideremos resuelto el Contrato. En estos casos, estaremos autorizados a repercutirle los costes de transporte derivados del env\u00edo y de la resoluci\u00f3n del Contrato.<\/p><\/div><\/div><\/div><\/div><\/div><\/div><\/div><\/div><\/div><\/div><\/div><\/section><\/div>\t\t\t\t\t\t\t\t<\/div>\n\t\t\t\t<\/div>\n\t\t\t\t<\/div>\n\t\t\t\t\t<\/div>\n\t\t\t\t<\/div>\n\t\t\t\t<\/div>\n\t\t","protected":false},"excerpt":{"rendered":"<p>Condiciones de env\u00edo 1. COSTE DEL ENV\u00cdO Los gastos de env\u00edo se establecen en los siguientes par\u00e1metros: Espa\u00f1a: Env\u00edos a [&hellip;]<\/p>\n","protected":false},"author":3,"featured_media":0,"parent":0,"menu_order":0,"comment_status":"closed","ping_status":"closed","template":"","meta":{"_acf_changed":false,"site-sidebar-layout":"no-sidebar","site-content-layout":"","ast-site-content-layout":"full-width-container","site-content-style":"default","site-sidebar-style":"default","ast-global-header-display":"","ast-banner-title-visibility":"","ast-main-header-display":"","ast-hfb-above-header-display":"","ast-hfb-below-header-display":"","ast-hfb-mobile-header-display":"","site-post-title":"disabled","ast-breadcrumbs-content":"","ast-featured-img":"disabled","footer-sml-layout":"","theme-transparent-header-meta":"default","adv-header-id-meta":"","stick-header-meta":"","header-above-stick-meta":"","header-main-stick-meta":"","header-below-stick-meta":"","astra-migrate-meta-layouts":"set","ast-page-background-enabled":"default","ast-page-background-meta":{"desktop":{"background-color":"var(--ast-global-color-5)","background-image":"","background-repeat":"repeat","background-position":"center center","background-size":"auto","background-attachment":"scroll","background-type":"","background-media":"","overlay-type":"","overlay-color":"","overlay-opacity":"","overlay-gradient":""},"tablet":{"background-color":"","background-image":"","background-repeat":"repeat","background-position":"center center","background-size":"auto","background-attachment":"scroll","background-type":"","background-media":"","overlay-type":"","overlay-color":"","overlay-opacity":"","overlay-gradient":""},"mobile":{"background-color":"","background-image":"","background-repeat":"repeat","background-position":"center center","background-size":"auto","background-attachment":"scroll","background-type":"","background-media":"","overlay-type":"","overlay-color":"","overlay-opacity":"","overlay-gradient":""}},"ast-content-background-meta":{"desktop":{"background-color":"var(--ast-global-color-4)","background-image":"","background-repeat":"repeat","background-position":"center center","background-size":"auto","background-attachment":"scroll","background-type":"","background-media":"","overlay-type":"","overlay-color":"","overlay-opacity":"","overlay-gradient":""},"tablet":{"background-color":"var(--ast-global-color-4)","background-image":"","background-repeat":"repeat","background-position":"center center","background-size":"auto","background-attachment":"scroll","background-type":"","background-media":"","overlay-type":"","overlay-color":"","overlay-opacity":"","overlay-gradient":""},"mobile":{"background-color":"var(--ast-global-color-4)","background-image":"","background-repeat":"repeat","background-position":"center center","background-size":"auto","background-attachment":"scroll","background-type":"","background-media":"","overlay-type":"","overlay-color":"","overlay-opacity":"","overlay-gradient":""}},"footnotes":""},"class_list":["post-84","page","type-page","status-publish","hentry"],"acf":[],"yoast_head":"<!-- This site is optimized with the Yoast SEO Premium plugin v23.5 (Yoast SEO v24.1) - https:\/\/yoast.com\/wordpress\/plugins\/seo\/ -->\n<title>Condiciones de env\u00edo - Jos\u00e9 de Mora<\/title>\n<meta name=\"robots\" content=\"index, follow, max-snippet:-1, max-image-preview:large, max-video-preview:-1\" \/>\n<link rel=\"canonical\" href=\"https:\/\/josedemora.com\/es\/condiciones-de-envio\/\" \/>\n<meta property=\"og:locale\" content=\"es_ES\" \/>\n<meta property=\"og:type\" content=\"article\" \/>\n<meta property=\"og:title\" content=\"Condiciones de env\u00edo\" \/>\n<meta property=\"og:description\" content=\"Condiciones de env\u00edo 1. COSTE DEL ENV\u00cdO Los gastos de env\u00edo se establecen en los siguientes par\u00e1metros: Espa\u00f1a: Env\u00edos a [&hellip;]\" \/>\n<meta property=\"og:url\" content=\"https:\/\/josedemora.com\/es\/condiciones-de-envio\/\" \/>\n<meta property=\"og:site_name\" content=\"Jos\u00e9 de Mora\" \/>\n<meta property=\"article:modified_time\" content=\"2025-02-04T07:41:05+00:00\" \/>\n<meta name=\"twitter:card\" content=\"summary_large_image\" \/>\n<meta name=\"twitter:label1\" content=\"Tiempo de lectura\" \/>\n\t<meta name=\"twitter:data1\" content=\"3 minutos\" \/>\n<script type=\"application\/ld+json\" class=\"yoast-schema-graph\">{\"@context\":\"https:\/\/schema.org\",\"@graph\":[{\"@type\":\"WebPage\",\"@id\":\"https:\/\/josedemora.com\/es\/condiciones-de-envio\/\",\"url\":\"https:\/\/josedemora.com\/es\/condiciones-de-envio\/\",\"name\":\"Condiciones de env\u00edo - Jos\u00e9 de Mora\",\"isPartOf\":{\"@id\":\"https:\/\/josedemora.com\/#website\"},\"datePublished\":\"2025-01-08T15:04:45+00:00\",\"dateModified\":\"2025-02-04T07:41:05+00:00\",\"breadcrumb\":{\"@id\":\"https:\/\/josedemora.com\/es\/condiciones-de-envio\/#breadcrumb\"},\"inLanguage\":\"es\",\"potentialAction\":[{\"@type\":\"ReadAction\",\"target\":[\"https:\/\/josedemora.com\/es\/condiciones-de-envio\/\"]}]},{\"@type\":\"BreadcrumbList\",\"@id\":\"https:\/\/josedemora.com\/es\/condiciones-de-envio\/#breadcrumb\",\"itemListElement\":[{\"@type\":\"ListItem\",\"position\":1,\"name\":\"Portada\",\"item\":\"https:\/\/josedemora.com\/\"},{\"@type\":\"ListItem\",\"position\":2,\"name\":\"Condiciones de env\u00edo\"}]},{\"@type\":\"WebSite\",\"@id\":\"https:\/\/josedemora.com\/#website\",\"url\":\"https:\/\/josedemora.com\/\",\"name\":\"Jos\u00e9 de Mora\",\"description\":\"\",\"potentialAction\":[{\"@type\":\"SearchAction\",\"target\":{\"@type\":\"EntryPoint\",\"urlTemplate\":\"https:\/\/josedemora.com\/?s={search_term_string}\"},\"query-input\":{\"@type\":\"PropertyValueSpecification\",\"valueRequired\":true,\"valueName\":\"search_term_string\"}}],\"inLanguage\":\"es\"}]}<\/script>\n<!-- \/ Yoast SEO Premium plugin. -->","yoast_head_json":{"title":"Condiciones de env\u00edo - Jos\u00e9 de Mora","robots":{"index":"index","follow":"follow","max-snippet":"max-snippet:-1","max-image-preview":"max-image-preview:large","max-video-preview":"max-video-preview:-1"},"canonical":"https:\/\/josedemora.com\/es\/condiciones-de-envio\/","og_locale":"es_ES","og_type":"article","og_title":"Condiciones de env\u00edo","og_description":"Condiciones de env\u00edo 1. COSTE DEL ENV\u00cdO Los gastos de env\u00edo se establecen en los siguientes par\u00e1metros: Espa\u00f1a: Env\u00edos a [&hellip;]","og_url":"https:\/\/josedemora.com\/es\/condiciones-de-envio\/","og_site_name":"Jos\u00e9 de Mora","article_modified_time":"2025-02-04T07:41:05+00:00","twitter_card":"summary_large_image","twitter_misc":{"Tiempo de lectura":"3 minutos"},"schema":{"@context":"https:\/\/schema.org","@graph":[{"@type":"WebPage","@id":"https:\/\/josedemora.com\/es\/condiciones-de-envio\/","url":"https:\/\/josedemora.com\/es\/condiciones-de-envio\/","name":"Condiciones de env\u00edo - Jos\u00e9 de Mora","isPartOf":{"@id":"https:\/\/josedemora.com\/#website"},"datePublished":"2025-01-08T15:04:45+00:00","dateModified":"2025-02-04T07:41:05+00:00","breadcrumb":{"@id":"https:\/\/josedemora.com\/es\/condiciones-de-envio\/#breadcrumb"},"inLanguage":"es","potentialAction":[{"@type":"ReadAction","target":["https:\/\/josedemora.com\/es\/condiciones-de-envio\/"]}]},{"@type":"BreadcrumbList","@id":"https:\/\/josedemora.com\/es\/condiciones-de-envio\/#breadcrumb","itemListElement":[{"@type":"ListItem","position":1,"name":"Portada","item":"https:\/\/josedemora.com\/"},{"@type":"ListItem","position":2,"name":"Condiciones de env\u00edo"}]},{"@type":"WebSite","@id":"https:\/\/josedemora.com\/#website","url":"https:\/\/josedemora.com\/","name":"Jos\u00e9 de Mora","description":"","potentialAction":[{"@type":"SearchAction","target":{"@type":"EntryPoint","urlTemplate":"https:\/\/josedemora.com\/?s={search_term_string}"},"query-input":{"@type":"PropertyValueSpecification","valueRequired":true,"valueName":"search_term_string"}}],"inLanguage":"es"}]}},"_links":{"self":[{"href":"https:\/\/josedemora.com\/es\/wp-json\/wp\/v2\/pages\/84","targetHints":{"allow":["GET"]}}],"collection":[{"href":"https:\/\/josedemora.com\/es\/wp-json\/wp\/v2\/pages"}],"about":[{"href":"https:\/\/josedemora.com\/es\/wp-json\/wp\/v2\/types\/page"}],"author":[{"embeddable":true,"href":"https:\/\/josedemora.com\/es\/wp-json\/wp\/v2\/users\/3"}],"replies":[{"embeddable":true,"href":"https:\/\/josedemora.com\/es\/wp-json\/wp\/v2\/comments?post=84"}],"version-history":[{"count":13,"href":"https:\/\/josedemora.com\/es\/wp-json\/wp\/v2\/pages\/84\/revisions"}],"predecessor-version":[{"id":2311,"href":"https:\/\/josedemora.com\/es\/wp-json\/wp\/v2\/pages\/84\/revisions\/2311"}],"wp:attachment":[{"href":"https:\/\/josedemora.com\/es\/wp-json\/wp\/v2\/media?parent=84"}],"curies":[{"name":"wp","href":"https:\/\/api.w.org\/{rel}","templated":true}]}}