{"id":80,"date":"2025-01-08T15:03:58","date_gmt":"2025-01-08T15:03:58","guid":{"rendered":"https:\/\/josedemora.com\/?page_id=80"},"modified":"2025-02-04T07:29:11","modified_gmt":"2025-02-04T07:29:11","slug":"politica-de-cookies","status":"publish","type":"page","link":"https:\/\/josedemora.com\/es\/politica-de-cookies\/","title":{"rendered":"Pol\u00edtica de cookies"},"content":{"rendered":"\t\t<div data-elementor-type=\"wp-page\" data-elementor-id=\"80\" class=\"elementor elementor-80\" data-elementor-post-type=\"page\">\n\t\t\t\t<div class=\"elementor-element elementor-element-06a5e78 e-flex e-con-boxed e-con e-parent\" data-id=\"06a5e78\" data-element_type=\"container\">\n\t\t\t\t\t<div class=\"e-con-inner\">\n\t\t<div class=\"elementor-element elementor-element-9160c92 e-con-full e-flex e-con e-child\" data-id=\"9160c92\" data-element_type=\"container\">\n\t\t\t\t<div class=\"elementor-element elementor-element-dce3c69 elementor-align-left elementor-widget elementor-widget-breadcrumbs\" data-id=\"dce3c69\" data-element_type=\"widget\" data-widget_type=\"breadcrumbs.default\">\n\t\t\t\t<div class=\"elementor-widget-container\">\n\t\t\t\t\t<p id=\"breadcrumbs\"><span><span><a href=\"https:\/\/josedemora.com\/\">Portada<\/a><\/span><\/span><\/p>\t\t\t\t<\/div>\n\t\t\t\t<\/div>\n\t\t\t\t<\/div>\n\t\t\t\t\t<\/div>\n\t\t\t\t<\/div>\n\t\t<div class=\"elementor-element elementor-element-64b770e e-flex e-con-boxed e-con e-parent\" data-id=\"64b770e\" data-element_type=\"container\">\n\t\t\t\t\t<div class=\"e-con-inner\">\n\t\t<div class=\"elementor-element elementor-element-31fca73 e-con-full e-flex e-con e-child\" data-id=\"31fca73\" data-element_type=\"container\">\n\t\t\t\t<div class=\"elementor-element elementor-element-3dacc8d elementor-widget elementor-widget-heading\" data-id=\"3dacc8d\" data-element_type=\"widget\" data-widget_type=\"heading.default\">\n\t\t\t\t<div class=\"elementor-widget-container\">\n\t\t\t\t\t<h2 class=\"elementor-heading-title elementor-size-default\">Pol\u00edtica de cookies<\/h2>\t\t\t\t<\/div>\n\t\t\t\t<\/div>\n\t\t\t\t<div class=\"elementor-element elementor-element-7f6392e elementor-widget elementor-widget-text-editor\" data-id=\"7f6392e\" data-element_type=\"widget\" data-widget_type=\"text-editor.default\">\n\t\t\t\t<div class=\"elementor-widget-container\">\n\t\t\t\t\t\t\t\t\t<p>El Sitio Web\u00a0<strong>josedemora.com<\/strong>\u00a0al igual que la mayor\u00eda de sitios web en internet, utiliza cookies. En josedemora.com utilizamos cookies con el objetivo de optimizar, personalizar y mejorar la experiencia del usuario en nuestro Sitio Web, adem\u00e1s de llevar un an\u00e1lisis estad\u00edstico de las visitas y de su comportamiento dentro de nuestro Sitio Web.<\/p><p>A continuaci\u00f3n, encontrar\u00e1s informaci\u00f3n detallada sobre qu\u00e9 son las \u201cCookies\u201d, qu\u00e9 tipolog\u00eda utilizamos este Sitio Web, c\u00f3mo puedes desactivarlas en tu navegador y c\u00f3mo bloquear espec\u00edficamente la instalaci\u00f3n de Cookies, a trav\u00e9s de la configuraci\u00f3n de tu navegador web.<\/p><p><strong>\u00bfQu\u00e9 son las Cookies y c\u00f3mo las utilizamos en los sitios web de Sport y Equitaci\u00f3n S.L \u00a0(josedemora.com)?<\/strong><\/p><p>Las Cookies son archivos destinados a almacenar informaci\u00f3n sobre tu visita a un determinado Sitio Web o aplicaci\u00f3n, y son instalados en tu navegador web o dispositivo (ordenador, smartphone, tableta o televisi\u00f3n conectada) por el Sitio Web o la aplicaci\u00f3n que utilizas, durante tu recorrido por las diferentes p\u00e1ginas de la web o por las diferentes secciones de la aplicaci\u00f3n.<\/p><p>Como la mayor\u00eda de los sitios en internet, el Sitio Web de Sport y Equitaci\u00f3n S.L \u00a0(josedemora.com) utilizan Cookies para:<\/p><ol><li>Asegurar que el Sitio Web funcionan correctamente.<\/li><\/ol><ol><li>Almacenar tus preferencias, carritos de la compra, idioma, etc.<\/li><\/ol><ol><li>Conocer tu experiencia de navegaci\u00f3n.<\/li><\/ol><ol><li>Recopilar informaci\u00f3n estad\u00edstica an\u00f3nima, como qu\u00e9 p\u00e1ginas has visto o cu\u00e1nto tiempo has estado en cada una de ellas.<\/li><\/ol><p>El uso de Cookies nos permite optimizar tu navegaci\u00f3n, adaptando la informaci\u00f3n y los servicios ofrecidos a tus intereses, para proporcionarte una mejor experiencia siempre que nos visites. Los sitios web de Sport y Equitaci\u00f3n S.L \u00a0(josedemora.com) utilizan Cookies para funcionar, adaptar y facilitar al m\u00e1ximo la navegaci\u00f3n del Usuario.<\/p><p>Las Cookies se asocian \u00fanicamente a un usuario an\u00f3nimo y su ordenador\/dispositivo y no proporcionan referencias que permitan conocer datos personales. En todo momento podr\u00e1s acceder a la configuraci\u00f3n de tu navegador para modificar y\/o bloquear la instalaci\u00f3n de las Cookies enviadas por los sitios web de Sport y Equitaci\u00f3n S.L \u00a0(josedemora.com), sin que ello impida al acceso a los contenidos. Sin embargo, la calidad del funcionamiento de los Servicios puede verse afectada.<\/p><p>Los Usuarios que completen el proceso de registro o hayan iniciado sesi\u00f3n con sus datos de acceso podr\u00e1n acceder a servicios personalizados y adaptados a sus preferencias seg\u00fan la informaci\u00f3n personal suministrada en el momento del registro y la almacenada en la Cookie de su navegador.<\/p><p><strong>\u00bfQu\u00e9 tipos de cookies existen?<\/strong><\/p><p>Seg\u00fan el propietario del dominio desde donde se instalan las cookies y trate los datos que se obtengan, podemos distinguir:<\/p><ul><li><strong>Cookies propias<\/strong>: Son aqu\u00e9llas que se instalan dispositivo y\/o navegador del usuario desde un dominio gestionado por el propietario del Sitio Web o la aplicaci\u00f3n en la que el usuario se encuentra y desde el que se presta el servicio solicitado por el usuario.<\/li><li>\u00a0<strong>Cookies de tercero<\/strong>: Son aqu\u00e9llas que se instalan en el dispositivo y\/o navegador del usuario desde el dominio de un tercero que no es gestionado por el propietario del Sitio Web o la aplicaci\u00f3n en la que el usuario se encuentra o que pese a haberse instalado desde el propio dominio, trata los datos de dichas cookies por cuenta de un tercero.<\/li><\/ul><p>Seg\u00fan el plazo de tiempo que permanecen activadas en el dispositivo del usuario, podemos distinguir:<\/p><ul><li><strong>Cookies de sesi\u00f3n<\/strong>: Son un tipo de cookies dise\u00f1adas para recabar y almacenar datos mientras el usuario accede a una p\u00e1gina web. Se suelen emplear para almacenar informaci\u00f3n que solo interesa conservar para la prestaci\u00f3n del servicio solicitado por el usuario en una sola ocasi\u00f3n (por ejemplo: una lista de productos adquiridos). Estas cookies se borran autom\u00e1ticamente cuando el usuario cierra su navegador.<\/li><li><strong>Cookies persistentes<\/strong>: Son un tipo de cookies en el que los datos siguen almacenados en el dispositivo y pueden ser accedidos y tratados durante un per\u00edodo definido por el responsable de la cookie, y que puede ir desde unos minutos a varios a\u00f1os.<\/li><\/ul><p>Seg\u00fan la finalidad para la que se traten los datos obtenidos a trav\u00e9s de las cookies, podemos distinguir entre:<\/p><ul><li><strong>Cookies t\u00e9cnicas<\/strong>: Son aqu\u00e9llas que permiten al usuario la navegaci\u00f3n a trav\u00e9s de una p\u00e1gina web, plataforma o aplicaci\u00f3n y la utilizaci\u00f3n de las diferentes opciones o servicios que en ella existan como, por ejemplo, controlar el tr\u00e1fico y la comunicaci\u00f3n de datos, identificar la sesi\u00f3n, acceder a partes de acceso restringido, recordar los elementos que integran un pedido, utilizar elementos de seguridad durante la navegaci\u00f3n o compartir contenidos a trav\u00e9s de redes sociales.<\/li><li><strong>Cookies de personalizaci\u00f3n<\/strong>: Son aqu\u00e9llas que permiten al usuario acceder al servicio con algunas caracter\u00edsticas de car\u00e1cter general predefinidas en funci\u00f3n de una serie de criterios en el dispositivo del usuario como por ejemplo ser\u00edan el idioma, el tipo de navegador a trav\u00e9s del cual accede al servicio, la configuraci\u00f3n regional desde donde accede al servicio, etc.<\/li><li><strong>Cookies de an\u00e1lisis<\/strong>: Son aqu\u00e9llas que permiten al responsable de las mismas, el seguimiento y an\u00e1lisis del comportamiento de los usuarios de los sitios web a los que est\u00e1n vinculadas. La informaci\u00f3n recogida mediante este tipo de cookies se utiliza en la medici\u00f3n de la actividad de los sitios web, aplicaci\u00f3n o plataforma y para la elaboraci\u00f3n de perfiles de navegaci\u00f3n de los usuarios de dichos sitios, aplicaciones y plataformas, con el fin de introducir mejoras en funci\u00f3n del an\u00e1lisis de los datos de uso que hacen los usuarios del servicio.<\/li><li><strong>Cookies publicitarias<\/strong>: Son aqu\u00e9llas que permiten la gesti\u00f3n, de la forma m\u00e1s eficaz posible, de los espacios publicitarios que, en su caso, el propietario haya incluido en una p\u00e1gina web, aplicaci\u00f3n o plataforma desde la que presta el servicio solicitado en base a criterios como el contenido editado o la frecuencia en la que se muestran los anuncios.<\/li><li><strong>Cookies de publicidad comportamental<\/strong>: Son aqu\u00e9llas que permiten la gesti\u00f3n, de la forma m\u00e1s eficaz posible, de los espacios publicitarios que, en su caso, el propietario haya incluido en una p\u00e1gina web, aplicaci\u00f3n o plataforma desde la que presta el servicio solicitado. Estas cookies almacenan informaci\u00f3n del comportamiento de los usuarios obtenida a trav\u00e9s de la observaci\u00f3n continuada de sus h\u00e1bitos de navegaci\u00f3n, lo que permite desarrollar un perfil espec\u00edfico para mostrar publicidad en funci\u00f3n de ello.<\/li><\/ul><p><strong>\u00bfPor qu\u00e9 son importantes?<\/strong><\/p><ol><li>Desde un punto de vista t\u00e9cnico, permiten el correcto funcionamiento del Sitio Web, adem\u00e1s de un funcionamiento m\u00e1s \u00e1gil y adaptado a las preferencias de los usuarios. Por ejemplo, gracias a las cookies, nuestro sitio puede recordar los productos que has almacenado en tu carrito, o permitir el acceso como usuario registrado.<\/li><\/ol><ol><li>Establecen niveles de protecci\u00f3n y seguridad que impiden o dificultan ciberataques contra el Sitio Web o sus usuarios.<\/li><\/ol><ol><li>Nos permiten conocer datos estad\u00edsticos recopilados en las Cookies para mejorar la calidad y experiencia de nuestros usuarios en el Sitio Web.<\/li><\/ol><ol><li>Eventualmente nos puede servir para optimizar la publicidad que mostramos a los usuarios dentro de nuestro Sitio Web, ofreciendo la que m\u00e1s se ajusta a sus intereses.<\/li><\/ol>\t\t\t\t\t\t\t\t<\/div>\n\t\t\t\t<\/div>\n\t\t\t\t<div class=\"elementor-element elementor-element-0e0127b elementor-widget elementor-widget-text-editor\" data-id=\"0e0127b\" data-element_type=\"widget\" data-widget_type=\"text-editor.default\">\n\t\t\t\t<div class=\"elementor-widget-container\">\n\t\t\t\t\t\t\t\t\t<p><strong>\u00bfCu\u00e1les son los diferentes tipos de Cookies que utilizamos en Sport y Equitaci\u00f3n S.L \u00a0(josedemora.com)?<\/strong><\/p>\t\t\t\t\t\t\t\t<\/div>\n\t\t\t\t<\/div>\n\t\t\t\t<div class=\"elementor-element elementor-element-d2ad89b elementor-widget elementor-widget-shortcode\" data-id=\"d2ad89b\" data-element_type=\"widget\" data-widget_type=\"shortcode.default\">\n\t\t\t\t<div class=\"elementor-widget-container\">\n\t\t\t\t\t\t\t<div class=\"elementor-shortcode\">[wcc_cookies_audit_table]<\/div>\n\t\t\t\t\t\t<\/div>\n\t\t\t\t<\/div>\n\t\t\t\t<div class=\"elementor-element elementor-element-04bd89b elementor-widget elementor-widget-text-editor\" data-id=\"04bd89b\" data-element_type=\"widget\" data-widget_type=\"text-editor.default\">\n\t\t\t\t<div class=\"elementor-widget-container\">\n\t\t\t\t\t\t\t\t\t<p>Algunos servicios de Sport y Equitaci\u00f3n S.L \u00a0(josedemora.com) pueden utilizar conectores con diversas redes sociales: Facebook, Twitter, Google+, Linkedin, etc. Al utilizar el registro social, autorizas a la red social a almacenar una Cookie persistente. Esta Cookie recuerda tu identificaci\u00f3n en el servicio, haciendo mucho m\u00e1s r\u00e1pido el acceso en siguientes visitas. Esta Cookie puede ser eliminada, y adem\u00e1s, puedes anular los permisos de acceso de los servicios de Sport y Equitaci\u00f3n S.L \u00a0(josedemora.com) desde la configuraci\u00f3n de privacidad de la red social concreta.<\/p><p><strong>\u00bfC\u00f3mo puedo configurar mis Cookies?<\/strong><\/p><p>Al aceptar las cookies en nuestro aviso de cookies y continuar navegando por nuestro Sitio Web estar\u00e1 consintiendo el uso de las Cookies en las condiciones contenidas en la presente Pol\u00edtica de Cookies. Sport y Equitaci\u00f3n S.L \u00a0(josedemora.com) proporciona acceso a esta Pol\u00edtica de Cookies en el momento del acceso a nuestro sitio con el objetivo de que el usuario est\u00e9 informado, y sin perjuicio de que \u00e9ste pueda ejercer su derecho a bloquear, eliminar y rechazar el uso de Cookies en todo momento.<\/p><p>En cualquier caso, le informamos de que, dado que las Cookies son necesarias para el uso de nuestro Sitio Web, aunque puede bloquearlas o deshabilitarlas activando la configuraci\u00f3n de su navegador, que le permite rechazar la instalaci\u00f3n de todas las cookies o de algunas de ellas. La pr\u00e1ctica mayor\u00eda de los navegadores permiten advertir de la presencia de Cookies o rechazarlas autom\u00e1ticamente. Si las rechaza podr\u00e1 seguir usando nuestro Sitio Web, aunque el uso de algunos de sus servicios como la compra online podr\u00e1 ser limitado y por tanto su experiencia en nuestro Sitio Web menos satisfactoria.<\/p><p>A continuaci\u00f3n, te indicamos los links de los principales navegadores y dispositivos para que dispongas de toda la informaci\u00f3n para consultar c\u00f3mo gestionar las cookies en tu navegador.<\/p><ul><li><a href=\"http:\/\/support.google.com\/chrome\/answer\/95647?hl=es\">Google Chrome\u00a0<br \/><\/a><\/li><li><a href=\"http:\/\/support.mozilla.org\/es\/kb\/habilitar-y-deshabilitar-cookies-que-los-sitios-we\">Mozilla Firefox\u00a0<\/a><\/li><li><a href=\"http:\/\/windows.microsoft.com\/es-es\/windows-vista\/block-or-allow-cookies\">Internet Explorer\u00a0<\/a><\/li><li><a href=\"http:\/\/support.apple.com\/kb\/ph5042?viewlocale=es_es\">Safari\u00a0<\/a><\/li><li><a href=\"http:\/\/help.opera.com\/Windows\/12.10\/en\/cookies.html\">Opera\u00a0<\/a><\/li><li><a href=\"http:\/\/www.windowsphone.com\/es-es\/how-to\/wp7\/web\/changing-privacy-and-other-browser-settings\">Internet Explorer (Windows Phone)\u00a0<\/a><\/li><li><a href=\"http:\/\/support.apple.com\/kb\/ht1677?viewlocale=es_es\">Safari para IOS (iPhone y iPad)\u00a0<\/a><\/li><li><a href=\"http:\/\/support.google.com\/chrome\/answer\/2392971?hl=es\">Chrome para Android\u00a0<\/a><\/li><\/ul><p><strong>\u00a0<\/strong><\/p><p><strong>\u00bfActualizamos nuestra Pol\u00edtica de Cookies?<\/strong><\/p><p>Es posible que actualicemos la Pol\u00edtica de Cookies de nuestro Sitio Web, por ello le recomendamos revisar esta pol\u00edtica cada vez que acceda a nuestro Sitio Web con el objetivo de estar adecuadamente informado sobre c\u00f3mo y para qu\u00e9 usamos las cookies. La Pol\u00edtica de Cookies se actualiz\u00f3 por \u00faltima vez a fecha [13 de septiembre de 2018].<\/p><p><strong>Tiempo de Validez de las cookies<\/strong><\/p><ol><li>Las de sesi\u00f3n expiran cuando el Usuario abandona la p\u00e1gina o cierra el navegador, es decir, est\u00e1n activas mientras dura la visita al Sitio Web y por tanto son borradas de nuestro ordenador al abandonarlo.<br \/><br \/><\/li><li>Las permanentes expiran cuando se cumple el objetivo para el que sirven o bien cuando se borran manualmente, tienen fecha de borrado y se utilizan normalmente en proceso de compra online, personalizaciones o en el registro, para no tener que introducir nuestra contrase\u00f1a constantemente.<\/li><\/ol>\t\t\t\t\t\t\t\t<\/div>\n\t\t\t\t<\/div>\n\t\t\t\t<\/div>\n\t\t\t\t\t<\/div>\n\t\t\t\t<\/div>\n\t\t\t\t<\/div>\n\t\t","protected":false},"excerpt":{"rendered":"<p>Pol\u00edtica de cookies El Sitio Web\u00a0josedemora.com\u00a0al igual que la mayor\u00eda de sitios web en internet, utiliza cookies. En josedemora.com utilizamos [&hellip;]<\/p>\n","protected":false},"author":3,"featured_media":0,"parent":0,"menu_order":0,"comment_status":"closed","ping_status":"closed","template":"","meta":{"_acf_changed":false,"site-sidebar-layout":"no-sidebar","site-content-layout":"","ast-site-content-layout":"full-width-container","site-content-style":"default","site-sidebar-style":"default","ast-global-header-display":"","ast-banner-title-visibility":"","ast-main-header-display":"","ast-hfb-above-header-display":"","ast-hfb-below-header-display":"","ast-hfb-mobile-header-display":"","site-post-title":"disabled","ast-breadcrumbs-content":"","ast-featured-img":"disabled","footer-sml-layout":"","theme-transparent-header-meta":"default","adv-header-id-meta":"","stick-header-meta":"","header-above-stick-meta":"","header-main-stick-meta":"","header-below-stick-meta":"","astra-migrate-meta-layouts":"set","ast-page-background-enabled":"default","ast-page-background-meta":{"desktop":{"background-color":"var(--ast-global-color-5)","background-image":"","background-repeat":"repeat","background-position":"center center","background-size":"auto","background-attachment":"scroll","background-type":"","background-media":"","overlay-type":"","overlay-color":"","overlay-opacity":"","overlay-gradient":""},"tablet":{"background-color":"","background-image":"","background-repeat":"repeat","background-position":"center center","background-size":"auto","background-attachment":"scroll","background-type":"","background-media":"","overlay-type":"","overlay-color":"","overlay-opacity":"","overlay-gradient":""},"mobile":{"background-color":"","background-image":"","background-repeat":"repeat","background-position":"center center","background-size":"auto","background-attachment":"scroll","background-type":"","background-media":"","overlay-type":"","overlay-color":"","overlay-opacity":"","overlay-gradient":""}},"ast-content-background-meta":{"desktop":{"background-color":"var(--ast-global-color-4)","background-image":"","background-repeat":"repeat","background-position":"center center","background-size":"auto","background-attachment":"scroll","background-type":"","background-media":"","overlay-type":"","overlay-color":"","overlay-opacity":"","overlay-gradient":""},"tablet":{"background-color":"var(--ast-global-color-4)","background-image":"","background-repeat":"repeat","background-position":"center center","background-size":"auto","background-attachment":"scroll","background-type":"","background-media":"","overlay-type":"","overlay-color":"","overlay-opacity":"","overlay-gradient":""},"mobile":{"background-color":"var(--ast-global-color-4)","background-image":"","background-repeat":"repeat","background-position":"center center","background-size":"auto","background-attachment":"scroll","background-type":"","background-media":"","overlay-type":"","overlay-color":"","overlay-opacity":"","overlay-gradient":""}},"footnotes":""},"class_list":["post-80","page","type-page","status-publish","hentry"],"acf":[],"yoast_head":"<!-- This site is optimized with the Yoast SEO Premium plugin v23.5 (Yoast SEO v24.1) - https:\/\/yoast.com\/wordpress\/plugins\/seo\/ -->\n<title>Pol\u00edtica de cookies - Jos\u00e9 de Mora<\/title>\n<meta name=\"robots\" content=\"index, follow, max-snippet:-1, max-image-preview:large, max-video-preview:-1\" \/>\n<link rel=\"canonical\" href=\"https:\/\/josedemora.com\/es\/politica-de-cookies\/\" \/>\n<meta property=\"og:locale\" content=\"es_ES\" \/>\n<meta property=\"og:type\" content=\"article\" \/>\n<meta property=\"og:title\" content=\"Pol\u00edtica de cookies\" \/>\n<meta property=\"og:description\" content=\"Pol\u00edtica de cookies El Sitio Web\u00a0josedemora.com\u00a0al igual que la mayor\u00eda de sitios web en internet, utiliza cookies. En josedemora.com utilizamos [&hellip;]\" \/>\n<meta property=\"og:url\" content=\"https:\/\/josedemora.com\/es\/politica-de-cookies\/\" \/>\n<meta property=\"og:site_name\" content=\"Jos\u00e9 de Mora\" \/>\n<meta property=\"article:modified_time\" content=\"2025-02-04T07:29:11+00:00\" \/>\n<meta name=\"twitter:card\" content=\"summary_large_image\" \/>\n<meta name=\"twitter:label1\" content=\"Tiempo de lectura\" \/>\n\t<meta name=\"twitter:data1\" content=\"8 minutos\" \/>\n<script type=\"application\/ld+json\" class=\"yoast-schema-graph\">{\"@context\":\"https:\/\/schema.org\",\"@graph\":[{\"@type\":\"WebPage\",\"@id\":\"https:\/\/josedemora.com\/politica-de-cookies\/\",\"url\":\"https:\/\/josedemora.com\/politica-de-cookies\/\",\"name\":\"Pol\u00edtica de cookies - Jos\u00e9 de Mora\",\"isPartOf\":{\"@id\":\"https:\/\/josedemora.com\/#website\"},\"datePublished\":\"2025-01-08T15:03:58+00:00\",\"dateModified\":\"2025-02-04T07:29:11+00:00\",\"breadcrumb\":{\"@id\":\"https:\/\/josedemora.com\/politica-de-cookies\/#breadcrumb\"},\"inLanguage\":\"es\",\"potentialAction\":[{\"@type\":\"ReadAction\",\"target\":[\"https:\/\/josedemora.com\/politica-de-cookies\/\"]}]},{\"@type\":\"BreadcrumbList\",\"@id\":\"https:\/\/josedemora.com\/politica-de-cookies\/#breadcrumb\",\"itemListElement\":[{\"@type\":\"ListItem\",\"position\":1,\"name\":\"Portada\",\"item\":\"https:\/\/josedemora.com\/\"},{\"@type\":\"ListItem\",\"position\":2,\"name\":\"Pol\u00edtica de cookies\"}]},{\"@type\":\"WebSite\",\"@id\":\"https:\/\/josedemora.com\/#website\",\"url\":\"https:\/\/josedemora.com\/\",\"name\":\"Jos\u00e9 de Mora\",\"description\":\"\",\"potentialAction\":[{\"@type\":\"SearchAction\",\"target\":{\"@type\":\"EntryPoint\",\"urlTemplate\":\"https:\/\/josedemora.com\/?s={search_term_string}\"},\"query-input\":{\"@type\":\"PropertyValueSpecification\",\"valueRequired\":true,\"valueName\":\"search_term_string\"}}],\"inLanguage\":\"es\"}]}<\/script>\n<!-- \/ Yoast SEO Premium plugin. -->","yoast_head_json":{"title":"Pol\u00edtica de cookies - Jos\u00e9 de Mora","robots":{"index":"index","follow":"follow","max-snippet":"max-snippet:-1","max-image-preview":"max-image-preview:large","max-video-preview":"max-video-preview:-1"},"canonical":"https:\/\/josedemora.com\/es\/politica-de-cookies\/","og_locale":"es_ES","og_type":"article","og_title":"Pol\u00edtica de cookies","og_description":"Pol\u00edtica de cookies El Sitio Web\u00a0josedemora.com\u00a0al igual que la mayor\u00eda de sitios web en internet, utiliza cookies. En josedemora.com utilizamos [&hellip;]","og_url":"https:\/\/josedemora.com\/es\/politica-de-cookies\/","og_site_name":"Jos\u00e9 de Mora","article_modified_time":"2025-02-04T07:29:11+00:00","twitter_card":"summary_large_image","twitter_misc":{"Tiempo de lectura":"8 minutos"},"schema":{"@context":"https:\/\/schema.org","@graph":[{"@type":"WebPage","@id":"https:\/\/josedemora.com\/politica-de-cookies\/","url":"https:\/\/josedemora.com\/politica-de-cookies\/","name":"Pol\u00edtica de cookies - Jos\u00e9 de Mora","isPartOf":{"@id":"https:\/\/josedemora.com\/#website"},"datePublished":"2025-01-08T15:03:58+00:00","dateModified":"2025-02-04T07:29:11+00:00","breadcrumb":{"@id":"https:\/\/josedemora.com\/politica-de-cookies\/#breadcrumb"},"inLanguage":"es","potentialAction":[{"@type":"ReadAction","target":["https:\/\/josedemora.com\/politica-de-cookies\/"]}]},{"@type":"BreadcrumbList","@id":"https:\/\/josedemora.com\/politica-de-cookies\/#breadcrumb","itemListElement":[{"@type":"ListItem","position":1,"name":"Portada","item":"https:\/\/josedemora.com\/"},{"@type":"ListItem","position":2,"name":"Pol\u00edtica de cookies"}]},{"@type":"WebSite","@id":"https:\/\/josedemora.com\/#website","url":"https:\/\/josedemora.com\/","name":"Jos\u00e9 de Mora","description":"","potentialAction":[{"@type":"SearchAction","target":{"@type":"EntryPoint","urlTemplate":"https:\/\/josedemora.com\/?s={search_term_string}"},"query-input":{"@type":"PropertyValueSpecification","valueRequired":true,"valueName":"search_term_string"}}],"inLanguage":"es"}]}},"_links":{"self":[{"href":"https:\/\/josedemora.com\/es\/wp-json\/wp\/v2\/pages\/80","targetHints":{"allow":["GET"]}}],"collection":[{"href":"https:\/\/josedemora.com\/es\/wp-json\/wp\/v2\/pages"}],"about":[{"href":"https:\/\/josedemora.com\/es\/wp-json\/wp\/v2\/types\/page"}],"author":[{"embeddable":true,"href":"https:\/\/josedemora.com\/es\/wp-json\/wp\/v2\/users\/3"}],"replies":[{"embeddable":true,"href":"https:\/\/josedemora.com\/es\/wp-json\/wp\/v2\/comments?post=80"}],"version-history":[{"count":16,"href":"https:\/\/josedemora.com\/es\/wp-json\/wp\/v2\/pages\/80\/revisions"}],"predecessor-version":[{"id":2307,"href":"https:\/\/josedemora.com\/es\/wp-json\/wp\/v2\/pages\/80\/revisions\/2307"}],"wp:attachment":[{"href":"https:\/\/josedemora.com\/es\/wp-json\/wp\/v2\/media?parent=80"}],"curies":[{"name":"wp","href":"https:\/\/api.w.org\/{rel}","templated":true}]}}