{"id":90,"date":"2025-01-08T15:05:16","date_gmt":"2025-01-08T15:05:16","guid":{"rendered":"https:\/\/josedemora.com\/?page_id=90"},"modified":"2025-02-04T06:59:16","modified_gmt":"2025-02-04T06:59:16","slug":"forma-de-pago","status":"publish","type":"page","link":"https:\/\/josedemora.com\/en\/method-of-payment\/","title":{"rendered":"Method of payment"},"content":{"rendered":"<div data-elementor-type=\"wp-page\" data-elementor-id=\"90\" class=\"elementor elementor-90\" data-elementor-post-type=\"page\">\n\t\t\t\t<div class=\"elementor-element elementor-element-7e993d3 e-flex e-con-boxed e-con e-parent\" data-id=\"7e993d3\" data-element_type=\"container\">\n\t\t\t\t\t<div class=\"e-con-inner\">\n\t\t<div class=\"elementor-element elementor-element-2ab3156 e-con-full e-flex e-con e-child\" data-id=\"2ab3156\" data-element_type=\"container\">\n\t\t\t\t<div class=\"elementor-element elementor-element-45131bf elementor-align-left elementor-widget elementor-widget-breadcrumbs\" data-id=\"45131bf\" data-element_type=\"widget\" data-widget_type=\"breadcrumbs.default\">\n\t\t\t\t<div class=\"elementor-widget-container\">\n\t\t\t\t\t<p id=\"breadcrumbs\"><span><span><a href=\"https:\/\/josedemora.com\/en\">Front page<\/a><\/span><\/span><\/p>\t\t\t\t<\/div>\n\t\t\t\t<\/div>\n\t\t\t\t<\/div>\n\t\t\t\t\t<\/div>\n\t\t\t\t<\/div>\n\t\t<div class=\"elementor-element elementor-element-e9ab118 e-flex e-con-boxed e-con e-parent\" data-id=\"e9ab118\" data-element_type=\"container\">\n\t\t\t\t\t<div class=\"e-con-inner\">\n\t\t<div class=\"elementor-element elementor-element-b41cbf9 e-con-full e-flex e-con e-child\" data-id=\"b41cbf9\" data-element_type=\"container\">\n\t\t\t\t<div class=\"elementor-element elementor-element-1901868 elementor-widget elementor-widget-heading\" data-id=\"1901868\" data-element_type=\"widget\" data-widget_type=\"heading.default\">\n\t\t\t\t<div class=\"elementor-widget-container\">\n\t\t\t\t\t<h1 class=\"elementor-heading-title elementor-size-default\">Method of payment\n<\/h1>\t\t\t\t<\/div>\n\t\t\t\t<\/div>\n\t\t\t\t<div class=\"elementor-element elementor-element-96094ad elementor-widget elementor-widget-text-editor\" data-id=\"96094ad\" data-element_type=\"widget\" data-widget_type=\"text-editor.default\">\n\t\t\t\t<div class=\"elementor-widget-container\">\n\t\t\t\t\t\t\t\t\t<p>In general, the User may choose the payment method:<\/p><p><br><\/p>\n<p>TO)&nbsp;<strong>By credit or debit card, through our bank&#039;s payment gateway<\/strong>, which will facilitate, among others:<\/p><p><br><\/p>\n<p>(i) name and surname;<\/p>\n<p>(ii) card number;<\/p>\n<p>(iii) CVV\/CVC;<\/p>\n<p>(iv) card expiration date;<\/p><p><br><\/p>\n<p>You can use the following credit or debit cards: -VISA \u2013 MasterCard \u2013 Euro6000<\/p><p><br><\/p>\n<p>Once you have validated all the information about your purchase (items, shipping methods, delivery and billing addresses) a new page will appear for you to choose which payment method you wish to use and enter your details. In the event that the payment platform reports that the card has been refused, the order will be automatically cancelled, informing the customer of the cancellation online and immediately, as we have mentioned above.<\/p><p><br><\/p>\n<p>Your card details will not be saved in our database, as they will be filled out on the secure website of the chosen bank.<\/p><p><br><\/p>\n<p>Your card details are protected at all times thanks to the secure servers of banking entities that use SSL encryption in their communications.<\/p><p><br><\/p>\n<p>B)<strong>&nbsp;By Apple Pay or Google Pay through Stripe<\/strong>.<\/p><p><br><\/p>\n<p>You can pay for your purchase through Stripe. When choosing Apple Pay or Google Pay as your payment method, the billing address indicated above will be ignored, and the address registered in your Apple or Google account will be taken into account for billing purposes.<\/p><p><br><\/p>\n<p><strong>GENERAL PROVISIONS ON THE PAYMENT PROCESS.<\/strong><\/p><p><strong><br><\/strong><\/p>\n<p>The payment order given by the User necessarily implies adherence to these General Conditions as well as the specific conditions of the order.<\/p>\n<p>For any payment method chosen by the User, all payments will be subject to the terms and conditions applicable to the parties involved or by secure payment platforms (e.g. Visa, MasterCard, Paypal, etc.).<\/p>\n<p>Once payment has been made correctly, the User will receive a confirmation email confirming the essential conditions of the operation.<\/p>\n<p>Products sent to the address indicated by the User.<\/p><p><br><\/p>\n<p>In any case, through the website, the User will always have access to information about their orders and the corresponding invoices for the purchases made.<\/p>\n<p>The Provider reserves the right to cancel payments or orders in the event of indications of fraudulent transactions, informing the competent authorities of any conduct that may be investigated for the prevention of fraud.<\/p><p><br><\/p>\n<p>In the event that a product or service is not available after the order has been placed, the User will be informed by email or telephone of the total or partial cancellation of the order, causing the total or partial refund of the charge through the same payment method used to place the order.<\/p>\t\t\t\t\t\t\t\t<\/div>\n\t\t\t\t<\/div>\n\t\t\t\t<\/div>\n\t\t\t\t\t<\/div>\n\t\t\t\t<\/div>\n\t\t\t\t<\/div>","protected":false},"excerpt":{"rendered":"<p>Payment method In general, the User may choose the payment method: A) By credit or debit card, [\u2026]<\/p>","protected":false},"author":3,"featured_media":0,"parent":0,"menu_order":0,"comment_status":"closed","ping_status":"closed","template":"","meta":{"_acf_changed":false,"site-sidebar-layout":"no-sidebar","site-content-layout":"","ast-site-content-layout":"full-width-container","site-content-style":"default","site-sidebar-style":"default","ast-global-header-display":"","ast-banner-title-visibility":"","ast-main-header-display":"","ast-hfb-above-header-display":"","ast-hfb-below-header-display":"","ast-hfb-mobile-header-display":"","site-post-title":"disabled","ast-breadcrumbs-content":"","ast-featured-img":"disabled","footer-sml-layout":"","theme-transparent-header-meta":"default","adv-header-id-meta":"","stick-header-meta":"","header-above-stick-meta":"","header-main-stick-meta":"","header-below-stick-meta":"","astra-migrate-meta-layouts":"set","ast-page-background-enabled":"default","ast-page-background-meta":{"desktop":{"background-color":"var(--ast-global-color-5)","background-image":"","background-repeat":"repeat","background-position":"center center","background-size":"auto","background-attachment":"scroll","background-type":"","background-media":"","overlay-type":"","overlay-color":"","overlay-opacity":"","overlay-gradient":""},"tablet":{"background-color":"","background-image":"","background-repeat":"repeat","background-position":"center center","background-size":"auto","background-attachment":"scroll","background-type":"","background-media":"","overlay-type":"","overlay-color":"","overlay-opacity":"","overlay-gradient":""},"mobile":{"background-color":"","background-image":"","background-repeat":"repeat","background-position":"center center","background-size":"auto","background-attachment":"scroll","background-type":"","background-media":"","overlay-type":"","overlay-color":"","overlay-opacity":"","overlay-gradient":""}},"ast-content-background-meta":{"desktop":{"background-color":"var(--ast-global-color-4)","background-image":"","background-repeat":"repeat","background-position":"center center","background-size":"auto","background-attachment":"scroll","background-type":"","background-media":"","overlay-type":"","overlay-color":"","overlay-opacity":"","overlay-gradient":""},"tablet":{"background-color":"var(--ast-global-color-4)","background-image":"","background-repeat":"repeat","background-position":"center center","background-size":"auto","background-attachment":"scroll","background-type":"","background-media":"","overlay-type":"","overlay-color":"","overlay-opacity":"","overlay-gradient":""},"mobile":{"background-color":"var(--ast-global-color-4)","background-image":"","background-repeat":"repeat","background-position":"center center","background-size":"auto","background-attachment":"scroll","background-type":"","background-media":"","overlay-type":"","overlay-color":"","overlay-opacity":"","overlay-gradient":""}},"footnotes":""},"class_list":["post-90","page","type-page","status-publish","hentry"],"acf":[],"yoast_head":"<!-- This site is optimized with the Yoast SEO Premium plugin v23.5 (Yoast SEO v24.1) - https:\/\/yoast.com\/wordpress\/plugins\/seo\/ -->\n<title>Forma de pago - Jos\u00e9 de Mora<\/title>\n<meta name=\"robots\" content=\"index, follow, max-snippet:-1, max-image-preview:large, max-video-preview:-1\" \/>\n<link rel=\"canonical\" href=\"https:\/\/josedemora.com\/en\/method-of-payment\/\" \/>\n<meta property=\"og:locale\" content=\"en_GB\" \/>\n<meta property=\"og:type\" content=\"article\" \/>\n<meta property=\"og:title\" content=\"Forma de pago\" \/>\n<meta property=\"og:description\" content=\"Forma de pago Con car\u00e1cter general, el Usuario podr\u00e1 escoger la forma de pago: A)&nbsp;Mediante tarjeta de cr\u00e9dito o d\u00e9bito, [&hellip;]\" \/>\n<meta property=\"og:url\" content=\"https:\/\/josedemora.com\/en\/method-of-payment\/\" \/>\n<meta property=\"og:site_name\" content=\"Jos\u00e9 de Mora\" \/>\n<meta property=\"article:modified_time\" content=\"2025-02-04T06:59:16+00:00\" \/>\n<meta name=\"twitter:card\" content=\"summary_large_image\" \/>\n<meta name=\"twitter:label1\" content=\"Estimated reading time\" \/>\n\t<meta name=\"twitter:data1\" content=\"3 minutes\" \/>\n<script type=\"application\/ld+json\" class=\"yoast-schema-graph\">{\"@context\":\"https:\/\/schema.org\",\"@graph\":[{\"@type\":\"WebPage\",\"@id\":\"https:\/\/josedemora.com\/es\/forma-de-pago\/\",\"url\":\"https:\/\/josedemora.com\/es\/forma-de-pago\/\",\"name\":\"Forma de pago - Jos\u00e9 de Mora\",\"isPartOf\":{\"@id\":\"https:\/\/josedemora.com\/#website\"},\"datePublished\":\"2025-01-08T15:05:16+00:00\",\"dateModified\":\"2025-02-04T06:59:16+00:00\",\"breadcrumb\":{\"@id\":\"https:\/\/josedemora.com\/es\/forma-de-pago\/#breadcrumb\"},\"inLanguage\":\"en-GB\",\"potentialAction\":[{\"@type\":\"ReadAction\",\"target\":[\"https:\/\/josedemora.com\/es\/forma-de-pago\/\"]}]},{\"@type\":\"BreadcrumbList\",\"@id\":\"https:\/\/josedemora.com\/es\/forma-de-pago\/#breadcrumb\",\"itemListElement\":[{\"@type\":\"ListItem\",\"position\":1,\"name\":\"Portada\",\"item\":\"https:\/\/josedemora.com\/\"},{\"@type\":\"ListItem\",\"position\":2,\"name\":\"Forma de pago\"}]},{\"@type\":\"WebSite\",\"@id\":\"https:\/\/josedemora.com\/#website\",\"url\":\"https:\/\/josedemora.com\/\",\"name\":\"Jos\u00e9 de Mora\",\"description\":\"\",\"potentialAction\":[{\"@type\":\"SearchAction\",\"target\":{\"@type\":\"EntryPoint\",\"urlTemplate\":\"https:\/\/josedemora.com\/?s={search_term_string}\"},\"query-input\":{\"@type\":\"PropertyValueSpecification\",\"valueRequired\":true,\"valueName\":\"search_term_string\"}}],\"inLanguage\":\"en-GB\"}]}<\/script>\n<!-- \/ Yoast SEO Premium plugin. -->","yoast_head_json":{"title":"Forma de pago - Jos\u00e9 de Mora","robots":{"index":"index","follow":"follow","max-snippet":"max-snippet:-1","max-image-preview":"max-image-preview:large","max-video-preview":"max-video-preview:-1"},"canonical":"https:\/\/josedemora.com\/en\/method-of-payment\/","og_locale":"en_GB","og_type":"article","og_title":"Forma de pago","og_description":"Forma de pago Con car\u00e1cter general, el Usuario podr\u00e1 escoger la forma de pago: A)&nbsp;Mediante tarjeta de cr\u00e9dito o d\u00e9bito, [&hellip;]","og_url":"https:\/\/josedemora.com\/en\/method-of-payment\/","og_site_name":"Jos\u00e9 de Mora","article_modified_time":"2025-02-04T06:59:16+00:00","twitter_card":"summary_large_image","twitter_misc":{"Estimated reading time":"3 minutes"},"schema":{"@context":"https:\/\/schema.org","@graph":[{"@type":"WebPage","@id":"https:\/\/josedemora.com\/es\/forma-de-pago\/","url":"https:\/\/josedemora.com\/es\/forma-de-pago\/","name":"Forma de pago - Jos\u00e9 de Mora","isPartOf":{"@id":"https:\/\/josedemora.com\/#website"},"datePublished":"2025-01-08T15:05:16+00:00","dateModified":"2025-02-04T06:59:16+00:00","breadcrumb":{"@id":"https:\/\/josedemora.com\/es\/forma-de-pago\/#breadcrumb"},"inLanguage":"en-GB","potentialAction":[{"@type":"ReadAction","target":["https:\/\/josedemora.com\/es\/forma-de-pago\/"]}]},{"@type":"BreadcrumbList","@id":"https:\/\/josedemora.com\/es\/forma-de-pago\/#breadcrumb","itemListElement":[{"@type":"ListItem","position":1,"name":"Portada","item":"https:\/\/josedemora.com\/"},{"@type":"ListItem","position":2,"name":"Forma de pago"}]},{"@type":"WebSite","@id":"https:\/\/josedemora.com\/#website","url":"https:\/\/josedemora.com\/","name":"Jos\u00e9 de Mora","description":"","potentialAction":[{"@type":"SearchAction","target":{"@type":"EntryPoint","urlTemplate":"https:\/\/josedemora.com\/?s={search_term_string}"},"query-input":{"@type":"PropertyValueSpecification","valueRequired":true,"valueName":"search_term_string"}}],"inLanguage":"en-GB"}]}},"_links":{"self":[{"href":"https:\/\/josedemora.com\/en\/wp-json\/wp\/v2\/pages\/90","targetHints":{"allow":["GET"]}}],"collection":[{"href":"https:\/\/josedemora.com\/en\/wp-json\/wp\/v2\/pages"}],"about":[{"href":"https:\/\/josedemora.com\/en\/wp-json\/wp\/v2\/types\/page"}],"author":[{"embeddable":true,"href":"https:\/\/josedemora.com\/en\/wp-json\/wp\/v2\/users\/3"}],"replies":[{"embeddable":true,"href":"https:\/\/josedemora.com\/en\/wp-json\/wp\/v2\/comments?post=90"}],"version-history":[{"count":13,"href":"https:\/\/josedemora.com\/en\/wp-json\/wp\/v2\/pages\/90\/revisions"}],"predecessor-version":[{"id":2298,"href":"https:\/\/josedemora.com\/en\/wp-json\/wp\/v2\/pages\/90\/revisions\/2298"}],"wp:attachment":[{"href":"https:\/\/josedemora.com\/en\/wp-json\/wp\/v2\/media?parent=90"}],"curies":[{"name":"wp","href":"https:\/\/api.w.org\/{rel}","templated":true}]}}