{"id":88,"date":"2025-01-08T15:05:06","date_gmt":"2025-01-08T15:05:06","guid":{"rendered":"https:\/\/josedemora.com\/?page_id=88"},"modified":"2025-01-09T12:18:17","modified_gmt":"2025-01-09T12:18:17","slug":"condiciones-de-devolucion","status":"publish","type":"page","link":"https:\/\/josedemora.com\/en\/return-conditions\/","title":{"rendered":"Return conditions"},"content":{"rendered":"<div data-elementor-type=\"wp-page\" data-elementor-id=\"88\" class=\"elementor elementor-88\" data-elementor-post-type=\"page\">\n\t\t\t\t<div class=\"elementor-element elementor-element-2c43f17 e-flex e-con-boxed e-con e-parent\" data-id=\"2c43f17\" data-element_type=\"container\">\n\t\t\t\t\t<div class=\"e-con-inner\">\n\t\t<div class=\"elementor-element elementor-element-2d6bd19 e-con-full e-flex e-con e-child\" data-id=\"2d6bd19\" data-element_type=\"container\">\n\t\t\t\t<div class=\"elementor-element elementor-element-b969a17 elementor-align-left elementor-widget elementor-widget-breadcrumbs\" data-id=\"b969a17\" data-element_type=\"widget\" data-widget_type=\"breadcrumbs.default\">\n\t\t\t\t<div class=\"elementor-widget-container\">\n\t\t\t\t\t<p id=\"breadcrumbs\"><span><span><a href=\"https:\/\/josedemora.com\/en\">Front page<\/a><\/span><\/span><\/p>\t\t\t\t<\/div>\n\t\t\t\t<\/div>\n\t\t\t\t<\/div>\n\t\t\t\t\t<\/div>\n\t\t\t\t<\/div>\n\t\t<div class=\"elementor-element elementor-element-634b328 e-flex e-con-boxed e-con e-parent\" data-id=\"634b328\" data-element_type=\"container\">\n\t\t\t\t\t<div class=\"e-con-inner\">\n\t\t<div class=\"elementor-element elementor-element-dca6884 e-con-full e-flex e-con e-child\" data-id=\"dca6884\" data-element_type=\"container\">\n\t\t\t\t<div class=\"elementor-element elementor-element-fc4b728 elementor-widget elementor-widget-heading\" data-id=\"fc4b728\" data-element_type=\"widget\" data-widget_type=\"heading.default\">\n\t\t\t\t<div class=\"elementor-widget-container\">\n\t\t\t\t\t<h2 class=\"elementor-heading-title elementor-size-default\">Return conditions<\/h2>\t\t\t\t<\/div>\n\t\t\t\t<\/div>\n\t\t<div class=\"elementor-element elementor-element-2f40680 e-con-full e-flex e-con e-child\" data-id=\"2f40680\" data-element_type=\"container\">\n\t\t\t\t<div class=\"elementor-element elementor-element-0fb525f elementor-widget elementor-widget-heading\" data-id=\"0fb525f\" data-element_type=\"widget\" data-widget_type=\"heading.default\">\n\t\t\t\t<div class=\"elementor-widget-container\">\n\t\t\t\t\t<h2 class=\"elementor-heading-title elementor-size-default\">EXCHANGE AND RETURN POLICY<\/h2>\t\t\t\t<\/div>\n\t\t\t\t<\/div>\n\t\t\t\t<\/div>\n\t\t\t\t<div class=\"elementor-element elementor-element-17f5f26 elementor-widget elementor-widget-text-editor\" data-id=\"17f5f26\" data-element_type=\"widget\" data-widget_type=\"text-editor.default\">\n\t\t\t\t<div class=\"elementor-widget-container\">\n\t\t\t\t\t\t\t\t\t<h2 class=\"accordion-header\"><strong>RETURNS EXERCISING<\/strong>\u00a0<strong>RIGHT OF WITHDRAWAL<\/strong>:<\/h2><div class=\"accordion-content\"><p>Once you have received your order, you can cancel your purchase, as long as the product has not been used or has damage or other defects that the company considers were not caused by it.<\/p><p><strong>For Standard products (not customized)<\/strong>:<\/p><ul><li>Products that have been damaged or misused by the customer cannot be returned.<\/li><li>We remind you that by exercising your right of withdrawal, the money paid for the product(s) purchased will be refunded\/the purchase amount will be included. The shipping costs of the product will not be refunded, if applicable. Likewise, the costs of the return will be borne by the customer.<\/li><li>The deadline to return any product is 30 calendar days.<\/li><\/ul><p><strong>For customized products<\/strong>:<\/p><ul><li>Customized products are those made at the request of the client, whether made to measure or with modifications to color, leather, sole, or others, and which are manufactured exclusively for a specific client.<\/li><li>These personalized products cannot be returned.<\/li><li>Exception: Products in which there may have been a manufacturing error on the part of the company may be returned, and this will be done free of charge for the customer.<\/li><li>The return period in any of the aforementioned cases is 30 calendar days.<\/li><\/ul><\/div><h2 class=\"accordion-header\"><strong>RETURNS OF DEFECTIVE, DAMAGED OR INCORRECT PRODUCTS<\/strong><\/h2><div class=\"accordion-content\"><p>You must ensure that:<\/p><ul><li>a) It has not been used incorrectly or negligently, has not been handled inappropriately or imprudently and has not been subjected to abnormal or harmful conditions.<\/li><\/ul><ul><li>b) It has not been involved in any accident or damaged when attempting to repair or modify it.<\/li><\/ul><ul><li>c) It has not been used in a manner contrary to that established by the manufacturer in the Product instructions.<\/li><\/ul><ul><li>d) It has not been damaged by natural wear and tear after receipt.<\/li><\/ul><p>In the event that the product does not meet any of the above requirements, we may decide, at our discretion, not to repair or replace the product or refund the amount paid and\/or we may ask you to reimburse the full costs of transport and inspection, incurred according to the current standard rates. To carry out such reimbursement, we may charge the above costs to your credit or debit card account or use the payment details provided when placing the Order.<\/p><p>In the event of a defective product, the Provider will proceed, as appropriate, to repair, replace, reduce the price or terminate the contract, procedures that will be free of charge for the consumer and user.<\/p><p>In the event that the product or its packaging has been damaged or is not in its original shipping condition, the value of the item will be depreciated.<\/p><p>This provision does not affect the rights granted to consumers by current legislation.<\/p><p>In cases where you consider that at the time of delivery the product does not comply with the provisions of the Contract, is a product damaged during shipping, or is incorrect, you must contact us immediately through our contact form, providing the details of the product as well as the damage it suffers, or by calling the number +34 959 553 546 during our customer service hours.<\/p><p>Once the return request has been examined and the appropriate checks have been made, following confirmation via email, we will proceed to collect the product from the place of delivery.<\/p><p>We will carefully examine the returned product and will inform you by email within a reasonable period of time whether the return or replacement of the item is appropriate (if applicable). The return or replacement of the item will be carried out as soon as possible and, in any case, within 14 calendar days following the date on which we send you an email confirming that the return or replacement of the item is appropriate.<\/p><p>Amounts paid for products that are returned due to proven defects will be fully refunded, including delivery costs incurred to deliver the item to you. The refund will be made using the same payment method used to pay for the purchase.<\/p><p>The rights recognized by current legislation are safeguarded.<\/p><\/div><h2 class=\"accordion-header\"><strong>RETURNS OUTSIDE THE EUROPEAN UNION:<\/strong><\/h2><div class=\"accordion-content\"><p>For returns outside the European Union, the customer must bear the return costs in all cases.<\/p><\/div><h2 class=\"accordion-header\"><strong>EXCEPTIONS TO THE RIGHT OF WITHDRAWAL:<\/strong><\/h2><div class=\"accordion-content\"><p>The right of withdrawal does not apply to the delivery of:<\/p><ul><li>Used products, with damage or other defects that the company considers were not caused by it.<\/li><\/ul><\/div><h2 class=\"accordion-header\"><strong>CUSTOMER SERVICE: HELP, SUGGESTIONS AND COMPLAINTS:<\/strong><\/h2><div class=\"accordion-content\"><p>At any time, you can contact our Customer Service by calling +34 959 553 546 \/ 667 244 636\/ 679 182 868 during business hours from 9:00 a.m. to 1:30 p.m. and from 3:30 p.m. to 6:30 p.m., Monday to Friday.<\/p><\/div>\t\t\t\t\t\t\t\t<\/div>\n\t\t\t\t<\/div>\n\t\t\t\t<\/div>\n\t\t\t\t\t<\/div>\n\t\t\t\t<\/div>\n\t\t\t\t<\/div>","protected":false},"excerpt":{"rendered":"<p>Returns Policy EXCHANGE AND RETURNS POLICY RETURNS EXERCISING THE RIGHT OF WITHDRAWAL: Once you have received your order, you can withdraw [\u2026]<\/p>","protected":false},"author":3,"featured_media":0,"parent":0,"menu_order":0,"comment_status":"closed","ping_status":"closed","template":"","meta":{"_acf_changed":false,"site-sidebar-layout":"no-sidebar","site-content-layout":"","ast-site-content-layout":"full-width-container","site-content-style":"default","site-sidebar-style":"default","ast-global-header-display":"","ast-banner-title-visibility":"","ast-main-header-display":"","ast-hfb-above-header-display":"","ast-hfb-below-header-display":"","ast-hfb-mobile-header-display":"","site-post-title":"disabled","ast-breadcrumbs-content":"","ast-featured-img":"disabled","footer-sml-layout":"","theme-transparent-header-meta":"default","adv-header-id-meta":"","stick-header-meta":"","header-above-stick-meta":"","header-main-stick-meta":"","header-below-stick-meta":"","astra-migrate-meta-layouts":"set","ast-page-background-enabled":"default","ast-page-background-meta":{"desktop":{"background-color":"var(--ast-global-color-5)","background-image":"","background-repeat":"repeat","background-position":"center center","background-size":"auto","background-attachment":"scroll","background-type":"","background-media":"","overlay-type":"","overlay-color":"","overlay-opacity":"","overlay-gradient":""},"tablet":{"background-color":"","background-image":"","background-repeat":"repeat","background-position":"center center","background-size":"auto","background-attachment":"scroll","background-type":"","background-media":"","overlay-type":"","overlay-color":"","overlay-opacity":"","overlay-gradient":""},"mobile":{"background-color":"","background-image":"","background-repeat":"repeat","background-position":"center center","background-size":"auto","background-attachment":"scroll","background-type":"","background-media":"","overlay-type":"","overlay-color":"","overlay-opacity":"","overlay-gradient":""}},"ast-content-background-meta":{"desktop":{"background-color":"var(--ast-global-color-4)","background-image":"","background-repeat":"repeat","background-position":"center center","background-size":"auto","background-attachment":"scroll","background-type":"","background-media":"","overlay-type":"","overlay-color":"","overlay-opacity":"","overlay-gradient":""},"tablet":{"background-color":"var(--ast-global-color-4)","background-image":"","background-repeat":"repeat","background-position":"center center","background-size":"auto","background-attachment":"scroll","background-type":"","background-media":"","overlay-type":"","overlay-color":"","overlay-opacity":"","overlay-gradient":""},"mobile":{"background-color":"var(--ast-global-color-4)","background-image":"","background-repeat":"repeat","background-position":"center center","background-size":"auto","background-attachment":"scroll","background-type":"","background-media":"","overlay-type":"","overlay-color":"","overlay-opacity":"","overlay-gradient":""}},"footnotes":""},"class_list":["post-88","page","type-page","status-publish","hentry"],"acf":[],"yoast_head":"<!-- This site is optimized with the Yoast SEO Premium plugin v23.5 (Yoast SEO v24.1) - https:\/\/yoast.com\/wordpress\/plugins\/seo\/ -->\n<title>Condiciones de devoluci\u00f3n - Jos\u00e9 de Mora<\/title>\n<meta name=\"robots\" content=\"index, follow, max-snippet:-1, max-image-preview:large, max-video-preview:-1\" \/>\n<link rel=\"canonical\" href=\"https:\/\/josedemora.com\/en\/return-conditions\/\" \/>\n<meta property=\"og:locale\" content=\"en_GB\" \/>\n<meta property=\"og:type\" content=\"article\" \/>\n<meta property=\"og:title\" content=\"Condiciones de devoluci\u00f3n\" \/>\n<meta property=\"og:description\" content=\"Condiciones de devoluci\u00f3n POL\u00cdTICA DE CAMBIO Y DEVOLUCIONES DEVOLUCIONES\u00a0EJERCIENDO\u00a0DERECHO DE DESISTIMIENTO: Una vez que haya recibido tu pedido, puedes desistir [&hellip;]\" \/>\n<meta property=\"og:url\" content=\"https:\/\/josedemora.com\/en\/return-conditions\/\" \/>\n<meta property=\"og:site_name\" content=\"Jos\u00e9 de Mora\" \/>\n<meta property=\"article:modified_time\" content=\"2025-01-09T12:18:17+00:00\" \/>\n<meta name=\"twitter:card\" content=\"summary_large_image\" \/>\n<meta name=\"twitter:label1\" content=\"Estimated reading time\" \/>\n\t<meta name=\"twitter:data1\" content=\"4 minutes\" \/>\n<script type=\"application\/ld+json\" class=\"yoast-schema-graph\">{\"@context\":\"https:\/\/schema.org\",\"@graph\":[{\"@type\":\"WebPage\",\"@id\":\"https:\/\/josedemora.com\/condiciones-de-devolucion\/\",\"url\":\"https:\/\/josedemora.com\/condiciones-de-devolucion\/\",\"name\":\"Condiciones de devoluci\u00f3n - Jos\u00e9 de Mora\",\"isPartOf\":{\"@id\":\"https:\/\/josedemora.com\/#website\"},\"datePublished\":\"2025-01-08T15:05:06+00:00\",\"dateModified\":\"2025-01-09T12:18:17+00:00\",\"breadcrumb\":{\"@id\":\"https:\/\/josedemora.com\/condiciones-de-devolucion\/#breadcrumb\"},\"inLanguage\":\"en-GB\",\"potentialAction\":[{\"@type\":\"ReadAction\",\"target\":[\"https:\/\/josedemora.com\/condiciones-de-devolucion\/\"]}]},{\"@type\":\"BreadcrumbList\",\"@id\":\"https:\/\/josedemora.com\/condiciones-de-devolucion\/#breadcrumb\",\"itemListElement\":[{\"@type\":\"ListItem\",\"position\":1,\"name\":\"Portada\",\"item\":\"https:\/\/josedemora.com\/\"},{\"@type\":\"ListItem\",\"position\":2,\"name\":\"Condiciones de devoluci\u00f3n\"}]},{\"@type\":\"WebSite\",\"@id\":\"https:\/\/josedemora.com\/#website\",\"url\":\"https:\/\/josedemora.com\/\",\"name\":\"Jos\u00e9 de Mora\",\"description\":\"\",\"potentialAction\":[{\"@type\":\"SearchAction\",\"target\":{\"@type\":\"EntryPoint\",\"urlTemplate\":\"https:\/\/josedemora.com\/?s={search_term_string}\"},\"query-input\":{\"@type\":\"PropertyValueSpecification\",\"valueRequired\":true,\"valueName\":\"search_term_string\"}}],\"inLanguage\":\"en-GB\"}]}<\/script>\n<!-- \/ Yoast SEO Premium plugin. -->","yoast_head_json":{"title":"Condiciones de devoluci\u00f3n - Jos\u00e9 de Mora","robots":{"index":"index","follow":"follow","max-snippet":"max-snippet:-1","max-image-preview":"max-image-preview:large","max-video-preview":"max-video-preview:-1"},"canonical":"https:\/\/josedemora.com\/en\/return-conditions\/","og_locale":"en_GB","og_type":"article","og_title":"Condiciones de devoluci\u00f3n","og_description":"Condiciones de devoluci\u00f3n POL\u00cdTICA DE CAMBIO Y DEVOLUCIONES DEVOLUCIONES\u00a0EJERCIENDO\u00a0DERECHO DE DESISTIMIENTO: Una vez que haya recibido tu pedido, puedes desistir [&hellip;]","og_url":"https:\/\/josedemora.com\/en\/return-conditions\/","og_site_name":"Jos\u00e9 de Mora","article_modified_time":"2025-01-09T12:18:17+00:00","twitter_card":"summary_large_image","twitter_misc":{"Estimated reading time":"4 minutes"},"schema":{"@context":"https:\/\/schema.org","@graph":[{"@type":"WebPage","@id":"https:\/\/josedemora.com\/condiciones-de-devolucion\/","url":"https:\/\/josedemora.com\/condiciones-de-devolucion\/","name":"Condiciones de devoluci\u00f3n - Jos\u00e9 de Mora","isPartOf":{"@id":"https:\/\/josedemora.com\/#website"},"datePublished":"2025-01-08T15:05:06+00:00","dateModified":"2025-01-09T12:18:17+00:00","breadcrumb":{"@id":"https:\/\/josedemora.com\/condiciones-de-devolucion\/#breadcrumb"},"inLanguage":"en-GB","potentialAction":[{"@type":"ReadAction","target":["https:\/\/josedemora.com\/condiciones-de-devolucion\/"]}]},{"@type":"BreadcrumbList","@id":"https:\/\/josedemora.com\/condiciones-de-devolucion\/#breadcrumb","itemListElement":[{"@type":"ListItem","position":1,"name":"Portada","item":"https:\/\/josedemora.com\/"},{"@type":"ListItem","position":2,"name":"Condiciones de devoluci\u00f3n"}]},{"@type":"WebSite","@id":"https:\/\/josedemora.com\/#website","url":"https:\/\/josedemora.com\/","name":"Jos\u00e9 de Mora","description":"","potentialAction":[{"@type":"SearchAction","target":{"@type":"EntryPoint","urlTemplate":"https:\/\/josedemora.com\/?s={search_term_string}"},"query-input":{"@type":"PropertyValueSpecification","valueRequired":true,"valueName":"search_term_string"}}],"inLanguage":"en-GB"}]}},"_links":{"self":[{"href":"https:\/\/josedemora.com\/en\/wp-json\/wp\/v2\/pages\/88","targetHints":{"allow":["GET"]}}],"collection":[{"href":"https:\/\/josedemora.com\/en\/wp-json\/wp\/v2\/pages"}],"about":[{"href":"https:\/\/josedemora.com\/en\/wp-json\/wp\/v2\/types\/page"}],"author":[{"embeddable":true,"href":"https:\/\/josedemora.com\/en\/wp-json\/wp\/v2\/users\/3"}],"replies":[{"embeddable":true,"href":"https:\/\/josedemora.com\/en\/wp-json\/wp\/v2\/comments?post=88"}],"version-history":[{"count":10,"href":"https:\/\/josedemora.com\/en\/wp-json\/wp\/v2\/pages\/88\/revisions"}],"predecessor-version":[{"id":181,"href":"https:\/\/josedemora.com\/en\/wp-json\/wp\/v2\/pages\/88\/revisions\/181"}],"wp:attachment":[{"href":"https:\/\/josedemora.com\/en\/wp-json\/wp\/v2\/media?parent=88"}],"curies":[{"name":"wp","href":"https:\/\/api.w.org\/{rel}","templated":true}]}}