{"id":86,"date":"2025-01-08T15:04:56","date_gmt":"2025-01-08T15:04:56","guid":{"rendered":"https:\/\/josedemora.com\/?page_id=86"},"modified":"2025-02-04T06:56:32","modified_gmt":"2025-02-04T06:56:32","slug":"ley-de-proteccion-de-datos","status":"publish","type":"page","link":"https:\/\/josedemora.com\/en\/data-protection-law\/","title":{"rendered":"Data protection law"},"content":{"rendered":"<div data-elementor-type=\"wp-page\" data-elementor-id=\"86\" class=\"elementor elementor-86\" data-elementor-post-type=\"page\">\n\t\t\t\t<div class=\"elementor-element elementor-element-e9b2252 e-flex e-con-boxed e-con e-parent\" data-id=\"e9b2252\" data-element_type=\"container\">\n\t\t\t\t\t<div class=\"e-con-inner\">\n\t\t<div class=\"elementor-element elementor-element-bf2a2f9 e-con-full e-flex e-con e-child\" data-id=\"bf2a2f9\" data-element_type=\"container\">\n\t\t\t\t<div class=\"elementor-element elementor-element-f383b74 elementor-align-left elementor-widget elementor-widget-breadcrumbs\" data-id=\"f383b74\" data-element_type=\"widget\" data-widget_type=\"breadcrumbs.default\">\n\t\t\t\t<div class=\"elementor-widget-container\">\n\t\t\t\t\t<p id=\"breadcrumbs\"><span><span><a href=\"https:\/\/josedemora.com\/en\">Front page<\/a><\/span><\/span><\/p>\t\t\t\t<\/div>\n\t\t\t\t<\/div>\n\t\t\t\t<\/div>\n\t\t\t\t\t<\/div>\n\t\t\t\t<\/div>\n\t\t<div class=\"elementor-element elementor-element-b66d2a3 e-flex e-con-boxed e-con e-parent\" data-id=\"b66d2a3\" data-element_type=\"container\">\n\t\t\t\t\t<div class=\"e-con-inner\">\n\t\t<div class=\"elementor-element elementor-element-b33774b e-con-full e-flex e-con e-child\" data-id=\"b33774b\" data-element_type=\"container\">\n\t\t\t\t<div class=\"elementor-element elementor-element-c7c0538 elementor-widget elementor-widget-heading\" data-id=\"c7c0538\" data-element_type=\"widget\" data-widget_type=\"heading.default\">\n\t\t\t\t<div class=\"elementor-widget-container\">\n\t\t\t\t\t<h1 class=\"elementor-heading-title elementor-size-default\">Data protection law<\/h1>\t\t\t\t<\/div>\n\t\t\t\t<\/div>\n\t\t\t\t<div class=\"elementor-element elementor-element-52df164 elementor-widget elementor-widget-text-editor\" data-id=\"52df164\" data-element_type=\"widget\" data-widget_type=\"text-editor.default\">\n\t\t\t\t<div class=\"elementor-widget-container\">\n\t\t\t\t\t\t\t\t\t<p>Sport y Equitaci\u00f3n SL is deeply committed to compliance with Spanish regulations on the protection of personal data, and guarantees full compliance with the obligations set forth, as well as the implementation of the security measures provided for in both the new General Data Protection Regulation (GDPR) (EU) 2016\/679, as well as in the previous Law 15\/1999, on the Protection of Personal Data (LOPD) and its Development Regulations.<\/p>\n<p><br><\/p>\n<p><\/p>\n<p>In accordance with these regulations, Sport y Equitaci\u00f3n SL informs you that the use of our website may require that you provide us with certain personal data through registration or contact forms, or by sending emails, and that these will be processed by Sport y Equitaci\u00f3n SL. The sending of these personal data constitutes express consent to the processing of the same, although this consent is revocable.<\/p>\n<p><br><\/p>\n<p><\/p>\n<p>Through this text, we inform users regarding the treatment and protection of personal data of users and customers that may be collected by browsing, purchasing products or contracting services through its website. In this sense, Sport y Equitaci\u00f3n SL guarantees compliance with current regulations on the protection of personal data, reflected both in the new General Data Protection Regulation (GDPR) (EU) 2016\/679 and in the old Organic Law 15\/1999 of December 13, on the Protection of Personal Data and in Royal Decree 1720\/2007, of December 21, which approves the Development Regulation of the LOPD.<\/p>\n<p><br><\/p>\n<p><\/p>\n<p><strong>WHO IS THE DATA CONTROLLER?<\/strong>?<\/p>\n<p><br><\/p>\n<p><\/p>\n<p>\u2013 Company name: Sport and Equitation SL<\/p>\n<p>\u2013 Trade name: Jos\u00e9 de Mora&nbsp;<\/p>\n<p>\u2013 CIF \/ NIF: B21197157<\/p>\n<p>\u2013 Registered office: Industrial Estate El Monete, Building 31. 21600. Valverde del Camino (Huelva)<\/p>\n<p>\u2013 Security Officer: [Jos\u00e9 Mora Gonz\u00e1lez] (<span id=\"cloak3919a0ebff086f5eafb0067e8e11d3bb\"><a href=\"mailto:5v@equitacionvalverde.com\">5v@equitacionvalverde.com<\/a><\/span>)<\/p>\n<p><br><\/p>\n<p><\/p>\n<p><strong>Contact Information<\/strong>:<\/p>\n<p>\u2013 Telephone: (+34) 959 55 35 46<\/p>\n<p>\u2013 Email:&nbsp;<span id=\"cloak64ee6b89f897c6bc2d9c0541e50ebd8a\"><a href=\"mailto:5v@equitacionvalverde.com\">5v@equitacionvalverde.com<\/a><\/span><\/p>\n<p><br><\/p>\n<p><\/p>\n<p><strong>Records<\/strong>:<\/p>\n<p>\u2013 Commercial Registry of Huelva<\/p>\n<p>-Registration of Treatments in accordance with the GDPR: Clients, Suppliers, Employees and Web Users.<\/p>\n<p>-Domain registration (website): https:\/\/www.josedemora.com<\/p>\n<p><br><\/p>\n<p><\/p>\n<p><strong>WHAT IS THE PURPOSE OF THE TREATMENT?<\/strong>?<\/p>\n<p><br><\/p>\n<p><\/p>\n<p>The information that you provide us as a user of the website is used for the sole purpose of managing the services and products requested by the user. In addition to this, we may occasionally provide you with information about news, products and new services, via email or telephone contact.&nbsp;<\/p>\n<p>The automated collection and processing of personal data as a result of browsing the PORTAL pages, queries, requests, orders for products or subscription to any service(s), promotion(s) or contest(s) offered by Sport y Equitaci\u00f3n SL, is intended not only to provide the USER with a personalized experience on the Sport y Equitaci\u00f3n SL sites, but also to maintain the contractual relationship established between the two parties (including telephone contact), as well as the management, administration, provision, expansion and improvement of the services that the USER decides to subscribe to, register for or use, and to adapt said services to the preferences and tastes of the USERS.<\/p>\n<p><strong>&nbsp;<\/strong><\/p>\n<p><strong>WHAT DATA DO WE REQUEST?<\/strong><\/p>\n<p><strong><br><\/strong><\/p>\n<p><strong>Name and surname.<\/strong><\/p>\n<p><strong>DNI.<\/strong><\/p>\n<p><strong>Birthdate.<\/strong><\/p>\n<p><strong>E-mail.<\/strong><\/p>\n<p><strong>Phone.<\/strong><\/p>\n<p><strong>Postal address.<\/strong><\/p>\n<p><strong><br><\/strong><\/p>\n<p><\/p>\n<p><strong>SECURITY MEASURES<\/strong><\/p>\n<p><strong><br><\/strong><\/p>\n<p><\/p>\n<p>In compliance with current legislation on data protection, users of josedemora.com are informed that Sport y Equitaci\u00f3n SL has adopted the technical and organizational measures in accordance with the provisions of the aforementioned regulations. The personal data collected in the forms are processed solely by the staff of Sport y Equitaci\u00f3n SL at the company&#039;s facilities, or by the Data Processors established here. The appropriate security measures have been adopted for the data provided and, in addition, all technical means and measures at its disposal have been installed to prevent the loss, misuse, alteration, unauthorized access and theft of the data provided to us.<\/p>\n<p><br><\/p>\n<p><\/p>\n<p><strong>VERACITY OF THE DATA<\/strong><\/p>\n<p><strong><br><\/strong><\/p>\n<p><\/p>\n<p>The Client or User declares that all the data provided by him\/her are true and correct and undertakes to keep them updated, informing Sport y Equitaci\u00f3n SL of any changes to them. The user will be responsible for the veracity of his\/her data and will be the sole party responsible for any conflicts or disputes that may arise from the falsity of the same. It is important that, so that we can keep personal data updated, the user informs Sport y Equitaci\u00f3n SL whenever there has been any change to the same. Otherwise, we cannot be responsible for its veracity.<\/p>\n<p><br><\/p>\n<p><\/p>\n<p><strong>EXERCISE OF RIGHTS<\/strong><\/p>\n<p><strong><br><\/strong><\/p>\n<p><\/p>\n<p>Both the new General Data Protection Regulation (GDPR) and the previous Data Protection Act (LOPD) grant interested parties the possibility of exercising a series of rights related to the processing of their personal data. As long as the user&#039;s data is processed by Sport y Equitaci\u00f3n SL, they may exercise their rights. To do so, the user must contact us, providing documentation proving their identity (ID or passport), by email at&nbsp;<span id=\"cloakda3d65528df614e41175e81992b04f20\"><a href=\"mailto:info@josedemora.com\">info@josedemora.com<\/a><\/span>, or by written communication to the address&nbsp;<strong>El Monete Industrial Estate, Building 31. 21600. Huelva.<\/strong>&nbsp;Such communication must reflect the following information:<\/p>\n<p>Name and surname of the user, the request for the application, address and supporting data.<\/p>\n<p>The exercise of rights must be carried out by the user himself. However, they may be carried out by an authorised person as legal representative of the authorised party. In such case, documentation proving this representation of the interested party must be provided.<\/p>\n<p><br><\/p>\n<p>The user may request the exercise of the following rights:<\/p>\n<ul>\n<li>Right to request access to personal data.<\/li>\n<\/ul>\n<ul>\n<li>Right to request rectification (if incorrect) or deletion.<\/li>\n<\/ul>\n<ul>\n<li>Right to request limitation of processing, in which case they will only be kept by Sport y Equitaci\u00f3n SL for the exercise or defence of claims.<\/li>\n<\/ul>\n<ul>\n<li>Right to object to processing: Sport y Equitaci\u00f3n SL will stop processing your data, unless there are legitimate reasons or the exercise or defence of possible claims that require further processing.<\/li>\n<\/ul>\n<ul>\n<li>Right to data portability: if you want your data to be processed by another firm, Sport y Equitaci\u00f3n SL will facilitate the portability of your data to the new controller.<\/li>\n<\/ul>\n<p>In the event that consent has been granted for a specific purpose, the user has the right to withdraw consent at any time, without affecting the legality of the processing based on consent prior to its withdrawal.<\/p>\n<p><br><\/p>\n<p>If a user considers that there is a problem with the way Sport y Equitaci\u00f3n SL is handling their data, they can direct their claims to the data controller or to the corresponding data protection authority, the Spanish Data Protection Agency being the appropriate authority in the case of Spain.<\/p>\n<p><br><\/p>\n<p><\/p>\n<p><strong>DATA RETENTION<\/strong><\/p>\n<p><strong><br><\/strong><\/p>\n<p>Disaggregated data will be retained without a deletion period. As regards Customer data, the retention period for personal data will vary depending on the service contracted by the Customer. In any case, it will be the minimum necessary, and may be kept for up to:<\/p>\n<ul>\n<li>4 years: Law on Violations and Sanctions in the Social Order (obligations regarding membership, registration, deregistration, contributions, payment of salaries, etc.); Arts. 66 et seq. General Tax Law (accounting books, etc.)<\/li>\n<\/ul>\n<ul>\n<li>5 years: Art. 1964 Civil Code (personal actions without special term)<\/li>\n<\/ul>\n<ul>\n<li>6 years: Art. 30 Commercial Code (accounting books, invoices, etc.)<\/li>\n<\/ul>\n<ul>\n<li>10 years: Art. 25 Law on the Prevention of Money Laundering and Financing of Terrorism.<\/li>\n<\/ul>\n<p>Users of mailing lists or those uploaded by Sport y Equitaci\u00f3n SL to social media pages or profiles will be kept until the user withdraws consent.<\/p>\n<p>Candidate data (CV), if any: In the event that the candidate is not selected, Sport y Equitaci\u00f3n SL may store his\/her CV for a maximum of two years to include it in future calls for applications, unless the candidate states otherwise.<\/p>\n<p><br><\/p>\n<p><strong>DATA COLLECTION AND PROCESSING<\/strong><\/p>\n<p><strong><br><\/strong><\/p>\n<p>Sport y Equitaci\u00f3n SL is obliged to inform users of its website about the collection of personal data that may be carried out, either by sending an email or by completing the forms included on the website. In this regard, Sport y Equitaci\u00f3n SL will be considered the Controller of the data collected through the means described above.<\/p>\n<p>In turn, Sport y Equitaci\u00f3n SL informs users that the purpose of processing the data collected includes responding to requests made by users, inclusion in the contact list, the provision of products or services and the management of the commercial relationship. The operations, management and technical procedures that are carried out in an automated or non-automated manner and that enable the collection, storage, modification, transfer and other actions on personal data are considered to be the processing of personal data.<\/p>\n<p>Sport y Equitaci\u00f3n SL makes available to users a series of telematic mechanisms for the collection and processing of their personal data, for the purposes set out above. The personal data provided electronically, either through email, the contact forms on this website or online contracts, will be used for the commercial and administrative management of the company&#039;s clients and users. These data will be processed through servers managed by 1&amp;1 Internet Espa\u00f1a SLU, which is also the company providing email services, and which will therefore be considered the Data Processor. Likewise, Miguel Manuel Rodr\u00edguez Rold\u00e1n (Onlinehuelva) will also be considered the data processor as a self-employed professional who provides technical support services on the Sport y Equitaci\u00f3n SL websites.<\/p>\n<p><br><\/p>\n<p>As established by the LSSICE, Sport y Equitaci\u00f3n SL undertakes not to send commercial communications without identifying them as such. For these purposes, information sent to customers for the maintenance of the existing contractual relationship will not be considered as commercial communication.<\/p>\n<p><br><\/p>\n<p>In any case, only the data required to perform the contracted service or provide the requested products will be obtained, or to be able to adequately respond to the request for information made by the user.<\/p>\n<p><br><\/p>\n<p>Personal data will sometimes be provided through links to third party websites. In this case, Sport y Equitaci\u00f3n SL staff will not at any time have access to the personal data that the Client provides to said third parties.<\/p>\n<p><br><\/p>\n<p><\/p>\n<p><strong>DISCLOSURE OF INFORMATION TO THIRD PARTIES<\/strong><\/p>\n<p><strong><br><\/strong><\/p>\n<p>Sport y Equitaci\u00f3n SL will not transfer or communicate your data to any third party, except in cases provided for by law or when the provision of a service implies the need for a contractual relationship with a data processor, and always in accordance with the general conditions approved by the user prior to contracting the same. Thus, by contracting our services, the user accepts that some of them may be, totally or partially, subcontracted to other persons or companies, who will be considered Data Processors, as is the case of our web hosting and email service provider 1&amp;1 Internet Espa\u00f1a SLU, our web technical support manager, the self-employed professional Miguel Manuel Rodr\u00edguez Rold\u00e1n, or the transport companies MRW and GLs in charge of the delivery of our products, with whom the corresponding confidentiality agreement has been agreed, or adhered to their privacy policies, established on their respective websites. You also accept that some of the personal data collected may be provided to these Data Processors, when necessary for the effective performance of the contracted service.<\/p>\n<p>The user may refuse to transfer his\/her data to the Data Processors, by means of a written request, using any of the means previously mentioned.<\/p>\n<p><br><\/p>\n<p><strong>CONFIDENTIALITY<\/strong><\/p>\n<p><strong><br><\/strong><\/p>\n<p>The information provided by the client will, in any case, be considered confidential and may not be used for purposes other than those related to the services contracted or products purchased from Sport y Equitaci\u00f3n SL. Sport y Equitaci\u00f3n SL undertakes not to disclose or reveal information about the client&#039;s claims, the reasons for the advice requested or the duration of its relationship with the client.<\/p>\n<p><br><\/p>\n<p><\/p>\n<p><strong>VALIDITY<\/strong><\/p>\n<p><strong><br><\/strong><\/p>\n<p>This privacy and data protection policy was drafted on September 11, 2018, and may vary depending on changes in regulations and jurisprudence that may occur. It is the responsibility of the data owner to read the updated document in order to know their rights and obligations in this regard at all times.<\/p>\t\t\t\t\t\t\t\t<\/div>\n\t\t\t\t<\/div>\n\t\t\t\t<\/div>\n\t\t\t\t\t<\/div>\n\t\t\t\t<\/div>\n\t\t\t\t<\/div>","protected":false},"excerpt":{"rendered":"<p>Data Protection Act Sport y Equitaci\u00f3n SL is deeply committed to compliance with Spanish regulations [\u2026]<\/p>","protected":false},"author":3,"featured_media":0,"parent":0,"menu_order":0,"comment_status":"closed","ping_status":"closed","template":"","meta":{"_acf_changed":false,"site-sidebar-layout":"no-sidebar","site-content-layout":"","ast-site-content-layout":"full-width-container","site-content-style":"default","site-sidebar-style":"default","ast-global-header-display":"","ast-banner-title-visibility":"","ast-main-header-display":"","ast-hfb-above-header-display":"","ast-hfb-below-header-display":"","ast-hfb-mobile-header-display":"","site-post-title":"disabled","ast-breadcrumbs-content":"","ast-featured-img":"disabled","footer-sml-layout":"","theme-transparent-header-meta":"default","adv-header-id-meta":"","stick-header-meta":"","header-above-stick-meta":"","header-main-stick-meta":"","header-below-stick-meta":"","astra-migrate-meta-layouts":"set","ast-page-background-enabled":"default","ast-page-background-meta":{"desktop":{"background-color":"var(--ast-global-color-5)","background-image":"","background-repeat":"repeat","background-position":"center center","background-size":"auto","background-attachment":"scroll","background-type":"","background-media":"","overlay-type":"","overlay-color":"","overlay-opacity":"","overlay-gradient":""},"tablet":{"background-color":"","background-image":"","background-repeat":"repeat","background-position":"center center","background-size":"auto","background-attachment":"scroll","background-type":"","background-media":"","overlay-type":"","overlay-color":"","overlay-opacity":"","overlay-gradient":""},"mobile":{"background-color":"","background-image":"","background-repeat":"repeat","background-position":"center center","background-size":"auto","background-attachment":"scroll","background-type":"","background-media":"","overlay-type":"","overlay-color":"","overlay-opacity":"","overlay-gradient":""}},"ast-content-background-meta":{"desktop":{"background-color":"var(--ast-global-color-4)","background-image":"","background-repeat":"repeat","background-position":"center center","background-size":"auto","background-attachment":"scroll","background-type":"","background-media":"","overlay-type":"","overlay-color":"","overlay-opacity":"","overlay-gradient":""},"tablet":{"background-color":"var(--ast-global-color-4)","background-image":"","background-repeat":"repeat","background-position":"center center","background-size":"auto","background-attachment":"scroll","background-type":"","background-media":"","overlay-type":"","overlay-color":"","overlay-opacity":"","overlay-gradient":""},"mobile":{"background-color":"var(--ast-global-color-4)","background-image":"","background-repeat":"repeat","background-position":"center center","background-size":"auto","background-attachment":"scroll","background-type":"","background-media":"","overlay-type":"","overlay-color":"","overlay-opacity":"","overlay-gradient":""}},"footnotes":""},"class_list":["post-86","page","type-page","status-publish","hentry"],"acf":[],"yoast_head":"<!-- This site is optimized with the Yoast SEO Premium plugin v23.5 (Yoast SEO v24.1) - https:\/\/yoast.com\/wordpress\/plugins\/seo\/ -->\n<title>Ley de protecci\u00f3n de datos - Jos\u00e9 de Mora<\/title>\n<meta name=\"robots\" content=\"index, follow, max-snippet:-1, max-image-preview:large, max-video-preview:-1\" \/>\n<link rel=\"canonical\" href=\"https:\/\/josedemora.com\/en\/data-protection-law\/\" \/>\n<meta property=\"og:locale\" content=\"en_GB\" \/>\n<meta property=\"og:type\" content=\"article\" \/>\n<meta property=\"og:title\" content=\"Ley de protecci\u00f3n de datos\" \/>\n<meta property=\"og:description\" content=\"Ley de protecci\u00f3n de datos Sport y Equitaci\u00f3n S.L se encuentra profundamente comprometida con el cumplimiento de la normativa espa\u00f1ola [&hellip;]\" \/>\n<meta property=\"og:url\" content=\"https:\/\/josedemora.com\/en\/data-protection-law\/\" \/>\n<meta property=\"og:site_name\" content=\"Jos\u00e9 de Mora\" \/>\n<meta property=\"article:modified_time\" content=\"2025-02-04T06:56:32+00:00\" \/>\n<meta name=\"twitter:card\" content=\"summary_large_image\" \/>\n<meta name=\"twitter:label1\" content=\"Estimated reading time\" \/>\n\t<meta name=\"twitter:data1\" content=\"10 minutes\" \/>\n<script type=\"application\/ld+json\" class=\"yoast-schema-graph\">{\"@context\":\"https:\/\/schema.org\",\"@graph\":[{\"@type\":\"WebPage\",\"@id\":\"https:\/\/josedemora.com\/ley-de-proteccion-de-datos\/\",\"url\":\"https:\/\/josedemora.com\/ley-de-proteccion-de-datos\/\",\"name\":\"Ley de protecci\u00f3n de datos - Jos\u00e9 de Mora\",\"isPartOf\":{\"@id\":\"https:\/\/josedemora.com\/#website\"},\"datePublished\":\"2025-01-08T15:04:56+00:00\",\"dateModified\":\"2025-02-04T06:56:32+00:00\",\"breadcrumb\":{\"@id\":\"https:\/\/josedemora.com\/ley-de-proteccion-de-datos\/#breadcrumb\"},\"inLanguage\":\"en-GB\",\"potentialAction\":[{\"@type\":\"ReadAction\",\"target\":[\"https:\/\/josedemora.com\/ley-de-proteccion-de-datos\/\"]}]},{\"@type\":\"BreadcrumbList\",\"@id\":\"https:\/\/josedemora.com\/ley-de-proteccion-de-datos\/#breadcrumb\",\"itemListElement\":[{\"@type\":\"ListItem\",\"position\":1,\"name\":\"Portada\",\"item\":\"https:\/\/josedemora.com\/\"},{\"@type\":\"ListItem\",\"position\":2,\"name\":\"Ley de protecci\u00f3n de datos\"}]},{\"@type\":\"WebSite\",\"@id\":\"https:\/\/josedemora.com\/#website\",\"url\":\"https:\/\/josedemora.com\/\",\"name\":\"Jos\u00e9 de Mora\",\"description\":\"\",\"potentialAction\":[{\"@type\":\"SearchAction\",\"target\":{\"@type\":\"EntryPoint\",\"urlTemplate\":\"https:\/\/josedemora.com\/?s={search_term_string}\"},\"query-input\":{\"@type\":\"PropertyValueSpecification\",\"valueRequired\":true,\"valueName\":\"search_term_string\"}}],\"inLanguage\":\"en-GB\"}]}<\/script>\n<!-- \/ Yoast SEO Premium plugin. -->","yoast_head_json":{"title":"Ley de protecci\u00f3n de datos - Jos\u00e9 de Mora","robots":{"index":"index","follow":"follow","max-snippet":"max-snippet:-1","max-image-preview":"max-image-preview:large","max-video-preview":"max-video-preview:-1"},"canonical":"https:\/\/josedemora.com\/en\/data-protection-law\/","og_locale":"en_GB","og_type":"article","og_title":"Ley de protecci\u00f3n de datos","og_description":"Ley de protecci\u00f3n de datos Sport y Equitaci\u00f3n S.L se encuentra profundamente comprometida con el cumplimiento de la normativa espa\u00f1ola [&hellip;]","og_url":"https:\/\/josedemora.com\/en\/data-protection-law\/","og_site_name":"Jos\u00e9 de Mora","article_modified_time":"2025-02-04T06:56:32+00:00","twitter_card":"summary_large_image","twitter_misc":{"Estimated reading time":"10 minutes"},"schema":{"@context":"https:\/\/schema.org","@graph":[{"@type":"WebPage","@id":"https:\/\/josedemora.com\/ley-de-proteccion-de-datos\/","url":"https:\/\/josedemora.com\/ley-de-proteccion-de-datos\/","name":"Ley de protecci\u00f3n de datos - Jos\u00e9 de Mora","isPartOf":{"@id":"https:\/\/josedemora.com\/#website"},"datePublished":"2025-01-08T15:04:56+00:00","dateModified":"2025-02-04T06:56:32+00:00","breadcrumb":{"@id":"https:\/\/josedemora.com\/ley-de-proteccion-de-datos\/#breadcrumb"},"inLanguage":"en-GB","potentialAction":[{"@type":"ReadAction","target":["https:\/\/josedemora.com\/ley-de-proteccion-de-datos\/"]}]},{"@type":"BreadcrumbList","@id":"https:\/\/josedemora.com\/ley-de-proteccion-de-datos\/#breadcrumb","itemListElement":[{"@type":"ListItem","position":1,"name":"Portada","item":"https:\/\/josedemora.com\/"},{"@type":"ListItem","position":2,"name":"Ley de protecci\u00f3n de datos"}]},{"@type":"WebSite","@id":"https:\/\/josedemora.com\/#website","url":"https:\/\/josedemora.com\/","name":"Jos\u00e9 de Mora","description":"","potentialAction":[{"@type":"SearchAction","target":{"@type":"EntryPoint","urlTemplate":"https:\/\/josedemora.com\/?s={search_term_string}"},"query-input":{"@type":"PropertyValueSpecification","valueRequired":true,"valueName":"search_term_string"}}],"inLanguage":"en-GB"}]}},"_links":{"self":[{"href":"https:\/\/josedemora.com\/en\/wp-json\/wp\/v2\/pages\/86","targetHints":{"allow":["GET"]}}],"collection":[{"href":"https:\/\/josedemora.com\/en\/wp-json\/wp\/v2\/pages"}],"about":[{"href":"https:\/\/josedemora.com\/en\/wp-json\/wp\/v2\/types\/page"}],"author":[{"embeddable":true,"href":"https:\/\/josedemora.com\/en\/wp-json\/wp\/v2\/users\/3"}],"replies":[{"embeddable":true,"href":"https:\/\/josedemora.com\/en\/wp-json\/wp\/v2\/comments?post=86"}],"version-history":[{"count":19,"href":"https:\/\/josedemora.com\/en\/wp-json\/wp\/v2\/pages\/86\/revisions"}],"predecessor-version":[{"id":2295,"href":"https:\/\/josedemora.com\/en\/wp-json\/wp\/v2\/pages\/86\/revisions\/2295"}],"wp:attachment":[{"href":"https:\/\/josedemora.com\/en\/wp-json\/wp\/v2\/media?parent=86"}],"curies":[{"name":"wp","href":"https:\/\/api.w.org\/{rel}","templated":true}]}}